{"id":10003,"date":"2025-09-01T16:34:28","date_gmt":"2025-09-01T08:34:28","guid":{"rendered":"https:\/\/www.hvbio.com\/?post_type=product&#038;p=10003"},"modified":"2025-09-01T16:34:28","modified_gmt":"2025-09-01T08:34:28","slug":"polygonum-aviculare-extract","status":"publish","type":"product","link":"https:\/\/www.hvbio.com\/de\/produkt\/polygonum-aviculare-extract\/","title":{"rendered":"Polygonum Aviculare-Extrakt"},"content":{"rendered":"<div class=\"inter-H_fm37\">\n<div class=\"container-PvPoAn\">\n<div class=\"item-kDun2N\">\n<div class=\"container-SrVXPg chrome70-container\">\n<div class=\"inner-Qo5lJS inner-item-Nz3mG4\" data-target-id=\"message-box-target-id\" data-testid=\"union_message\">\n<div class=\"message-block-container-PggqdK\" data-testid=\"message-block-container\">\n<div class=\"flex flex-row w-full w-full max-w-full s-font-base text-s-color-text-secondary p-0 rounded-s-radius-s bg-transparent group data-[attr=select-mode]:-mt-10 data-[attr=select-mode]:py-10 data-[attr=select-mode]:px-16 data-[attr=select-mode]:sm:p-10 data-[attr=select-mode]:hover:bg-s-color-bg-base data-[attr=select-mode]:hover:rounded-s-radius-xs data-[attr=select-mode]:has-[:checked]:bg-s-color-bg-trans data-[attr=select-mode]:has-[:checked]:rounded-s-radius-xs data-[attr=select-mode]:pointer-events-none\" data-testid=\"receive_message\">\n<div class=\"flex flex-col flex-grow max-w-full min-w-0\">\n<div class=\"flex flex-row w-full\" data-testid=\"message_content\" data-message-id=\"18846281036019970\">\n<div class=\"w-full\" data-plugin-identifier=\"Symbol(infra:receive-message-box:text)\">\n<div class=\"container-P2rR72 flow-markdown-body theme-samantha-uDexJL\" dir=\"ltr\" data-testid=\"message_text_content\" data-show-indicator=\"false\">\n<div class=\"auto-hide-last-sibling-br mdbox-table-root table-container-cYf_5N\" data-scroll-inline-overflow=\"false\" data-scroll-inline-at-start=\"true\" data-scroll-inline-start-overflow=\"false\" data-scroll-inline-at-end=\"true\" data-scroll-inline-end-overflow=\"false\">\n<div class=\"table-scroll-container-Gyf4hQ mdbox-table-scroll-container\">\n<table>\n<thead>\n<tr>\n<th><strong>Artikel<\/strong><\/th>\n<th><strong>Details<\/strong><\/th>\n<\/tr>\n<\/thead>\n<tbody>\n<tr>\n<td><strong>Produktname<\/strong><\/td>\n<td>Polygonum Aviculare-Extrakt<\/td>\n<\/tr>\n<tr>\n<td><strong>Pflanzeneinf\u00fchrung<\/strong><\/td>\n<td>Polygonum aviculare L. (Allgemeiner Name: Bambusblattgem\u00fcse), ein einj\u00e4hriges Kraut der Gattung Polygonum in der Familie der Polygonaceae. Es wird in den meisten Gebieten S\u00fcdchinas angebaut.<\/td>\n<\/tr>\n<tr>\n<td><strong>Alternative Namen<\/strong><\/td>\n<td>Bianxu, Da Bianxu (Gro\u00dfes Polygonum aviculare), Niaoliao (Vogelpolygonum), Bianzhu (Flacher Bambus), Zhujiecao (Bambus-Gras), Zhuyacao (Schweinszahngras), Daoshengcao (Dao-geborenes Gras)<\/td>\n<\/tr>\n<tr>\n<td><strong>Lateinischer Name<\/strong><\/td>\n<td>Polygonum aviculare L.<\/td>\n<\/tr>\n<tr>\n<td><strong>Pflanzenquelle<\/strong><\/td>\n<td>Getrocknete oberirdische Teile von Polygonum aviculare L., einem einj\u00e4hrigen Kraut aus der Familie der Polygonaceae.<\/td>\n<\/tr>\n<tr>\n<td><strong>Spezifikation<\/strong><\/td>\n<td>1:1. F\u00fcr andere Spezifikationen wenden Sie sich bitte an den Kundendienst.<\/td>\n<\/tr>\n<tr>\n<td><strong>Eigenschaften<\/strong><\/td>\n<td>Braungelbes Pulver, nimmt leicht Feuchtigkeit auf, ist leicht wasserl\u00f6slich, getestet mittels DC (D\u00fcnnschichtchromatographie).<\/td>\n<\/tr>\n<tr>\n<td><strong>Produktmaschenweite<\/strong><\/td>\n<td>98% passiert ein 80-Maschen-Sieb<\/td>\n<\/tr>\n<tr>\n<td><strong>Verpackungsmethode<\/strong><\/td>\n<td>25 kg pro Papierfass oder Alufolienbeutel<\/td>\n<\/tr>\n<tr>\n<td><strong>Lagerbedingungen<\/strong><\/td>\n<td>Sollte versiegelt und vor Licht gesch\u00fctzt an einem trockenen, k\u00fchlen und gut bel\u00fcfteten Ort gelagert werden<\/td>\n<\/tr>\n<tr>\n<td><strong>Haltbarkeit<\/strong><\/td>\n<td>24 Monate<\/td>\n<\/tr>\n<tr>\n<td><strong>Express &amp; Logistik<\/strong><\/td>\n<td>Lieferung per Express oder Logistik. Inl\u00e4ndische Expresslieferungen kommen in der Regel innerhalb von 3 Tagen an, Logistiklieferungen in der Regel innerhalb von 5 Tagen. Angebote beinhalten in der Regel die Inlandstransportkosten.<\/td>\n<\/tr>\n<\/tbody>\n<\/table>\n<\/div>\n<\/div>\n<\/div>\n<\/div>\n<\/div>\n<div class=\"suggest-message-list-wrapper-QLdGFg\" data-testid=\"suggest_message_list\"><\/div>\n<\/div>\n<\/div>\n<\/div>\n<\/div>\n<\/div>\n<\/div>\n<\/div>\n<\/div>\n<div class=\"top-FLPRDF\">\n<div class=\"container-SrVXPg chrome70-container\"><\/div>\n<\/div>","protected":false},"excerpt":{"rendered":"<p>Item Details Product Name Polygonum Aviculare Extract Plant Introduction Polygonum aviculare L. (Common names: Bamboo Sheet Vegetable), an annual herb<\/p>","protected":false},"featured_media":10013,"comment_status":"closed","ping_status":"closed","template":"","meta":[],"product_brand":[],"product_cat":[17,24],"product_tag":[],"class_list":{"0":"post-10003","1":"product","2":"type-product","3":"status-publish","4":"has-post-thumbnail","6":"product_cat-plant-extract","7":"product_cat-ratio-extract","9":"first","10":"instock","11":"shipping-taxable","12":"product-type-simple"},"_links":{"self":[{"href":"https:\/\/www.hvbio.com\/de\/wp-json\/wp\/v2\/product\/10003","targetHints":{"allow":["GET"]}}],"collection":[{"href":"https:\/\/www.hvbio.com\/de\/wp-json\/wp\/v2\/product"}],"about":[{"href":"https:\/\/www.hvbio.com\/de\/wp-json\/wp\/v2\/types\/product"}],"replies":[{"embeddable":true,"href":"https:\/\/www.hvbio.com\/de\/wp-json\/wp\/v2\/comments?post=10003"}],"wp:featuredmedia":[{"embeddable":true,"href":"https:\/\/www.hvbio.com\/de\/wp-json\/wp\/v2\/media\/10013"}],"wp:attachment":[{"href":"https:\/\/www.hvbio.com\/de\/wp-json\/wp\/v2\/media?parent=10003"}],"wp:term":[{"taxonomy":"product_brand","embeddable":true,"href":"https:\/\/www.hvbio.com\/de\/wp-json\/wp\/v2\/product_brand?post=10003"},{"taxonomy":"product_cat","embeddable":true,"href":"https:\/\/www.hvbio.com\/de\/wp-json\/wp\/v2\/product_cat?post=10003"},{"taxonomy":"product_tag","embeddable":true,"href":"https:\/\/www.hvbio.com\/de\/wp-json\/wp\/v2\/product_tag?post=10003"}],"curies":[{"name":"wp","href":"https:\/\/api.w.org\/{rel}","templated":true}]}}