{"id":10020,"date":"2025-09-01T16:46:04","date_gmt":"2025-09-01T08:46:04","guid":{"rendered":"https:\/\/www.hvbio.com\/?post_type=product&#038;p=10020"},"modified":"2025-09-01T16:46:04","modified_gmt":"2025-09-01T08:46:04","slug":"polygala-fallax-hemsl-extract","status":"publish","type":"product","link":"https:\/\/www.hvbio.com\/de\/produkt\/polygala-fallax-hemsl-extract\/","title":{"rendered":"Polygala fallax Hemsl. Extrakt"},"content":{"rendered":"<table>\n<thead>\n<tr>\n<th><strong>Artikel<\/strong><\/th>\n<th><strong>Details<\/strong><\/th>\n<\/tr>\n<\/thead>\n<tbody>\n<tr>\n<td><strong>Produktname<\/strong><\/td>\n<td>Polygala fallax Hemsl. Extrakt<\/td>\n<\/tr>\n<tr>\n<td><strong>Aliase<\/strong><\/td>\n<td>Gelbbl\u00fctige Kreuzblume, Goldschwanz-Kreuzblume, H\u00e4ngende gelbe Bl\u00fcte<\/td>\n<\/tr>\n<tr>\n<td><strong>Lateinischer Name<\/strong><\/td>\n<td>Polygala aureocauda Dunn<\/td>\n<\/tr>\n<tr>\n<td><strong>Produktspezifikation<\/strong><\/td>\n<td>1:1<\/td>\n<\/tr>\n<tr>\n<td><strong>Testmethode<\/strong><\/td>\n<td>TLC<\/td>\n<\/tr>\n<tr>\n<td><strong>Aussehen<\/strong><\/td>\n<td>Br\u00e4unlich-gelbes Pulver<\/td>\n<\/tr>\n<tr>\n<td><strong>Maschenweite<\/strong><\/td>\n<td>100% Pass 80 Mesh<\/td>\n<\/tr>\n<tr>\n<td><strong>Verpackungsspezifikation<\/strong><\/td>\n<td>1 kg\/Aluminiumfolienbeutel, 25 kg\/Papierfass oder kundenspezifische Verpackung gem\u00e4\u00df Kundenwunsch<\/td>\n<\/tr>\n<tr>\n<td><strong>Speichermethode<\/strong><\/td>\n<td>K\u00fchl und trocken lagern, verschlossen bei Raumtemperatur<\/td>\n<\/tr>\n<tr>\n<td><strong>Haltbarkeit<\/strong><\/td>\n<td>24 Monate<\/td>\n<\/tr>\n<tr>\n<td><strong>Express\/Logistik<\/strong><\/td>\n<td>Expressversand oder Logistik. Inlandsexpresslieferungen kommen in der Regel innerhalb von 3 Tagen an; Logistiklieferungen kommen in der Regel innerhalb von 5 Tagen an. Angebote beinhalten in der Regel die Inlandstransportkosten.<\/td>\n<\/tr>\n<tr>\n<td><strong>Probenbereitstellung<\/strong><\/td>\n<td>Im Allgemeinen werden f\u00fcr die meisten Produkte 5\u201320 g Proben bereitgestellt. F\u00fcr einige Produkte wird eine Probengeb\u00fchr erhoben.<\/td>\n<\/tr>\n<\/tbody>\n<\/table>","protected":false},"excerpt":{"rendered":"<p>Polygala fallax Hemsl. Extrakt<\/p>\n<p>Farbe: Erscheint typischerweise als braunes bis dunkelbraunes feines Pulver oder viskoser Extrakt. Der genaue Farbton kann je nach Extraktionsl\u00f6sungsmittel (z. B. Wasser, Ethanol), Konzentrationsniveau und Trocknungsmethode nach der Verarbeitung leicht variieren.<br \/>\n\u2022 Haltbarkeit: Im Allgemeinen 24 Monate bei sachgem\u00e4\u00dfer Lagerung. Es erfordert eine k\u00fchle (15\u201325 \u00b0C), trockene und gut bel\u00fcftete Umgebung mit luftdichter Verpackung, um Feuchtigkeitsaufnahme, Lichteinwirkung und Kontakt mit Sauerstoff zu vermeiden, da dies die aktiven Komponenten beeintr\u00e4chtigen k\u00f6nnte.<br \/>\n\u2022 G\u00e4ngige Nachweismethoden:<br \/>\n\u25e6 D\u00fcnnschichtchromatographie (DC): Dient der qualitativen Identifizierung. Durch den Vergleich der chromatographischen Flecken des Extrakts mit denen von Standardreferenzsubstanzen (z. B. charakteristischen Saponinen oder Flavonoiden in Polygala-Arten) wird die Echtheit des Extrakts best\u00e4tigt und eine Verf\u00e4lschung ausgeschlossen.<\/p>","protected":false},"featured_media":10021,"comment_status":"closed","ping_status":"closed","template":"","meta":[],"product_brand":[],"product_cat":[24,17],"product_tag":[],"class_list":{"0":"post-10020","1":"product","2":"type-product","3":"status-publish","4":"has-post-thumbnail","6":"product_cat-ratio-extract","7":"product_cat-plant-extract","9":"first","10":"instock","11":"shipping-taxable","12":"product-type-simple"},"_links":{"self":[{"href":"https:\/\/www.hvbio.com\/de\/wp-json\/wp\/v2\/product\/10020","targetHints":{"allow":["GET"]}}],"collection":[{"href":"https:\/\/www.hvbio.com\/de\/wp-json\/wp\/v2\/product"}],"about":[{"href":"https:\/\/www.hvbio.com\/de\/wp-json\/wp\/v2\/types\/product"}],"replies":[{"embeddable":true,"href":"https:\/\/www.hvbio.com\/de\/wp-json\/wp\/v2\/comments?post=10020"}],"wp:featuredmedia":[{"embeddable":true,"href":"https:\/\/www.hvbio.com\/de\/wp-json\/wp\/v2\/media\/10021"}],"wp:attachment":[{"href":"https:\/\/www.hvbio.com\/de\/wp-json\/wp\/v2\/media?parent=10020"}],"wp:term":[{"taxonomy":"product_brand","embeddable":true,"href":"https:\/\/www.hvbio.com\/de\/wp-json\/wp\/v2\/product_brand?post=10020"},{"taxonomy":"product_cat","embeddable":true,"href":"https:\/\/www.hvbio.com\/de\/wp-json\/wp\/v2\/product_cat?post=10020"},{"taxonomy":"product_tag","embeddable":true,"href":"https:\/\/www.hvbio.com\/de\/wp-json\/wp\/v2\/product_tag?post=10020"}],"curies":[{"name":"wp","href":"https:\/\/api.w.org\/{rel}","templated":true}]}}