{"id":10067,"date":"2025-09-11T10:16:49","date_gmt":"2025-09-11T02:16:49","guid":{"rendered":"https:\/\/www.hvbio.com\/?post_type=product&#038;p=10067"},"modified":"2025-09-11T10:16:50","modified_gmt":"2025-09-11T02:16:50","slug":"vanilla-extract","status":"publish","type":"product","link":"https:\/\/www.hvbio.com\/de\/produkt\/vanilla-extract\/","title":{"rendered":"Vanilleextrakt"},"content":{"rendered":"<table>\n<tbody>\n<tr>\n<td>Produktname<\/td>\n<td>Vanilleextrakt<\/td>\n<\/tr>\n<tr>\n<td>Morphologische Merkmale<\/td>\n<td>Eine Pflanze mit einzigartigem Duft und kleiner Statur<\/td>\n<\/tr>\n<tr>\n<td>Herkunft und Verbreitung<\/td>\n<td>W\u00e4chst haupts\u00e4chlich in Osteuropa und den feuchten Gebieten Taiwans und Chinas<\/td>\n<\/tr>\n<tr>\n<td>Spezifikation<\/td>\n<td>1:1. F\u00fcr andere Spezifikationen wenden Sie sich bitte an den Kundendienst.<\/td>\n<\/tr>\n<tr>\n<td>Eigenschaften<\/td>\n<td>Braunes Pulver, hygroskopisch, leicht wasserl\u00f6slich, DC-getestet.<\/td>\n<\/tr>\n<tr>\n<td>Produktmaschenweite<\/td>\n<td>98% passiert ein 80-Maschen-Sieb<\/td>\n<\/tr>\n<tr>\n<td>Verpackungsmethode<\/td>\n<td>25 kg pro Papierfass oder Alufolienbeutel<\/td>\n<\/tr>\n<tr>\n<td>Lagerbedingungen<\/td>\n<td>Sollte versiegelt und vor Licht gesch\u00fctzt an einem trockenen, k\u00fchlen und gut bel\u00fcfteten Ort gelagert werden<\/td>\n<\/tr>\n<tr>\n<td>Haltbarkeit<\/td>\n<td>Zwei Jahre<\/td>\n<\/tr>\n<\/tbody>\n<\/table>","protected":false},"excerpt":{"rendered":"<p>Vanilleextrakt: Es erscheint als braunes Pulver mit einer Haltbarkeit von zwei Jahren. Die Nachweismethode ist DC (D\u00fcnnschichtchromatographie).<\/p>","protected":false},"featured_media":10068,"comment_status":"closed","ping_status":"closed","template":"","meta":[],"product_brand":[],"product_cat":[17,24],"product_tag":[],"class_list":{"0":"post-10067","1":"product","2":"type-product","3":"status-publish","4":"has-post-thumbnail","6":"product_cat-plant-extract","7":"product_cat-ratio-extract","9":"first","10":"instock","11":"shipping-taxable","12":"product-type-simple"},"_links":{"self":[{"href":"https:\/\/www.hvbio.com\/de\/wp-json\/wp\/v2\/product\/10067","targetHints":{"allow":["GET"]}}],"collection":[{"href":"https:\/\/www.hvbio.com\/de\/wp-json\/wp\/v2\/product"}],"about":[{"href":"https:\/\/www.hvbio.com\/de\/wp-json\/wp\/v2\/types\/product"}],"replies":[{"embeddable":true,"href":"https:\/\/www.hvbio.com\/de\/wp-json\/wp\/v2\/comments?post=10067"}],"wp:featuredmedia":[{"embeddable":true,"href":"https:\/\/www.hvbio.com\/de\/wp-json\/wp\/v2\/media\/10068"}],"wp:attachment":[{"href":"https:\/\/www.hvbio.com\/de\/wp-json\/wp\/v2\/media?parent=10067"}],"wp:term":[{"taxonomy":"product_brand","embeddable":true,"href":"https:\/\/www.hvbio.com\/de\/wp-json\/wp\/v2\/product_brand?post=10067"},{"taxonomy":"product_cat","embeddable":true,"href":"https:\/\/www.hvbio.com\/de\/wp-json\/wp\/v2\/product_cat?post=10067"},{"taxonomy":"product_tag","embeddable":true,"href":"https:\/\/www.hvbio.com\/de\/wp-json\/wp\/v2\/product_tag?post=10067"}],"curies":[{"name":"wp","href":"https:\/\/api.w.org\/{rel}","templated":true}]}}