{"id":10083,"date":"2025-09-11T10:00:08","date_gmt":"2025-09-11T02:00:08","guid":{"rendered":"https:\/\/www.hvbio.com\/?post_type=product&#038;p=10083"},"modified":"2025-09-11T10:00:08","modified_gmt":"2025-09-11T02:00:08","slug":"cynanchum-paniculatum-extract","status":"publish","type":"product","link":"https:\/\/www.hvbio.com\/de\/produkt\/cynanchum-paniculatum-extract\/","title":{"rendered":"Cynanchum Paniculatum-Extrakt"},"content":{"rendered":"<table style=\"height: 352px;\" width=\"1549\">\n<thead>\n<tr>\n<th><strong>Artikel<\/strong><\/th>\n<th><strong>Beschreibung<\/strong><\/th>\n<\/tr>\n<\/thead>\n<tbody>\n<tr>\n<td>Produktname<\/td>\n<td>Cynanchum Paniculatum-Extrakt<\/td>\n<\/tr>\n<tr>\n<td>Hauptzutaten<\/td>\n<td>Phenolic Compounds, Flavonoids, Steroidal Compounds<\/td>\n<\/tr>\n<tr>\n<td>Extraktionsquelle<\/td>\n<td>Derived from the dried roots and rhizomes of\u00a0<em>Cynanchum paniculatum<\/em>\u00a0(Bunge) Kitagawa, which belongs to the genus\u00a0<em>Cynanchum<\/em>\u00a0in the family Apocynaceae (formerly Asclepiadaceae)<\/td>\n<\/tr>\n<tr>\n<td>Aussehen<\/td>\n<td>Braunes Pulver<\/td>\n<\/tr>\n<tr>\n<td>Nachweismethode<\/td>\n<td>DC (D\u00fcnnschichtchromatographie)<\/td>\n<\/tr>\n<tr>\n<td>Anwendungsdosierungsformen<\/td>\n<td>Widely Used (applicable to various dosage forms)<\/td>\n<\/tr>\n<tr>\n<td>Lieferzeit<\/td>\n<td>Das ganze Jahr \u00fcber verf\u00fcgbar<\/td>\n<\/tr>\n<tr>\n<td>Lagerung<\/td>\n<td>Store in a sealed container, and keep it in a cool, dry and light-proof place, away from heat sources and humid environments<\/td>\n<\/tr>\n<tr>\n<td>Haltbarkeit<\/td>\n<td>Zwei Jahre<\/td>\n<\/tr>\n<\/tbody>\n<\/table>","protected":false},"excerpt":{"rendered":"<h4 class=\"header-vfC6AV auto-hide-last-sibling-br\">Product Name: Cynanchum paniculatum Extract<\/h4>\n<h4 class=\"header-vfC6AV auto-hide-last-sibling-br\">Hauptzutaten:<\/h4>\n<h4 class=\"auto-hide-last-sibling-br paragraph-JOTKXA paragraph-element br-paragraph-space\">Phenolic compounds, flavonoids, steroidal compounds<\/h4>\n<h4 class=\"header-vfC6AV auto-hide-last-sibling-br\">Extraktionsquelle:<\/h4>\n<h4 class=\"auto-hide-last-sibling-br paragraph-JOTKXA paragraph-element br-paragraph-space\">Derived from the dried roots and rhizomes of\u00a0<em>Cynanchum paniculatum<\/em>\u00a0(eine Pflanze der Gattung\u00a0<em>Cynanchum<\/em>\u00a0in the family Apocynaceae)<\/h4>\n<h4 class=\"header-vfC6AV auto-hide-last-sibling-br\">Aussehen:<\/h4>\n<h4 class=\"auto-hide-last-sibling-br paragraph-JOTKXA paragraph-element br-paragraph-space\">Braunes Pulver<\/h4>\n<h4 class=\"header-vfC6AV auto-hide-last-sibling-br\">Nachweismethode:<\/h4>\n<h4 class=\"auto-hide-last-sibling-br paragraph-JOTKXA paragraph-element br-paragraph-space\">DC (D\u00fcnnschichtchromatographie)<\/h4>\n<h4 class=\"header-vfC6AV auto-hide-last-sibling-br\">Anwendungsformen:<\/h4>\n<h4 class=\"auto-hide-last-sibling-br paragraph-JOTKXA paragraph-element br-paragraph-space\">Vielseitig einsetzbar<\/h4>\n<h4 class=\"header-vfC6AV auto-hide-last-sibling-br\">Lieferzeit:<\/h4>\n<h4 class=\"auto-hide-last-sibling-br paragraph-JOTKXA paragraph-element br-paragraph-space\">Ganzj\u00e4hrig<\/h4>\n<hr class=\"auto-hide-last-sibling-br\" \/>\n<h4 class=\"header-vfC6AV auto-hide-last-sibling-br\">Kaufanleitung<\/h4>\n<ul class=\"auto-hide-last-sibling-br\">\n<li>\n<h4><strong>Verpackungsmethode<\/strong>: 25 kg pro Fiberfass oder Alufoliensack<\/h4>\n<\/li>\n<li>\n<h4><strong>Lagerbedingungen<\/strong>: Sollte versiegelt und vor Licht gesch\u00fctzt an einem trockenen, k\u00fchlen und gut bel\u00fcfteten Ort gelagert werden<\/h4>\n<\/li>\n<li>\n<h4><strong>Haltbarkeit<\/strong>: 2 Jahre<\/h4>\n<\/li>\n<li>\n<h4><strong>Probenbereitstellung<\/strong>: Im Allgemeinen werden f\u00fcr die meisten Produkte kleine Proben von 5\u201320 g bereitgestellt. F\u00fcr einige Produkte k\u00f6nnen Probengeb\u00fchren anfallen.<\/h4>\n<\/li>\n<li>\n<h4><strong>Produktverpackung<\/strong>: Verpackt in Fiberf\u00e4ssern oder Aluminiumfolienbeuteln (individuelle Verpackung auf Kundenwunsch erh\u00e4ltlich)<\/h4>\n<\/li>\n<li>\n<h4><strong>Lieferzeit<\/strong>: Nicht kundenspezifische Produkte werden innerhalb von 48 Stunden versendet; die Lieferzeit f\u00fcr kundenspezifische Produkte wird je nach tats\u00e4chlichem Bedarf angepasst.<\/h4>\n<\/li>\n<li>\n<h4><strong>Transportmethode<\/strong>: Inlandsexpresslieferung oder Logistik; der angegebene Preis beinhaltet die Transportkosten.<\/h4>\n<\/li>\n<li>\n<h4><strong>Lagerbedingungen<\/strong>: Versiegelt und lichtgesch\u00fctzt an einem trockenen, k\u00fchlen und gut bel\u00fcfteten Ort lagern<\/h4>\n<\/li>\n<\/ul>","protected":false},"featured_media":10084,"comment_status":"closed","ping_status":"closed","template":"","meta":[],"product_brand":[],"product_cat":[17,24],"product_tag":[],"class_list":{"0":"post-10083","1":"product","2":"type-product","3":"status-publish","4":"has-post-thumbnail","6":"product_cat-plant-extract","7":"product_cat-ratio-extract","9":"first","10":"instock","11":"shipping-taxable","12":"product-type-simple"},"_links":{"self":[{"href":"https:\/\/www.hvbio.com\/de\/wp-json\/wp\/v2\/product\/10083","targetHints":{"allow":["GET"]}}],"collection":[{"href":"https:\/\/www.hvbio.com\/de\/wp-json\/wp\/v2\/product"}],"about":[{"href":"https:\/\/www.hvbio.com\/de\/wp-json\/wp\/v2\/types\/product"}],"replies":[{"embeddable":true,"href":"https:\/\/www.hvbio.com\/de\/wp-json\/wp\/v2\/comments?post=10083"}],"wp:featuredmedia":[{"embeddable":true,"href":"https:\/\/www.hvbio.com\/de\/wp-json\/wp\/v2\/media\/10084"}],"wp:attachment":[{"href":"https:\/\/www.hvbio.com\/de\/wp-json\/wp\/v2\/media?parent=10083"}],"wp:term":[{"taxonomy":"product_brand","embeddable":true,"href":"https:\/\/www.hvbio.com\/de\/wp-json\/wp\/v2\/product_brand?post=10083"},{"taxonomy":"product_cat","embeddable":true,"href":"https:\/\/www.hvbio.com\/de\/wp-json\/wp\/v2\/product_cat?post=10083"},{"taxonomy":"product_tag","embeddable":true,"href":"https:\/\/www.hvbio.com\/de\/wp-json\/wp\/v2\/product_tag?post=10083"}],"curies":[{"name":"wp","href":"https:\/\/api.w.org\/{rel}","templated":true}]}}