{"id":10155,"date":"2025-09-11T11:01:36","date_gmt":"2025-09-11T03:01:36","guid":{"rendered":"https:\/\/www.hvbio.com\/?post_type=product&#038;p=10155"},"modified":"2025-09-11T11:01:36","modified_gmt":"2025-09-11T03:01:36","slug":"lotus-leaf-extract","status":"publish","type":"product","link":"https:\/\/www.hvbio.com\/de\/produkt\/lotus-leaf-extract\/","title":{"rendered":"Lotus Leaf Extract"},"content":{"rendered":"<table style=\"height: 367px;\" width=\"1559\">\n<thead>\n<tr>\n<th><strong>Artikel<\/strong><\/th>\n<th><strong>Details<\/strong><\/th>\n<\/tr>\n<\/thead>\n<tbody>\n<tr>\n<td>Produktname<\/td>\n<td>Lotus Leaf Extract<\/td>\n<\/tr>\n<tr>\n<td>Hauptzutaten<\/td>\n<td>Mainly include alkaloids, flavonoids, volatile oils, and other components<\/td>\n<\/tr>\n<tr>\n<td>Extraktionsquelle<\/td>\n<td>Lotus leaf extract is derived from the leaves of\u00a0<em>Nelumbo nucifera<\/em>\u00a0Gaertn. (a plant of the Nelumbonaceae family).\u00a0<em>Nelumbo nucifera<\/em>\u00a0is a perennial herbaceous emergent plant, widely distributed in subtropical and temperate regions such as Central Asia, Western Asia, North America, India, China, and Japan.<\/td>\n<\/tr>\n<tr>\n<td>Nachweismethode<\/td>\n<td>DC (D\u00fcnnschichtchromatographie)<\/td>\n<\/tr>\n<tr>\n<td>Anwendungsdosierungsformen<\/td>\n<td>Wide range<\/td>\n<\/tr>\n<tr>\n<td>Lieferzeit<\/td>\n<td>Ganzes Jahr<\/td>\n<\/tr>\n<tr>\n<td>Lagerbedingungen<\/td>\n<td>In einem verschlossenen Beh\u00e4lter an einem k\u00fchlen, trockenen und lichtgesch\u00fctzten Ort aufbewahren, fern von W\u00e4rmequellen und feuchten Umgebungen<\/td>\n<\/tr>\n<tr>\n<td>Haltbarkeit<\/td>\n<td>Zwei Jahre<\/td>\n<\/tr>\n<\/tbody>\n<\/table>","protected":false},"excerpt":{"rendered":"<h4 class=\"header-vfC6AV auto-hide-last-sibling-br\">Product Name: Lotus Leaf Extract<\/h4>\n<h4 class=\"header-vfC6AV auto-hide-last-sibling-br\">Hauptzutaten:<\/h4>\n<h4 class=\"auto-hide-last-sibling-br paragraph-JOTKXA paragraph-element br-paragraph-space\">Mainly include alkaloids, flavonoids, volatile oils, and other components<\/h4>\n<h4 class=\"header-vfC6AV auto-hide-last-sibling-br\">Extraktionsquelle:<\/h4>\n<h4 class=\"auto-hide-last-sibling-br paragraph-JOTKXA paragraph-element br-paragraph-space\">Lotus leaf extract is derived from the leaves of\u00a0<em>Nelumbo nucifera<\/em>\u00a0Gaertn. (a plant of the Nelumbonaceae family).\u00a0<em>Nelumbo nucifera<\/em>\u00a0is a perennial herbaceous emergent plant, widely distributed in subtropical and temperate regions such as Central Asia, Western Asia, North America, India, China, and Japan.<\/h4>\n<h4 class=\"header-vfC6AV auto-hide-last-sibling-br\">Nachweismethode:<\/h4>\n<h4 class=\"auto-hide-last-sibling-br paragraph-JOTKXA paragraph-element br-paragraph-space\">DC (D\u00fcnnschichtchromatographie)<\/h4>\n<h4 class=\"header-vfC6AV auto-hide-last-sibling-br\">Anwendungsformen:<\/h4>\n<h4 class=\"auto-hide-last-sibling-br paragraph-JOTKXA paragraph-element br-paragraph-space\">Wide range<\/h4>\n<h4 class=\"header-vfC6AV auto-hide-last-sibling-br\">Lieferzeit:<\/h4>\n<h4 class=\"auto-hide-last-sibling-br paragraph-JOTKXA paragraph-element br-paragraph-space\">Ganzes Jahr<\/h4>\n<h4 class=\"header-vfC6AV auto-hide-last-sibling-br\">Kaufanleitung<\/h4>\n<ul class=\"auto-hide-last-sibling-br\">\n<li>\n<h4>\u3010Verpackungsmethode\u3011 25 kg pro Papptrommel oder Aluminiumfolienbeutel; die Verpackung kann den tats\u00e4chlichen Bedingungen angepasst werden.<\/h4>\n<\/li>\n<li>\n<h4>\u3010Storage Conditions\u3011Should be sealed and protected from light, and stored in a dry, cool, and well-ventilated place.<\/h4>\n<\/li>\n<li>\n<h4>\u3010Haltbarkeit\u3011Zwei Jahre<\/h4>\n<\/li>\n<li>\n<h4>\u3010Probenbereitstellung\u3011 Im Allgemeinen werden f\u00fcr Produkte 5\u201320 g Proben bereitgestellt. F\u00fcr einige Produkte wird eine Probengeb\u00fchr erhoben.<\/h4>\n<\/li>\n<li>\n<h4>\u3010Product Packaging\u3011Packaged in cardboard drums or aluminum foil bags (packaging can be customized according to customer requirements).<\/h4>\n<\/li>\n<li>\n<h4>\u3010Lieferzeit\u3011 Nicht kundenspezifische Produkte werden innerhalb von 48 Stunden versendet; die Lieferzeit kundenspezifischer Produkte wird an den tats\u00e4chlichen Bedarf angepasst.<\/h4>\n<\/li>\n<li>\n<h4>\u3010Transportmethode\u3011 Inl\u00e4ndische Expresslogistik; das Angebot beinhaltet die Transportkosten.<\/h4>\n<\/li>\n<\/ul>","protected":false},"featured_media":10156,"comment_status":"closed","ping_status":"closed","template":"","meta":[],"product_brand":[],"product_cat":[17,24],"product_tag":[],"class_list":{"0":"post-10155","1":"product","2":"type-product","3":"status-publish","4":"has-post-thumbnail","6":"product_cat-plant-extract","7":"product_cat-ratio-extract","9":"first","10":"instock","11":"shipping-taxable","12":"product-type-simple"},"_links":{"self":[{"href":"https:\/\/www.hvbio.com\/de\/wp-json\/wp\/v2\/product\/10155","targetHints":{"allow":["GET"]}}],"collection":[{"href":"https:\/\/www.hvbio.com\/de\/wp-json\/wp\/v2\/product"}],"about":[{"href":"https:\/\/www.hvbio.com\/de\/wp-json\/wp\/v2\/types\/product"}],"replies":[{"embeddable":true,"href":"https:\/\/www.hvbio.com\/de\/wp-json\/wp\/v2\/comments?post=10155"}],"wp:featuredmedia":[{"embeddable":true,"href":"https:\/\/www.hvbio.com\/de\/wp-json\/wp\/v2\/media\/10156"}],"wp:attachment":[{"href":"https:\/\/www.hvbio.com\/de\/wp-json\/wp\/v2\/media?parent=10155"}],"wp:term":[{"taxonomy":"product_brand","embeddable":true,"href":"https:\/\/www.hvbio.com\/de\/wp-json\/wp\/v2\/product_brand?post=10155"},{"taxonomy":"product_cat","embeddable":true,"href":"https:\/\/www.hvbio.com\/de\/wp-json\/wp\/v2\/product_cat?post=10155"},{"taxonomy":"product_tag","embeddable":true,"href":"https:\/\/www.hvbio.com\/de\/wp-json\/wp\/v2\/product_tag?post=10155"}],"curies":[{"name":"wp","href":"https:\/\/api.w.org\/{rel}","templated":true}]}}