{"id":10174,"date":"2025-09-12T14:22:24","date_gmt":"2025-09-12T06:22:24","guid":{"rendered":"https:\/\/www.hvbio.com\/?post_type=product&#038;p=10174"},"modified":"2025-09-12T15:12:15","modified_gmt":"2025-09-12T07:12:15","slug":"red-bayberry-powder","status":"publish","type":"product","link":"https:\/\/www.hvbio.com\/de\/produkt\/red-bayberry-powder\/","title":{"rendered":"Rotes Myrtenbeerenpulver"},"content":{"rendered":"<table>\n<thead>\n<tr>\n<th><strong>Artikel<\/strong><\/th>\n<th><strong>Details<\/strong><\/th>\n<\/tr>\n<\/thead>\n<tbody>\n<tr>\n<td><strong>Produktname<\/strong><\/td>\n<td>Rotes Myrtenbeerenpulver<\/td>\n<\/tr>\n<tr>\n<td><strong>Lateinischer Name<\/strong><\/td>\n<td>Myrica rubra (Lour.) Sieb. et Zucc.<\/td>\n<\/tr>\n<tr>\n<td><strong>Testmethode<\/strong><\/td>\n<td>DC (D\u00fcnnschichtchromatographie)<\/td>\n<\/tr>\n<tr>\n<td><strong>Produkteigenschaften<\/strong><\/td>\n<td>Rosa Pulver<\/td>\n<\/tr>\n<tr>\n<td><strong>Extraktionsquelle<\/strong><\/td>\n<td>Red bayberry (Myrica rubra)<\/td>\n<\/tr>\n<tr>\n<td><strong>Produktmaschenweite<\/strong><\/td>\n<td>100% of the product passes through an 80-mesh sieve.<\/td>\n<\/tr>\n<tr>\n<td><strong>Lagerbedingungen<\/strong><\/td>\n<td>This product should be sealed, protected from light and high temperatures, and stored in a dry, cool and well-ventilated place.<\/td>\n<\/tr>\n<tr>\n<td><strong>Verpackungsmethode<\/strong><\/td>\n<td>F\u00fcr Sch\u00fcttg\u00fcter: 25 kg pro Papierfass; f\u00fcr Kleinproben: 1 kg pro Alufolienbeutel. Auch individuelle Verpackungen nach Kundenwunsch sind m\u00f6glich.<\/td>\n<\/tr>\n<tr>\n<td><strong>Transportmethode<\/strong><\/td>\n<td>Lieferung per Express oder Logistik. Inl\u00e4ndische Expresslieferungen kommen in der Regel innerhalb von 3 Tagen an, Logistiklieferungen in der Regel innerhalb von 5 Tagen. Angebote beinhalten in der Regel die Inlandstransportkosten.<\/td>\n<\/tr>\n<tr>\n<td><strong>G\u00fcltigkeitsdauer<\/strong><\/td>\n<td>Zwei Jahre<\/td>\n<\/tr>\n<\/tbody>\n<\/table>","protected":false},"excerpt":{"rendered":"<h1 class=\"header-vfC6AV auto-hide-last-sibling-br\">Rotes Myrtenbeerenpulver<\/h1>\n<ul class=\"auto-hide-last-sibling-br\">\n<li><strong>Lateinischer Name<\/strong>:\u00a0<em>Myrica rubra<\/em>\u00a0(Lour.) Sieb. et Zucc.<\/li>\n<li><strong>Testmethode<\/strong>: DC<\/li>\n<li><strong>Aussehen<\/strong>: Rosa Pulver<\/li>\n<li><strong>Extraktionsquelle<\/strong>: Bayberry<\/li>\n<li><strong>Maschenweite<\/strong>: 100% passes through 80-mesh sieve<\/li>\n<li><strong>Lagerbedingungen<\/strong>: Seal tightly, protect from light and high temperature; store in a dry, cool and well-ventilated place<\/li>\n<li><strong>Verpackung<\/strong>: Bulk goods: 25kg\/fiber drum; Small samples: 1kg\/aluminum foil bag; Custom packaging available upon request<\/li>\n<li><strong>Transportation<\/strong>: Courier or logistics. Domestic courier arrives within 3 days, logistics arrives within 5 days. Quotations generally include domestic transportation costs.<\/li>\n<li><strong>Haltbarkeit<\/strong>: 2 Jahre<\/li>\n<\/ul>","protected":false},"featured_media":10175,"comment_status":"closed","ping_status":"closed","template":"","meta":[],"product_brand":[],"product_cat":[20,18],"product_tag":[],"class_list":{"0":"post-10174","1":"product","2":"type-product","3":"status-publish","4":"has-post-thumbnail","6":"product_cat-fruit-powder","7":"product_cat-fruit-and-vegetable-powder","9":"first","10":"instock","11":"shipping-taxable","12":"product-type-simple"},"_links":{"self":[{"href":"https:\/\/www.hvbio.com\/de\/wp-json\/wp\/v2\/product\/10174","targetHints":{"allow":["GET"]}}],"collection":[{"href":"https:\/\/www.hvbio.com\/de\/wp-json\/wp\/v2\/product"}],"about":[{"href":"https:\/\/www.hvbio.com\/de\/wp-json\/wp\/v2\/types\/product"}],"replies":[{"embeddable":true,"href":"https:\/\/www.hvbio.com\/de\/wp-json\/wp\/v2\/comments?post=10174"}],"wp:featuredmedia":[{"embeddable":true,"href":"https:\/\/www.hvbio.com\/de\/wp-json\/wp\/v2\/media\/10175"}],"wp:attachment":[{"href":"https:\/\/www.hvbio.com\/de\/wp-json\/wp\/v2\/media?parent=10174"}],"wp:term":[{"taxonomy":"product_brand","embeddable":true,"href":"https:\/\/www.hvbio.com\/de\/wp-json\/wp\/v2\/product_brand?post=10174"},{"taxonomy":"product_cat","embeddable":true,"href":"https:\/\/www.hvbio.com\/de\/wp-json\/wp\/v2\/product_cat?post=10174"},{"taxonomy":"product_tag","embeddable":true,"href":"https:\/\/www.hvbio.com\/de\/wp-json\/wp\/v2\/product_tag?post=10174"}],"curies":[{"name":"wp","href":"https:\/\/api.w.org\/{rel}","templated":true}]}}