{"id":10182,"date":"2025-09-12T14:32:28","date_gmt":"2025-09-12T06:32:28","guid":{"rendered":"https:\/\/www.hvbio.com\/?post_type=product&#038;p=10182"},"modified":"2025-09-12T14:32:29","modified_gmt":"2025-09-12T06:32:29","slug":"maqui-berry-powder","status":"publish","type":"product","link":"https:\/\/www.hvbio.com\/de\/produkt\/maqui-berry-powder\/","title":{"rendered":"Maqui-Beerenpulver"},"content":{"rendered":"<table>\n<thead>\n<tr>\n<th><strong>Artikel<\/strong><\/th>\n<th><strong>Details<\/strong><\/th>\n<\/tr>\n<\/thead>\n<tbody>\n<tr>\n<td><strong>Produktname<\/strong><\/td>\n<td>Maqui-Beerenpulver<\/td>\n<\/tr>\n<tr>\n<td><strong>Testmethode<\/strong><\/td>\n<td>DC (D\u00fcnnschichtchromatographie)<\/td>\n<\/tr>\n<tr>\n<td><strong>Produkteigenschaften<\/strong><\/td>\n<td>Hellviolettes Pulver<\/td>\n<\/tr>\n<tr>\n<td><strong>Extraktionsquelle<\/strong><\/td>\n<td>Maqui-Beere<\/td>\n<\/tr>\n<tr>\n<td><strong>Produktmaschenweite<\/strong><\/td>\n<td>100% des Produkts passieren ein 80-Maschen-Sieb<\/td>\n<\/tr>\n<tr>\n<td><strong>Lagerbedingungen<\/strong><\/td>\n<td>Dieses Produkt sollte versiegelt und vor Licht gesch\u00fctzt, von hohen Temperaturen ferngehalten und an einem trockenen, k\u00fchlen und gut bel\u00fcfteten Ort gelagert werden.<\/td>\n<\/tr>\n<tr>\n<td><strong>Verpackungsmethode<\/strong><\/td>\n<td>F\u00fcr Sch\u00fcttg\u00fcter: 25 kg pro Papierfass; f\u00fcr Kleinproben: 1 kg pro Alufolienbeutel. Auch individuelle Verpackungen nach Kundenwunsch sind m\u00f6glich.<\/td>\n<\/tr>\n<tr>\n<td><strong>Transportmethode<\/strong><\/td>\n<td>Lieferung per Express oder Logistik. Inl\u00e4ndische Expresslieferungen kommen in der Regel innerhalb von 3 Tagen an, Logistiklieferungen in der Regel innerhalb von 5 Tagen. Angebote beinhalten in der Regel die Inlandstransportkosten.<\/td>\n<\/tr>\n<tr>\n<td><strong>G\u00fcltigkeitsdauer<\/strong><\/td>\n<td>Zwei Jahre<\/td>\n<\/tr>\n<\/tbody>\n<\/table>","protected":false},"excerpt":{"rendered":"<ul class=\"auto-hide-last-sibling-br\">\n<li><strong>Produktname<\/strong>: Maqui-Beerenpulver<\/li>\n<li><strong>Testmethode<\/strong>: DC<\/li>\n<li><strong>Produkteigenschaften<\/strong>: Hellviolettes Pulver<\/li>\n<li><strong>Extraktionsquelle<\/strong>: Maqui-Beere<\/li>\n<li><strong>Produktmaschenweite<\/strong>: 100% durch 80 Maschen<\/li>\n<li><strong>Lagerbedingungen<\/strong>: Dieses Produkt sollte versiegelt und vor Licht gesch\u00fctzt, von hohen Temperaturen ferngehalten und an einem trockenen, k\u00fchlen und gut bel\u00fcfteten Ort gelagert werden.<\/li>\n<li><strong>Verpackungsmethode<\/strong>: Bei Sch\u00fcttgut 25 kg pro Papptrommel, bei Musterware 1 kg pro Alufolienbeutel. Auf Kundenwunsch sind auch kundenspezifische Verpackungen m\u00f6glich.<\/li>\n<li><strong>Transportmethode<\/strong>: Kurierdienst oder Logistik. Inl\u00e4ndische Kuriere kommen innerhalb von 3 Tagen an, Logistik innerhalb von 5 Tagen. Das Angebot beinhaltet in der Regel die Inlandstransportkosten.<\/li>\n<li><strong>Haltbarkeit<\/strong>: 2 Jahre<\/li>\n<\/ul>","protected":false},"featured_media":10183,"comment_status":"closed","ping_status":"closed","template":"","meta":[],"product_brand":[],"product_cat":[18,20],"product_tag":[],"class_list":{"0":"post-10182","1":"product","2":"type-product","3":"status-publish","4":"has-post-thumbnail","6":"product_cat-fruit-and-vegetable-powder","7":"product_cat-fruit-powder","9":"first","10":"instock","11":"shipping-taxable","12":"product-type-simple"},"_links":{"self":[{"href":"https:\/\/www.hvbio.com\/de\/wp-json\/wp\/v2\/product\/10182","targetHints":{"allow":["GET"]}}],"collection":[{"href":"https:\/\/www.hvbio.com\/de\/wp-json\/wp\/v2\/product"}],"about":[{"href":"https:\/\/www.hvbio.com\/de\/wp-json\/wp\/v2\/types\/product"}],"replies":[{"embeddable":true,"href":"https:\/\/www.hvbio.com\/de\/wp-json\/wp\/v2\/comments?post=10182"}],"wp:featuredmedia":[{"embeddable":true,"href":"https:\/\/www.hvbio.com\/de\/wp-json\/wp\/v2\/media\/10183"}],"wp:attachment":[{"href":"https:\/\/www.hvbio.com\/de\/wp-json\/wp\/v2\/media?parent=10182"}],"wp:term":[{"taxonomy":"product_brand","embeddable":true,"href":"https:\/\/www.hvbio.com\/de\/wp-json\/wp\/v2\/product_brand?post=10182"},{"taxonomy":"product_cat","embeddable":true,"href":"https:\/\/www.hvbio.com\/de\/wp-json\/wp\/v2\/product_cat?post=10182"},{"taxonomy":"product_tag","embeddable":true,"href":"https:\/\/www.hvbio.com\/de\/wp-json\/wp\/v2\/product_tag?post=10182"}],"curies":[{"name":"wp","href":"https:\/\/api.w.org\/{rel}","templated":true}]}}