{"id":10216,"date":"2025-09-12T14:50:45","date_gmt":"2025-09-12T06:50:45","guid":{"rendered":"https:\/\/www.hvbio.com\/?post_type=product&#038;p=10216"},"modified":"2025-09-12T14:50:45","modified_gmt":"2025-09-12T06:50:45","slug":"lutein-5","status":"publish","type":"product","link":"https:\/\/www.hvbio.com\/de\/produkt\/lutein-5\/","title":{"rendered":"Lutein 5%"},"content":{"rendered":"<table>\n<thead>\n<tr>\n<th><strong>Artikel<\/strong><\/th>\n<th><strong>Details<\/strong><\/th>\n<\/tr>\n<\/thead>\n<tbody>\n<tr>\n<td><strong>Produktname<\/strong><\/td>\n<td>Lutein 5%<\/td>\n<\/tr>\n<tr>\n<td><strong>Alternative Namen<\/strong><\/td>\n<td>Plant Lutein, Carotenoids<\/td>\n<\/tr>\n<tr>\n<td><strong>Lateinischer Name<\/strong><\/td>\n<td>Lutein<\/td>\n<\/tr>\n<tr>\n<td><strong>Pflanzenquelle<\/strong><\/td>\n<td>Mainly found in vegetables, such as rape, spinach, lettuce, etc.<\/td>\n<\/tr>\n<tr>\n<td><strong>Wirkstoffe<\/strong><\/td>\n<td>Lutein, Zeaxanthin, Lutein Fatty Acid Esters<\/td>\n<\/tr>\n<tr>\n<td><strong>Spezifikation<\/strong><\/td>\n<td>Lutein 5%. For other specifications, please contact customer service for consultation.<\/td>\n<\/tr>\n<tr>\n<td><strong>Eigenschaften<\/strong><\/td>\n<td>Orange-yellow powder, easy to absorb moisture, soluble in water, tested by HPLC (High Performance Liquid Chromatography).<\/td>\n<\/tr>\n<tr>\n<td><strong>Produktmaschenweite<\/strong><\/td>\n<td>98% des Produkts passieren ein 80-Maschen-Sieb.<\/td>\n<\/tr>\n<tr>\n<td><strong>Verpackungsmethode<\/strong><\/td>\n<td>25 kg pro Papierfass oder Alufolienbeutel.<\/td>\n<\/tr>\n<tr>\n<td><strong>Lagerbedingungen<\/strong><\/td>\n<td>Sollte versiegelt und vor Licht gesch\u00fctzt an einem trockenen, k\u00fchlen und gut bel\u00fcfteten Ort gelagert werden.<\/td>\n<\/tr>\n<tr>\n<td><strong>Haltbarkeit<\/strong><\/td>\n<td>24 Monate<\/td>\n<\/tr>\n<tr>\n<td><strong>Express &amp; Logistik<\/strong><\/td>\n<td>Lieferung per Express oder Logistik. Inl\u00e4ndische Expresslieferungen kommen in der Regel innerhalb von 3 Tagen an, Logistiklieferungen in der Regel innerhalb von 5 Tagen. Angebote beinhalten in der Regel die Inlandstransportkosten.<\/td>\n<\/tr>\n<tr>\n<td><strong>Probenbereitstellung<\/strong><\/td>\n<td>Im Allgemeinen werden f\u00fcr Produkte 5\u201320 g Proben bereitgestellt. F\u00fcr einige Produkte wird eine Probengeb\u00fchr erhoben.<\/td>\n<\/tr>\n<\/tbody>\n<\/table>","protected":false},"excerpt":{"rendered":"<ul class=\"auto-hide-last-sibling-br\">\n<li><strong>Produktname<\/strong>: Lutein 5%<\/li>\n<li><strong>Alternative Namen<\/strong>: Plant Lutein, Carotenoids<\/li>\n<li><strong>Lateinischer Name<\/strong>: Lutein<\/li>\n<li><strong>Pflanzenquelle<\/strong>: Mainly found in vegetables, such as rapeseed, spinach, lettuce, etc.<\/li>\n<li><strong>Wirkstoffe<\/strong>: Lutein, Zeaxanthin, Lutein Fatty Acid Esters<\/li>\n<li><strong>Spezifikation<\/strong>: Lutein 5%. For other specifications, please contact customer service for consultation.<\/li>\n<li><strong>Eigenschaften<\/strong>: Orange-yellow powder, easy to absorb moisture, soluble in water, tested by HPLC.<\/li>\n<li><strong>Produktmaschenweite<\/strong>: 98% passes through 80-mesh sieve<\/li>\n<li><strong>Verpackungsmethode<\/strong>: 25 kg pro Papierfass oder Aluminiumfolienbeutel<\/li>\n<li><strong>Lagerbedingungen<\/strong>: Sollte versiegelt und vor Licht gesch\u00fctzt an einem trockenen, k\u00fchlen und gut bel\u00fcfteten Ort gelagert werden<\/li>\n<li><strong>Haltbarkeit<\/strong>: 24 Monate<\/li>\n<li><strong>Express &amp; Logistik<\/strong>: Express delivery or logistics. Domestic express delivery usually arrives within 3 days, and logistics usually arrives within 5 days. Quotations generally include domestic transportation costs.<\/li>\n<li><strong>Probenverf\u00fcgbarkeit<\/strong>: Generally, 5-20g samples are provided for products; sample fees are charged for some products.<\/li>\n<\/ul>","protected":false},"featured_media":10217,"comment_status":"closed","ping_status":"closed","template":"","meta":[],"product_brand":[],"product_cat":[17,23],"product_tag":[],"class_list":{"0":"post-10216","1":"product","2":"type-product","3":"status-publish","4":"has-post-thumbnail","6":"product_cat-plant-extract","7":"product_cat-standard-extract","9":"first","10":"instock","11":"shipping-taxable","12":"product-type-simple"},"_links":{"self":[{"href":"https:\/\/www.hvbio.com\/de\/wp-json\/wp\/v2\/product\/10216","targetHints":{"allow":["GET"]}}],"collection":[{"href":"https:\/\/www.hvbio.com\/de\/wp-json\/wp\/v2\/product"}],"about":[{"href":"https:\/\/www.hvbio.com\/de\/wp-json\/wp\/v2\/types\/product"}],"replies":[{"embeddable":true,"href":"https:\/\/www.hvbio.com\/de\/wp-json\/wp\/v2\/comments?post=10216"}],"wp:featuredmedia":[{"embeddable":true,"href":"https:\/\/www.hvbio.com\/de\/wp-json\/wp\/v2\/media\/10217"}],"wp:attachment":[{"href":"https:\/\/www.hvbio.com\/de\/wp-json\/wp\/v2\/media?parent=10216"}],"wp:term":[{"taxonomy":"product_brand","embeddable":true,"href":"https:\/\/www.hvbio.com\/de\/wp-json\/wp\/v2\/product_brand?post=10216"},{"taxonomy":"product_cat","embeddable":true,"href":"https:\/\/www.hvbio.com\/de\/wp-json\/wp\/v2\/product_cat?post=10216"},{"taxonomy":"product_tag","embeddable":true,"href":"https:\/\/www.hvbio.com\/de\/wp-json\/wp\/v2\/product_tag?post=10216"}],"curies":[{"name":"wp","href":"https:\/\/api.w.org\/{rel}","templated":true}]}}