{"id":10222,"date":"2025-09-12T14:55:07","date_gmt":"2025-09-12T06:55:07","guid":{"rendered":"https:\/\/www.hvbio.com\/?post_type=product&#038;p=10222"},"modified":"2025-09-12T14:55:07","modified_gmt":"2025-09-12T06:55:07","slug":"black-currant-powder","status":"publish","type":"product","link":"https:\/\/www.hvbio.com\/de\/produkt\/black-currant-powder\/","title":{"rendered":"Schwarzes Johannisbeerpulver"},"content":{"rendered":"<table>\n<thead>\n<tr>\n<th><strong>Artikel<\/strong><\/th>\n<th><strong>Beschreibung<\/strong><\/th>\n<\/tr>\n<\/thead>\n<tbody>\n<tr>\n<td>Produktname<\/td>\n<td>Schwarzes Johannisbeerpulver<\/td>\n<\/tr>\n<tr>\n<td>Hauptzutaten<\/td>\n<td>Phytochemikalien, Anthocyane, Vitamine, Mineralien<\/td>\n<\/tr>\n<tr>\n<td>Extraktionsquelle<\/td>\n<td>Reife Beeren der schwarzen Johannisbeere (zur Herstellung von schwarzem Johannisbeerpulver)<\/td>\n<\/tr>\n<tr>\n<td>Ursprungsverteilung<\/td>\n<td>Schwarze Johannisbeeren sind in Mittel- und Osteuropa heimisch und werden heute in gem\u00e4\u00dfigten Regionen auf der ganzen Welt angebaut.<\/td>\n<\/tr>\n<tr>\n<td>Aussehen<\/td>\n<td>Rosarotes Pulver; lose, kein Verklumpen und keine mit blo\u00dfem Auge sichtbaren Verunreinigungen<\/td>\n<\/tr>\n<tr>\n<td>Nachweismethode<\/td>\n<td>DC (D\u00fcnnschichtchromatographie)<\/td>\n<\/tr>\n<tr>\n<td>Anwendungsdosierungsformen<\/td>\n<td>Vielseitig einsetzbar<\/td>\n<\/tr>\n<tr>\n<td>Lieferzeit<\/td>\n<td>Ganzj\u00e4hrig<\/td>\n<\/tr>\n<tr>\n<td>Lagerbedingungen<\/td>\n<td>In einem verschlossenen Beh\u00e4lter aufbewahren; an einem k\u00fchlen, trockenen und lichtgesch\u00fctzten Ort, fern von W\u00e4rmequellen und feuchten Umgebungen aufbewahren<\/td>\n<\/tr>\n<tr>\n<td>Haltbarkeit<\/td>\n<td>2 Jahre<\/td>\n<\/tr>\n<\/tbody>\n<\/table>","protected":false},"excerpt":{"rendered":"<h4 class=\"header-vfC6AV auto-hide-last-sibling-br\">Produktname: Schwarzes Johannisbeerpulver<\/h4>\n<h4 class=\"header-vfC6AV auto-hide-last-sibling-br\">Hauptzutaten:<\/h4>\n<h4 class=\"auto-hide-last-sibling-br paragraph-JOTKXA paragraph-element br-paragraph-space\">Phytochemikalien, Anthocyane, Vitamine, Mineralien<\/h4>\n<h4 class=\"header-vfC6AV auto-hide-last-sibling-br\">Extraktionsquelle:<\/h4>\n<h4 class=\"auto-hide-last-sibling-br paragraph-JOTKXA paragraph-element br-paragraph-space\">Reife Beeren der schwarzen Johannisbeere (zur Herstellung von schwarzem Johannisbeerpulver)<\/h4>\n<h4 class=\"header-vfC6AV auto-hide-last-sibling-br\">Herkunftsverteilung:<\/h4>\n<h4 class=\"auto-hide-last-sibling-br paragraph-JOTKXA paragraph-element br-paragraph-space\">Schwarze Johannisbeeren sind in Mittel- und Osteuropa heimisch und werden heute in gem\u00e4\u00dfigten Regionen auf der ganzen Welt angebaut.<\/h4>\n<h4 class=\"header-vfC6AV auto-hide-last-sibling-br\">Aussehen:<\/h4>\n<h4 class=\"auto-hide-last-sibling-br paragraph-JOTKXA paragraph-element br-paragraph-space\">Rosarotes Pulver, lose ohne zu verklumpen, keine mit blo\u00dfem Auge sichtbaren Verunreinigungen<\/h4>\n<h4 class=\"header-vfC6AV auto-hide-last-sibling-br\">Nachweismethode:<\/h4>\n<h4 class=\"auto-hide-last-sibling-br paragraph-JOTKXA paragraph-element br-paragraph-space\">DC (D\u00fcnnschichtchromatographie)<\/h4>\n<h4 class=\"header-vfC6AV auto-hide-last-sibling-br\">Anwendungsformen:<\/h4>\n<h4 class=\"auto-hide-last-sibling-br paragraph-JOTKXA paragraph-element br-paragraph-space\">Vielseitig einsetzbar<\/h4>\n<h4 class=\"header-vfC6AV auto-hide-last-sibling-br\">Lieferzeit:<\/h4>\n<h4 class=\"auto-hide-last-sibling-br paragraph-JOTKXA paragraph-element br-paragraph-space\">Ganzj\u00e4hrig<\/h4>\n<h4 class=\"header-vfC6AV auto-hide-last-sibling-br\">Kaufanleitung<\/h4>\n<ul class=\"auto-hide-last-sibling-br\">\n<li>\n<h4>\u3010Verpackungsmethode\u3011 25 kg pro Papiertrommel oder Aluminiumfolienbeutel<\/h4>\n<\/li>\n<li>\n<h4>\u3010Lagerbedingungen\u3011Sollte versiegelt und vor Licht gesch\u00fctzt und an einem trockenen, k\u00fchlen und gut bel\u00fcfteten Ort gelagert werden<\/h4>\n<\/li>\n<li>\n<h4>\u3010Haltbarkeit\u30112 Jahre<\/h4>\n<\/li>\n<li>\n<h4>\u3010Probenbereitstellung\u3011 Im Allgemeinen werden 5\u201320 g Proben f\u00fcr das Produkt bereitgestellt. F\u00fcr einige Produkte wird eine Probengeb\u00fchr erhoben.<\/h4>\n<\/li>\n<li>\n<h4>\u3010Produktverpackung\u3011Verpackt in Papierf\u00e4ssern oder Aluminiumfolienbeuteln (kundenspezifische Verpackung auf Kundenwunsch erh\u00e4ltlich)<\/h4>\n<\/li>\n<li>\n<h4>\u3010Lieferzeit\u3011 Nicht kundenspezifische Produkte werden innerhalb von 48 Stunden versendet; die Lieferzeit f\u00fcr kundenspezifische Produkte wird entsprechend dem tats\u00e4chlichen Bedarf angepasst.<\/h4>\n<\/li>\n<li>\n<h4>\u3010Verpackungsmethode\u3011 25 kg pro Papierfass oder Aluminiumfolienbeutel; die Verpackung kann den tats\u00e4chlichen Bedingungen angepasst werden.<\/h4>\n<\/li>\n<li>\n<h4>\u3010Transportmethode\u3011 Inl\u00e4ndische Expresslogistik; das Angebot beinhaltet die Transportkosten.<\/h4>\n<\/li>\n<li>\n<h4>\u3010Lagerbedingungen\u3011 Versiegelt und vor Licht gesch\u00fctzt, an einem trockenen, k\u00fchlen und gut bel\u00fcfteten Ort gelagert<\/h4>\n<\/li>\n<\/ul>","protected":false},"featured_media":10223,"comment_status":"closed","ping_status":"closed","template":"","meta":[],"product_brand":[],"product_cat":[18,20],"product_tag":[],"class_list":{"0":"post-10222","1":"product","2":"type-product","3":"status-publish","4":"has-post-thumbnail","6":"product_cat-fruit-and-vegetable-powder","7":"product_cat-fruit-powder","9":"first","10":"instock","11":"shipping-taxable","12":"product-type-simple"},"_links":{"self":[{"href":"https:\/\/www.hvbio.com\/de\/wp-json\/wp\/v2\/product\/10222","targetHints":{"allow":["GET"]}}],"collection":[{"href":"https:\/\/www.hvbio.com\/de\/wp-json\/wp\/v2\/product"}],"about":[{"href":"https:\/\/www.hvbio.com\/de\/wp-json\/wp\/v2\/types\/product"}],"replies":[{"embeddable":true,"href":"https:\/\/www.hvbio.com\/de\/wp-json\/wp\/v2\/comments?post=10222"}],"wp:featuredmedia":[{"embeddable":true,"href":"https:\/\/www.hvbio.com\/de\/wp-json\/wp\/v2\/media\/10223"}],"wp:attachment":[{"href":"https:\/\/www.hvbio.com\/de\/wp-json\/wp\/v2\/media?parent=10222"}],"wp:term":[{"taxonomy":"product_brand","embeddable":true,"href":"https:\/\/www.hvbio.com\/de\/wp-json\/wp\/v2\/product_brand?post=10222"},{"taxonomy":"product_cat","embeddable":true,"href":"https:\/\/www.hvbio.com\/de\/wp-json\/wp\/v2\/product_cat?post=10222"},{"taxonomy":"product_tag","embeddable":true,"href":"https:\/\/www.hvbio.com\/de\/wp-json\/wp\/v2\/product_tag?post=10222"}],"curies":[{"name":"wp","href":"https:\/\/api.w.org\/{rel}","templated":true}]}}