{"id":10235,"date":"2025-09-12T15:08:59","date_gmt":"2025-09-12T07:08:59","guid":{"rendered":"https:\/\/www.hvbio.com\/?post_type=product&#038;p=10235"},"modified":"2025-09-12T15:08:59","modified_gmt":"2025-09-12T07:08:59","slug":"functional-red-yeast-rice-powder","status":"publish","type":"product","link":"https:\/\/www.hvbio.com\/de\/produkt\/functional-red-yeast-rice-powder\/","title":{"rendered":"Funktionelles rotes Hefereispulver"},"content":{"rendered":"<table>\n<thead>\n<tr>\n<th><strong>Artikel<\/strong><\/th>\n<th><strong>Beschreibung<\/strong><\/th>\n<\/tr>\n<\/thead>\n<tbody>\n<tr>\n<td>Produktname<\/td>\n<td>Funktionelles rotes Hefereispulver<\/td>\n<\/tr>\n<tr>\n<td>Hauptzutaten<\/td>\n<td>Grundlegende Nahrungs- und Pigmentkomponenten, Mikron\u00e4hrstoffe und andere Wirkstoffe<\/td>\n<\/tr>\n<tr>\n<td>Extraktionsquelle<\/td>\n<td>Als Fermentationstr\u00e4ger wird ausschlie\u00dflich hochwertiger Reis (meist Indica-Reis, Klebreis oder Japonica-Reis \u2013 mit hohem St\u00e4rkegehalt und geringen Verunreinigungen, der ausreichend Kohlenstoffquellen f\u00fcr die mikrobielle Fermentation liefern kann) verwendet. Um die Reinheit der Fermentationsprodukte und die Anreicherung der Wirkstoffe zu gew\u00e4hrleisten, werden keine weiteren Getreidesorten oder Hilfsstoffe zugesetzt.<\/td>\n<\/tr>\n<tr>\n<td>Aussehen<\/td>\n<td>Dunkelrotes Pulver; lose, kein Verklumpen und keine mit blo\u00dfem Auge sichtbaren Verunreinigungen<\/td>\n<\/tr>\n<tr>\n<td>Nachweismethode<\/td>\n<td>DC (D\u00fcnnschichtchromatographie)<\/td>\n<\/tr>\n<tr>\n<td>Anwendungsdosierungsformen<\/td>\n<td>Vielseitig einsetzbar<\/td>\n<\/tr>\n<tr>\n<td>Lieferzeit<\/td>\n<td>Ganzj\u00e4hrig<\/td>\n<\/tr>\n<tr>\n<td>Lagerbedingungen<\/td>\n<td>In einem verschlossenen Beh\u00e4lter aufbewahren; an einem k\u00fchlen, trockenen und lichtgesch\u00fctzten Ort, fern von W\u00e4rmequellen und feuchten Umgebungen aufbewahren<\/td>\n<\/tr>\n<tr>\n<td>Haltbarkeit<\/td>\n<td>2 Jahre<\/td>\n<\/tr>\n<\/tbody>\n<\/table>","protected":false},"excerpt":{"rendered":"<h1 class=\"header-vfC6AV auto-hide-last-sibling-br\">Produktname: Funktionelles rotes Hefereispulver<\/h1>\n<h2 class=\"header-vfC6AV auto-hide-last-sibling-br\">Hauptzutaten:<\/h2>\n<div class=\"auto-hide-last-sibling-br paragraph-JOTKXA paragraph-element br-paragraph-space\">Grundlegende Nahrungs- und Pigmentkomponenten, Mikron\u00e4hrstoffe und andere Wirkstoffe<\/div>\n<h2 class=\"header-vfC6AV auto-hide-last-sibling-br\">Extraktionsquelle:<\/h2>\n<div class=\"auto-hide-last-sibling-br paragraph-JOTKXA paragraph-element br-paragraph-space\">Als Fermentationstr\u00e4ger wird ausschlie\u00dflich hochwertiger Reis (meist Indica-Reis, Klebreis oder Japonica-Reis) verwendet, der einen hohen St\u00e4rkegehalt und geringe Verunreinigungen aufweist und ausreichend Kohlenstoffquellen f\u00fcr die mikrobielle Fermentation liefern kann. Um die Reinheit der Fermentationsprodukte und die Anreicherung der Wirkstoffe zu gew\u00e4hrleisten, werden keine weiteren Getreidesorten oder Hilfsstoffe zugesetzt.<\/div>\n<h2 class=\"header-vfC6AV auto-hide-last-sibling-br\">Aussehen:<\/h2>\n<div class=\"auto-hide-last-sibling-br paragraph-JOTKXA paragraph-element br-paragraph-space\">Dunkelrotes Pulver, lose ohne zu verklumpen, keine sichtbaren Verunreinigungen mit blo\u00dfem Auge<\/div>\n<h2 class=\"header-vfC6AV auto-hide-last-sibling-br\">Nachweismethode:<\/h2>\n<div class=\"auto-hide-last-sibling-br paragraph-JOTKXA paragraph-element br-paragraph-space\">DC (D\u00fcnnschichtchromatographie)<\/div>\n<h2 class=\"header-vfC6AV auto-hide-last-sibling-br\">Anwendungsformen:<\/h2>\n<div class=\"auto-hide-last-sibling-br paragraph-JOTKXA paragraph-element br-paragraph-space\">Vielseitig einsetzbar<\/div>\n<h2 class=\"header-vfC6AV auto-hide-last-sibling-br\">Lieferzeit:<\/h2>\n<div class=\"auto-hide-last-sibling-br paragraph-JOTKXA paragraph-element br-paragraph-space\">Ganzj\u00e4hrig<\/div>\n<h2 class=\"header-vfC6AV auto-hide-last-sibling-br\">Kaufanleitung<\/h2>\n<ul class=\"auto-hide-last-sibling-br\">\n<li>\u3010Verpackungsmethode\u3011 25 kg pro Papiertrommel oder Aluminiumfolienbeutel<\/li>\n<li>\u3010Lagerbedingungen\u3011Sollte versiegelt und vor Licht gesch\u00fctzt und an einem trockenen, k\u00fchlen und gut bel\u00fcfteten Ort gelagert werden<\/li>\n<li>\u3010Haltbarkeit\u30112 Jahre<\/li>\n<li>\u3010Probenbereitstellung\u3011 Im Allgemeinen werden 5\u201320 g Proben f\u00fcr das Produkt bereitgestellt. F\u00fcr einige Produkte wird eine Probengeb\u00fchr erhoben.<\/li>\n<li>\u3010Produktverpackung\u3011Verpackt in Papierf\u00e4ssern oder Aluminiumfolienbeuteln (kundenspezifische Verpackung auf Kundenwunsch erh\u00e4ltlich)<\/li>\n<li>\u3010Lieferzeit\u3011 Nicht kundenspezifische Produkte werden innerhalb von 48 Stunden versendet; die Lieferzeit f\u00fcr kundenspezifische Produkte wird entsprechend dem tats\u00e4chlichen Bedarf angepasst.<\/li>\n<li>\u3010Verpackungsmethode\u3011 25 kg pro Papierfass oder Aluminiumfolienbeutel; die Verpackung kann den tats\u00e4chlichen Bedingungen angepasst werden.<\/li>\n<li>\u3010Transportmethode\u3011 Inl\u00e4ndische Expresslogistik; das Angebot beinhaltet die Transportkosten.<\/li>\n<li>\u3010Lagerbedingungen\u3011 Versiegelt und vor Licht gesch\u00fctzt, an einem trockenen, k\u00fchlen und gut bel\u00fcfteten Ort gelagert<\/li>\n<\/ul>","protected":false},"featured_media":10236,"comment_status":"closed","ping_status":"closed","template":"","meta":[],"product_brand":[],"product_cat":[18,20],"product_tag":[],"class_list":{"0":"post-10235","1":"product","2":"type-product","3":"status-publish","4":"has-post-thumbnail","6":"product_cat-fruit-and-vegetable-powder","7":"product_cat-fruit-powder","9":"first","10":"instock","11":"shipping-taxable","12":"product-type-simple"},"_links":{"self":[{"href":"https:\/\/www.hvbio.com\/de\/wp-json\/wp\/v2\/product\/10235","targetHints":{"allow":["GET"]}}],"collection":[{"href":"https:\/\/www.hvbio.com\/de\/wp-json\/wp\/v2\/product"}],"about":[{"href":"https:\/\/www.hvbio.com\/de\/wp-json\/wp\/v2\/types\/product"}],"replies":[{"embeddable":true,"href":"https:\/\/www.hvbio.com\/de\/wp-json\/wp\/v2\/comments?post=10235"}],"wp:featuredmedia":[{"embeddable":true,"href":"https:\/\/www.hvbio.com\/de\/wp-json\/wp\/v2\/media\/10236"}],"wp:attachment":[{"href":"https:\/\/www.hvbio.com\/de\/wp-json\/wp\/v2\/media?parent=10235"}],"wp:term":[{"taxonomy":"product_brand","embeddable":true,"href":"https:\/\/www.hvbio.com\/de\/wp-json\/wp\/v2\/product_brand?post=10235"},{"taxonomy":"product_cat","embeddable":true,"href":"https:\/\/www.hvbio.com\/de\/wp-json\/wp\/v2\/product_cat?post=10235"},{"taxonomy":"product_tag","embeddable":true,"href":"https:\/\/www.hvbio.com\/de\/wp-json\/wp\/v2\/product_tag?post=10235"}],"curies":[{"name":"wp","href":"https:\/\/api.w.org\/{rel}","templated":true}]}}