{"id":10240,"date":"2025-09-12T15:46:13","date_gmt":"2025-09-12T07:46:13","guid":{"rendered":"https:\/\/www.hvbio.com\/?post_type=product&#038;p=10240"},"modified":"2025-09-12T16:22:24","modified_gmt":"2025-09-12T08:22:24","slug":"ginseng-fruit-powder","status":"publish","type":"product","link":"https:\/\/www.hvbio.com\/de\/produkt\/ginseng-fruit-powder\/","title":{"rendered":"Ginseng-Fruchtpulver"},"content":{"rendered":"<table>\n<thead>\n<tr>\n<th>Artikel<\/th>\n<th>Details<\/th>\n<\/tr>\n<\/thead>\n<tbody>\n<tr>\n<td><strong>Produktname<\/strong><\/td>\n<td>Ginseng-Fruchtpulver<\/td>\n<\/tr>\n<tr>\n<td><strong>Produktaliase<\/strong><\/td>\n<td>Unsterbliche Frucht, Duftende Prachtbirne, Prachtfrucht, Cao Huan Dan (Kr\u00e4uterelixier der Wiedergeburt)<\/td>\n<\/tr>\n<tr>\n<td><strong>Englischer Name<\/strong><\/td>\n<td>Ginseng-Frucht<\/td>\n<\/tr>\n<tr>\n<td><strong>Extraktionsquelle<\/strong><\/td>\n<td>Beeren von\u00a0<em>Panax Ginseng<\/em>\u00a0CA Meyer (eine Pflanze aus der Familie der Araliengew\u00e4chse)<\/td>\n<\/tr>\n<tr>\n<td><strong>Produktdarstellung<\/strong><\/td>\n<td>Feines Pulver<\/td>\n<\/tr>\n<tr>\n<td><strong>Produktspezifikation<\/strong><\/td>\n<td>10:1, 20:1<\/td>\n<\/tr>\n<tr>\n<td><strong>Produktionsprozess<\/strong><\/td>\n<td>1. Hochwertige Rohstoffe ausw\u00e4hlen; 2. Rohstoffe reinigen; 3. 3-mal extrahieren; 4. Konzentrieren; 5. Zu Pulver spr\u00fchtrocknen; 6. Sieben und sterilisieren; 7. Verpacken<\/td>\n<\/tr>\n<tr>\n<td><strong>Produktmaschenweite<\/strong><\/td>\n<td>80 Maschen \u2013 100 Maschen<\/td>\n<\/tr>\n<tr>\n<td><strong>Speichermethode<\/strong><\/td>\n<td>An einem gut bel\u00fcfteten, trockenen, k\u00fchlen und mottensicheren Ort aufbewahren, vor Licht gesch\u00fctzt<\/td>\n<\/tr>\n<tr>\n<td><strong>Verpackungsspezifikation<\/strong><\/td>\n<td>1\u20135 kg\/Aluminiumfolienbeutel + Hartkarton; 25 kg\/Papierfass<\/td>\n<\/tr>\n<tr>\n<td><strong>Haltbarkeit<\/strong><\/td>\n<td>24 Monate<\/td>\n<\/tr>\n<\/tbody>\n<\/table>","protected":false},"excerpt":{"rendered":"<div class=\"auto-hide-last-sibling-br paragraph-JOTKXA paragraph-element br-paragraph-space\"><strong>Produktname<\/strong>: Ginseng-Fruchtpulver<br class=\"container-utlnW2 wrapper-d0Cc1k undefined\" \/><strong>Alternative Namen<\/strong>: Unsterbliche Frucht, Duftende, Wundersch\u00f6ne Birne, Wundersch\u00f6ne Frucht, Caohuandan<br class=\"container-utlnW2 wrapper-d0Cc1k undefined\" \/><strong>Englischer Name<\/strong>: Ginseng-Frucht<\/div>\n<div class=\"auto-hide-last-sibling-br paragraph-JOTKXA paragraph-element br-paragraph-space\"><strong>Extraktionsquelle<\/strong>: Beeren von\u00a0<em>Panax Ginseng<\/em>\u00a0CA Mey. (eine Pflanze aus der Familie der Araliengew\u00e4chse)<\/div>\n<div class=\"auto-hide-last-sibling-br paragraph-JOTKXA paragraph-element br-paragraph-space\"><strong>Produktdarstellung<\/strong>: Feines Pulver<\/div>\n<div class=\"auto-hide-last-sibling-br paragraph-JOTKXA paragraph-element br-paragraph-space\"><strong>Produktspezifikationen<\/strong>: 10:1, 20:1<\/div>\n<div class=\"auto-hide-last-sibling-br paragraph-JOTKXA paragraph-element br-paragraph-space\"><strong>Produktionsprozess<\/strong>:<\/div>\n<ol class=\"auto-hide-last-sibling-br\">\n<li>Auswahl hochwertiger Rohstoffe<\/li>\n<li>Rohstoffreinigung<\/li>\n<li>Dreifache Extraktion<\/li>\n<li>Konzentration<\/li>\n<li>Spr\u00fchtrocknung zu Pulver<\/li>\n<li>Sieben und Sterilisieren<\/li>\n<li>Verpackung<\/li>\n<\/ol>\n<div class=\"auto-hide-last-sibling-br paragraph-JOTKXA paragraph-element br-paragraph-space\"><strong>Produktmaschenweite<\/strong>: 80-100 Maschen<\/div>\n<div class=\"auto-hide-last-sibling-br paragraph-JOTKXA paragraph-element br-paragraph-space\"><strong>Speichermethode<\/strong>: An einem bel\u00fcfteten, trockenen, k\u00fchlen und mottensicheren Ort aufbewahren, vor Licht gesch\u00fctzt<\/div>\n<div class=\"auto-hide-last-sibling-br paragraph-JOTKXA paragraph-element br-paragraph-space\"><strong>Verpackungsspezifikationen<\/strong>:<\/div>\n<ul class=\"auto-hide-last-sibling-br\">\n<li>1\u20135 kg\/Aluminiumfolienbeutel (verpackt in Hartkarton)<\/li>\n<li>25 kg\/Papiertrommel<\/li>\n<\/ul>\n<div class=\"auto-hide-last-sibling-br paragraph-JOTKXA paragraph-element br-paragraph-space\"><strong>Haltbarkeit<\/strong>: 24 Monate<\/div>","protected":false},"featured_media":10241,"comment_status":"closed","ping_status":"closed","template":"","meta":[],"product_brand":[],"product_cat":[18,20],"product_tag":[],"class_list":{"0":"post-10240","1":"product","2":"type-product","3":"status-publish","4":"has-post-thumbnail","6":"product_cat-fruit-and-vegetable-powder","7":"product_cat-fruit-powder","9":"first","10":"instock","11":"shipping-taxable","12":"product-type-simple"},"_links":{"self":[{"href":"https:\/\/www.hvbio.com\/de\/wp-json\/wp\/v2\/product\/10240","targetHints":{"allow":["GET"]}}],"collection":[{"href":"https:\/\/www.hvbio.com\/de\/wp-json\/wp\/v2\/product"}],"about":[{"href":"https:\/\/www.hvbio.com\/de\/wp-json\/wp\/v2\/types\/product"}],"replies":[{"embeddable":true,"href":"https:\/\/www.hvbio.com\/de\/wp-json\/wp\/v2\/comments?post=10240"}],"wp:featuredmedia":[{"embeddable":true,"href":"https:\/\/www.hvbio.com\/de\/wp-json\/wp\/v2\/media\/10241"}],"wp:attachment":[{"href":"https:\/\/www.hvbio.com\/de\/wp-json\/wp\/v2\/media?parent=10240"}],"wp:term":[{"taxonomy":"product_brand","embeddable":true,"href":"https:\/\/www.hvbio.com\/de\/wp-json\/wp\/v2\/product_brand?post=10240"},{"taxonomy":"product_cat","embeddable":true,"href":"https:\/\/www.hvbio.com\/de\/wp-json\/wp\/v2\/product_cat?post=10240"},{"taxonomy":"product_tag","embeddable":true,"href":"https:\/\/www.hvbio.com\/de\/wp-json\/wp\/v2\/product_tag?post=10240"}],"curies":[{"name":"wp","href":"https:\/\/api.w.org\/{rel}","templated":true}]}}