{"id":10271,"date":"2025-09-23T11:59:37","date_gmt":"2025-09-23T03:59:37","guid":{"rendered":"https:\/\/www.hvbio.com\/?post_type=product&#038;p=10271"},"modified":"2025-09-23T11:59:37","modified_gmt":"2025-09-23T03:59:37","slug":"saw-palmetto-extract","status":"publish","type":"product","link":"https:\/\/www.hvbio.com\/de\/produkt\/saw-palmetto-extract\/","title":{"rendered":"Saw Palmetto Extract"},"content":{"rendered":"<table>\n<thead>\n<tr>\n<th><strong>Artikel<\/strong><\/th>\n<th><strong>Beschreibung<\/strong><\/th>\n<\/tr>\n<\/thead>\n<tbody>\n<tr>\n<td>Produktname<\/td>\n<td>Saw Palmetto Extract<\/td>\n<\/tr>\n<tr>\n<td>Produktspezifikation<\/td>\n<td>10:1 (Indicates the ratio of raw material to extract; 10 parts of raw fruit are used to produce 1 part of extract)<\/td>\n<\/tr>\n<tr>\n<td>Extraktionsteil<\/td>\n<td>Obst<\/td>\n<\/tr>\n<tr>\n<td>Charakter<\/td>\n<td>Wei\u00dfes Pulver<\/td>\n<\/tr>\n<tr>\n<td>Nachweismethode<\/td>\n<td>TLC (Thin Layer Chromatography, a common analytical technique for identifying components)<\/td>\n<\/tr>\n<tr>\n<td>Verpackungsmethode<\/td>\n<td>25kg paper drum \/ aluminum foil bag<\/td>\n<\/tr>\n<tr>\n<td>Lagerbedingungen<\/td>\n<td>Sollte versiegelt und vor Licht gesch\u00fctzt sein; an einem trockenen, k\u00fchlen und gut bel\u00fcfteten Ort gelagert werden<\/td>\n<\/tr>\n<tr>\n<td>Haltbarkeit<\/td>\n<td>24 Monate<\/td>\n<\/tr>\n<\/tbody>\n<\/table>","protected":false},"excerpt":{"rendered":"<p>Saw Palmetto Extract<\/p>","protected":false},"featured_media":10276,"comment_status":"closed","ping_status":"closed","template":"","meta":[],"product_brand":[],"product_cat":[18],"product_tag":[43],"class_list":{"0":"post-10271","1":"product","2":"type-product","3":"status-publish","4":"has-post-thumbnail","6":"product_cat-fruit-and-vegetable-powder","7":"product_tag-saw-palmetto-extract","9":"first","10":"instock","11":"shipping-taxable","12":"product-type-simple"},"_links":{"self":[{"href":"https:\/\/www.hvbio.com\/de\/wp-json\/wp\/v2\/product\/10271","targetHints":{"allow":["GET"]}}],"collection":[{"href":"https:\/\/www.hvbio.com\/de\/wp-json\/wp\/v2\/product"}],"about":[{"href":"https:\/\/www.hvbio.com\/de\/wp-json\/wp\/v2\/types\/product"}],"replies":[{"embeddable":true,"href":"https:\/\/www.hvbio.com\/de\/wp-json\/wp\/v2\/comments?post=10271"}],"wp:featuredmedia":[{"embeddable":true,"href":"https:\/\/www.hvbio.com\/de\/wp-json\/wp\/v2\/media\/10276"}],"wp:attachment":[{"href":"https:\/\/www.hvbio.com\/de\/wp-json\/wp\/v2\/media?parent=10271"}],"wp:term":[{"taxonomy":"product_brand","embeddable":true,"href":"https:\/\/www.hvbio.com\/de\/wp-json\/wp\/v2\/product_brand?post=10271"},{"taxonomy":"product_cat","embeddable":true,"href":"https:\/\/www.hvbio.com\/de\/wp-json\/wp\/v2\/product_cat?post=10271"},{"taxonomy":"product_tag","embeddable":true,"href":"https:\/\/www.hvbio.com\/de\/wp-json\/wp\/v2\/product_tag?post=10271"}],"curies":[{"name":"wp","href":"https:\/\/api.w.org\/{rel}","templated":true}]}}