{"id":10313,"date":"2025-09-23T14:45:03","date_gmt":"2025-09-23T06:45:03","guid":{"rendered":"https:\/\/www.hvbio.com\/?post_type=product&#038;p=10313"},"modified":"2025-09-23T14:45:04","modified_gmt":"2025-09-23T06:45:04","slug":"gynostemma-pentaphyllum-extract","status":"publish","type":"product","link":"https:\/\/www.hvbio.com\/de\/produkt\/gynostemma-pentaphyllum-extract\/","title":{"rendered":"Gynostemma Pentaphyllum-Extrakt"},"content":{"rendered":"<table>\n<thead>\n<tr>\n<th>Artikel<\/th>\n<th>Inhalt<\/th>\n<\/tr>\n<\/thead>\n<tbody>\n<tr>\n<td><strong>Produktname<\/strong><\/td>\n<td>Gynostemma Pentaphyllum-Extrakt<\/td>\n<\/tr>\n<tr>\n<td><strong>Englischer Name<\/strong><\/td>\n<td>Gynostemma PE<\/td>\n<\/tr>\n<tr>\n<td><strong>Lateinischer Name<\/strong><\/td>\n<td>Gynostemma pentaphyllum (Thunb.) Makino<\/td>\n<\/tr>\n<tr>\n<td><strong>Alias<\/strong><\/td>\n<td>Qiyedan (siebenbl\u00e4ttriger Ginseng), Xiaokuyao (kleines Bitterkraut), Gongluoguodi (m\u00e4nnliche Rettichbasis)<\/td>\n<\/tr>\n<tr>\n<td><strong>Quelle<\/strong><\/td>\n<td>Das ganze Kraut von\u00a0<em>Gynostemma pentaphyllum<\/em>\u00a0(Thunb.) Makino geh\u00f6rt zur Familie der K\u00fcrbisgew\u00e4chse. Es wird im Herbst geerntet und in der Sonne getrocknet.<\/td>\n<\/tr>\n<tr>\n<td><strong>Aussehen<\/strong><\/td>\n<td>Br\u00e4unlich-gelbes Pulver<\/td>\n<\/tr>\n<tr>\n<td><strong>Nachweismethode<\/strong><\/td>\n<td>DC (D\u00fcnnschichtchromatographie)<\/td>\n<\/tr>\n<tr>\n<td><strong>Produktspezifikation<\/strong><\/td>\n<td>10:1. F\u00fcr andere Spezifikationen wie z. B. 20:1 Saponin wenden Sie sich bitte an den Kundendienst.<\/td>\n<\/tr>\n<tr>\n<td><strong>Produktlagerung<\/strong><\/td>\n<td>An einem k\u00fchlen, trockenen Ort aufbewahren, vor Licht und hohen Temperaturen sch\u00fctzen.<\/td>\n<\/tr>\n<tr>\n<td><strong>Produktverpackung<\/strong><\/td>\n<td>1\u20135 kg: Verpackung in Aluminiumfolie; \u00fcber 25 kg: Verpackung in Papierf\u00e4ssern<\/td>\n<\/tr>\n<tr>\n<td><strong>Haltbarkeit<\/strong><\/td>\n<td>Zwei Jahre<\/td>\n<\/tr>\n<\/tbody>\n<\/table>","protected":false},"excerpt":{"rendered":"<p>Item Content Product Name Gynostemma Pentaphyllum Extract English Name Gynostemma P.E. Latin Name Gynostemma pentaphyllum (Thunb.) Makino Alias Qiyedan (Seven-leaf<\/p>","protected":false},"featured_media":10316,"comment_status":"closed","ping_status":"closed","template":"","meta":[],"product_brand":[],"product_cat":[17,24],"product_tag":[],"class_list":{"0":"post-10313","1":"product","2":"type-product","3":"status-publish","4":"has-post-thumbnail","6":"product_cat-plant-extract","7":"product_cat-ratio-extract","9":"first","10":"instock","11":"shipping-taxable","12":"product-type-simple"},"_links":{"self":[{"href":"https:\/\/www.hvbio.com\/de\/wp-json\/wp\/v2\/product\/10313","targetHints":{"allow":["GET"]}}],"collection":[{"href":"https:\/\/www.hvbio.com\/de\/wp-json\/wp\/v2\/product"}],"about":[{"href":"https:\/\/www.hvbio.com\/de\/wp-json\/wp\/v2\/types\/product"}],"replies":[{"embeddable":true,"href":"https:\/\/www.hvbio.com\/de\/wp-json\/wp\/v2\/comments?post=10313"}],"wp:featuredmedia":[{"embeddable":true,"href":"https:\/\/www.hvbio.com\/de\/wp-json\/wp\/v2\/media\/10316"}],"wp:attachment":[{"href":"https:\/\/www.hvbio.com\/de\/wp-json\/wp\/v2\/media?parent=10313"}],"wp:term":[{"taxonomy":"product_brand","embeddable":true,"href":"https:\/\/www.hvbio.com\/de\/wp-json\/wp\/v2\/product_brand?post=10313"},{"taxonomy":"product_cat","embeddable":true,"href":"https:\/\/www.hvbio.com\/de\/wp-json\/wp\/v2\/product_cat?post=10313"},{"taxonomy":"product_tag","embeddable":true,"href":"https:\/\/www.hvbio.com\/de\/wp-json\/wp\/v2\/product_tag?post=10313"}],"curies":[{"name":"wp","href":"https:\/\/api.w.org\/{rel}","templated":true}]}}