{"id":10327,"date":"2025-09-23T15:03:36","date_gmt":"2025-09-23T07:03:36","guid":{"rendered":"https:\/\/www.hvbio.com\/?post_type=product&#038;p=10327"},"modified":"2025-09-23T15:04:18","modified_gmt":"2025-09-23T07:04:18","slug":"apple-cider-vinegar-powder","status":"publish","type":"product","link":"https:\/\/www.hvbio.com\/de\/produkt\/apple-cider-vinegar-powder\/","title":{"rendered":"Apfelessigpulver"},"content":{"rendered":"<div class=\"inter-jQQQ8P\">\n<div class=\"container-PrUkKo\">\n<div class=\"item-hGGxLi\">\n<div class=\"container-arOxqB chrome70-container\">\n<div class=\"inner-FyM8gE inner-item-f8P6nx\" data-target-id=\"message-box-target-id\" data-testid=\"union_message\">\n<div class=\"message-block-container-aFugD6\" data-testid=\"message-block-container\" data-ui-version=\"samantha\">\n<div class=\"flex flex-row w-full w-full max-w-full s-font-base text-s-color-text-secondary p-0 rounded-s-radius-s bg-transparent group data-[attr=select-mode]:-mt-10 data-[attr=select-mode]:py-10 data-[attr=select-mode]:px-16 data-[attr=select-mode]:sm:p-10 data-[attr=select-mode]:hover:bg-s-color-bg-base data-[attr=select-mode]:hover:rounded-s-radius-xs data-[attr=select-mode]:has-[:checked]:bg-s-color-bg-trans data-[attr=select-mode]:has-[:checked]:rounded-s-radius-xs data-[attr=select-mode]:pointer-events-none\" data-testid=\"receive_message\">\n<div class=\"flex flex-col flex-grow max-w-full min-w-0\">\n<div class=\"flex flex-row w-full\" data-testid=\"message_content\" data-message-id=\"21504888632611842\">\n<div class=\"w-full\" data-plugin-identifier=\"Symbol(infra:receive-message-box:text)\">\n<div class=\"container-ZYIsnH flow-markdown-body mdbox-theme-next theme-samantha-Nbr9UN\" dir=\"ltr\" data-testid=\"message_text_content\" data-show-indicator=\"false\">\n<div class=\"auto-hide-last-sibling-br mdbox-table-root table-container-GhL7Lo\" data-scroll-inline-overflow=\"false\" data-scroll-inline-at-start=\"true\" data-scroll-inline-start-overflow=\"false\" data-scroll-inline-at-end=\"true\" data-scroll-inline-end-overflow=\"false\">\n<div class=\"table-scroll-container-hgHkfW mdbox-table-scroll-container\">\n<table style=\"height: 631px;\" width=\"1648\">\n<thead>\n<tr>\n<th>Artikel<\/th>\n<th>Englische Beschreibung<\/th>\n<\/tr>\n<\/thead>\n<tbody>\n<tr>\n<td>Produktname<\/td>\n<td>Apfelessigpulver<\/td>\n<\/tr>\n<tr>\n<td>Hauptzutaten<\/td>\n<td>Organic acids, active ingredients, basic nutrients<\/td>\n<\/tr>\n<tr>\n<td>Extraktionsquelle<\/td>\n<td>The ingredients are based on the natural components of apple cider vinegar, and a small amount of auxiliary materials may be added during the processing according to the production technology<\/td>\n<\/tr>\n<tr>\n<td>Produktmaschenweite<\/td>\n<td>98% passiert ein 80-Maschen-Sieb<\/td>\n<\/tr>\n<tr>\n<td>Aussehen<\/td>\n<td>White loose powder, no caking, and no visible impurities to the naked eye<\/td>\n<\/tr>\n<tr>\n<td>Nachweismethode<\/td>\n<td>HPLC (High Performance Liquid Chromatography)\/UV (Ultraviolet Spectroscopy)<\/td>\n<\/tr>\n<tr>\n<td>Anwendungsdosierungsformen<\/td>\n<td>Breites Anwendungsspektrum<\/td>\n<\/tr>\n<tr>\n<td>Lieferzeitraum<\/td>\n<td>Ganzes Jahr<\/td>\n<\/tr>\n<tr>\n<td>Lagerung<\/td>\n<td>In einem verschlossenen Beh\u00e4lter an einem k\u00fchlen, trockenen und dunklen Ort aufbewahren, fern von W\u00e4rmequellen und feuchten Umgebungen.<\/td>\n<\/tr>\n<tr>\n<td>Haltbarkeit<\/td>\n<td>Zwei Jahre<\/td>\n<\/tr>\n<\/tbody>\n<\/table>\n<\/div>\n<\/div>\n<\/div>\n<\/div>\n<\/div>\n<div class=\"flex-row flex max-w-full min-w-0 flex-grow\">\n<div class=\"flex flex-col justify-end h-40 w-full select-none opacity-100\" data-testid=\"message_action_bar\">\n<div class=\"message-action-bar-ghR0JC flex flex-row w-full group\"><\/div>\n<\/div>\n<\/div>\n<div class=\"suggest-message-list-wrapper-Hn7Sfr\" data-testid=\"suggest_message_list\">\n<div class=\"suggest-list-item suggest-message-LJeEWd\" data-testid=\"suggest_message_item\"><\/div>\n<\/div>\n<\/div>\n<\/div>\n<\/div>\n<\/div>\n<\/div>\n<\/div>\n<\/div>\n<\/div>\n<div class=\"top-lAPxtl\">\n<div class=\"container-arOxqB chrome70-container\"><\/div>\n<\/div>","protected":false},"excerpt":{"rendered":"<div class=\"inter-jQQQ8P\">\n<div class=\"container-PrUkKo\">\n<div class=\"item-hGGxLi\">\n<div class=\"container-arOxqB chrome70-container\">\n<div class=\"inner-FyM8gE inner-item-f8P6nx\" data-target-id=\"message-box-target-id\" data-testid=\"union_message\">\n<div class=\"message-block-container-aFugD6\" data-testid=\"message-block-container\" data-ui-version=\"samantha\">\n<div class=\"flex flex-row w-full w-full max-w-full s-font-base text-s-color-text-secondary p-0 rounded-s-radius-s bg-transparent group data-[attr=select-mode]:-mt-10 data-[attr=select-mode]:py-10 data-[attr=select-mode]:px-16 data-[attr=select-mode]:sm:p-10 data-[attr=select-mode]:hover:bg-s-color-bg-base data-[attr=select-mode]:hover:rounded-s-radius-xs data-[attr=select-mode]:has-[:checked]:bg-s-color-bg-trans data-[attr=select-mode]:has-[:checked]:rounded-s-radius-xs data-[attr=select-mode]:pointer-events-none\" data-testid=\"receive_message\">\n<div class=\"flex flex-col flex-grow max-w-full min-w-0\">\n<div class=\"flex flex-row w-full\" data-testid=\"message_content\" data-message-id=\"21505272413496834\">\n<div class=\"w-full\" data-plugin-identifier=\"Symbol(infra:receive-message-box:text)\">\n<div class=\"container-ZYIsnH flow-markdown-body mdbox-theme-next theme-samantha-Nbr9UN\" dir=\"ltr\" data-testid=\"message_text_content\" data-show-indicator=\"false\">\n<h4 class=\"header-vfC6AV auto-hide-last-sibling-br\">Produktname: Apfelessigpulver<\/h4>\n<h4 class=\"header-vfC6AV auto-hide-last-sibling-br\">Hauptzutaten<\/h4>\n<ul class=\"auto-hide-last-sibling-br\">\n<li>\n<h4>Organische S\u00e4uren<\/h4>\n<\/li>\n<li>\n<h4>Wirkstoffe<\/h4>\n<\/li>\n<li>\n<h4>Grundn\u00e4hrstoffe<\/h4>\n<\/li>\n<\/ul>\n<h4 class=\"header-vfC6AV auto-hide-last-sibling-br\">Extraktionsquelle<\/h4>\n<h4 class=\"auto-hide-last-sibling-br paragraph-JOTKXA paragraph-element br-paragraph-space\">Die Zutaten basieren auf den nat\u00fcrlichen Bestandteilen des Apfelessigs. Bei der Verarbeitung k\u00f6nnen geringe Mengen an Hilfsstoffen zugesetzt werden.<\/h4>\n<h4 class=\"header-vfC6AV auto-hide-last-sibling-br\">Produktmaschenweite<\/h4>\n<h4 class=\"auto-hide-last-sibling-br paragraph-JOTKXA paragraph-element br-paragraph-space\">98% des Produkts passieren ein 80-Maschen-Sieb.<\/h4>\n<h4 class=\"header-vfC6AV auto-hide-last-sibling-br\">Aussehen<\/h4>\n<h4 class=\"auto-hide-last-sibling-br paragraph-JOTKXA paragraph-element br-paragraph-space\">Wei\u00dfes, loses Pulver ohne Verklumpungen oder sichtbare Verunreinigungen.<\/h4>\n<h4 class=\"header-vfC6AV auto-hide-last-sibling-br\">Nachweismethode<\/h4>\n<h4 class=\"auto-hide-last-sibling-br paragraph-JOTKXA paragraph-element br-paragraph-space\">HPLC\/UV<\/h4>\n<h4 class=\"header-vfC6AV auto-hide-last-sibling-br\">Anwendungsdosierungsformen<\/h4>\n<h4 class=\"auto-hide-last-sibling-br paragraph-JOTKXA paragraph-element br-paragraph-space\">Vielseitig einsetzbar<\/h4>\n<h4 class=\"header-vfC6AV auto-hide-last-sibling-br\">Lieferzeit<\/h4>\n<h4 class=\"auto-hide-last-sibling-br paragraph-JOTKXA paragraph-element br-paragraph-space\">Ganzj\u00e4hrig verf\u00fcgbar<\/h4>\n<h4 class=\"header-vfC6AV auto-hide-last-sibling-br\">Kaufanleitung<\/h4>\n<h4 class=\"auto-hide-last-sibling-br paragraph-JOTKXA paragraph-element br-paragraph-space\">\u3010Verpackungsmethode\u301125 kg pro Papierfass oder Aluminiumfolienbeutel.<\/h4>\n<div class=\"container-utlnW2 md-box-line-break wrapper-d0Cc1k undefined\"><\/div>\n<h4 class=\"auto-hide-last-sibling-br paragraph-JOTKXA paragraph-element br-paragraph-space\">\u3010Lagerbedingungen\u3011Verschlie\u00dfen und vor Licht sch\u00fctzen; an einem trockenen, k\u00fchlen und gut bel\u00fcfteten Ort lagern.<\/h4>\n<div class=\"container-utlnW2 md-box-line-break wrapper-d0Cc1k undefined\"><\/div>\n<h4 class=\"auto-hide-last-sibling-br paragraph-JOTKXA paragraph-element br-paragraph-space\">\u3010Haltbarkeit\u30112 Jahre<\/h4>\n<div class=\"container-utlnW2 md-box-line-break wrapper-d0Cc1k undefined\"><\/div>\n<h4 class=\"auto-hide-last-sibling-br paragraph-JOTKXA paragraph-element br-paragraph-space\">\u3010Probe\u3011 Im Allgemeinen werden f\u00fcr die meisten Produkte 5\u201320 g Proben bereitgestellt. F\u00fcr einige Produkte kann eine Probengeb\u00fchr erhoben werden.<\/h4>\n<div class=\"container-utlnW2 md-box-line-break wrapper-d0Cc1k undefined\"><\/div>\n<h4 class=\"auto-hide-last-sibling-br paragraph-JOTKXA paragraph-element br-paragraph-space\">\u3010Produktverpackung\u3011Verpackt in Papierf\u00e4ssern oder Aluminiumfolienbeuteln (anpassbar nach Kundenwunsch).<\/h4>\n<div class=\"container-utlnW2 md-box-line-break wrapper-d0Cc1k undefined\"><\/div>\n<h4 class=\"auto-hide-last-sibling-br paragraph-JOTKXA paragraph-element br-paragraph-space\">\u3010Lieferzeit\u3011 Nicht kundenspezifische Produkte werden innerhalb von 48 Stunden versendet; die Lieferzeit f\u00fcr kundenspezifische Produkte wird je nach tats\u00e4chlichem Bedarf angepasst.<\/h4>\n<div class=\"container-utlnW2 md-box-line-break wrapper-d0Cc1k undefined\"><\/div>\n<h4 class=\"auto-hide-last-sibling-br paragraph-JOTKXA paragraph-element br-paragraph-space\">\u3010Transportmethode\u3011 Inl\u00e4ndische Expresslieferung oder Logistik; das Angebot beinhaltet die Transportkosten.<\/h4>\n<\/div>\n<\/div>\n<\/div>\n<\/div>\n<\/div>\n<\/div>\n<\/div>\n<\/div>\n<\/div>\n<\/div>\n<\/div>","protected":false},"featured_media":10330,"comment_status":"closed","ping_status":"closed","template":"","meta":[],"product_brand":[],"product_cat":[17,24],"product_tag":[],"class_list":{"0":"post-10327","1":"product","2":"type-product","3":"status-publish","4":"has-post-thumbnail","6":"product_cat-plant-extract","7":"product_cat-ratio-extract","9":"first","10":"instock","11":"shipping-taxable","12":"product-type-simple"},"_links":{"self":[{"href":"https:\/\/www.hvbio.com\/de\/wp-json\/wp\/v2\/product\/10327","targetHints":{"allow":["GET"]}}],"collection":[{"href":"https:\/\/www.hvbio.com\/de\/wp-json\/wp\/v2\/product"}],"about":[{"href":"https:\/\/www.hvbio.com\/de\/wp-json\/wp\/v2\/types\/product"}],"replies":[{"embeddable":true,"href":"https:\/\/www.hvbio.com\/de\/wp-json\/wp\/v2\/comments?post=10327"}],"wp:featuredmedia":[{"embeddable":true,"href":"https:\/\/www.hvbio.com\/de\/wp-json\/wp\/v2\/media\/10330"}],"wp:attachment":[{"href":"https:\/\/www.hvbio.com\/de\/wp-json\/wp\/v2\/media?parent=10327"}],"wp:term":[{"taxonomy":"product_brand","embeddable":true,"href":"https:\/\/www.hvbio.com\/de\/wp-json\/wp\/v2\/product_brand?post=10327"},{"taxonomy":"product_cat","embeddable":true,"href":"https:\/\/www.hvbio.com\/de\/wp-json\/wp\/v2\/product_cat?post=10327"},{"taxonomy":"product_tag","embeddable":true,"href":"https:\/\/www.hvbio.com\/de\/wp-json\/wp\/v2\/product_tag?post=10327"}],"curies":[{"name":"wp","href":"https:\/\/api.w.org\/{rel}","templated":true}]}}