{"id":10352,"date":"2025-10-14T10:35:59","date_gmt":"2025-10-14T02:35:59","guid":{"rendered":"https:\/\/www.hvbio.com\/?post_type=product&#038;p=10352"},"modified":"2025-10-14T10:36:00","modified_gmt":"2025-10-14T02:36:00","slug":"horsetail-extract","status":"publish","type":"product","link":"https:\/\/www.hvbio.com\/de\/produkt\/horsetail-extract\/","title":{"rendered":"Horsetail Extract"},"content":{"rendered":"<div class=\"inter-jQQQ8P\">\n<div class=\"container-PrUkKo\">\n<div class=\"item-hGGxLi\">\n<div class=\"container-arOxqB chrome70-container\">\n<div class=\"inner-FyM8gE inner-item-f8P6nx\" data-target-id=\"message-box-target-id\" data-testid=\"union_message\">\n<div class=\"message-block-container-aFugD6\" data-testid=\"message-block-container\" data-ui-version=\"samantha\">\n<div class=\"flex flex-row w-full w-full max-w-full s-font-base text-s-color-text-secondary p-0 rounded-s-radius-s bg-transparent group data-[attr=select-mode]:-mt-10 data-[attr=select-mode]:py-10 data-[attr=select-mode]:px-16 data-[attr=select-mode]:sm:p-10 data-[attr=select-mode]:hover:bg-s-color-bg-base data-[attr=select-mode]:hover:rounded-s-radius-xs data-[attr=select-mode]:has-[:checked]:bg-s-color-bg-trans data-[attr=select-mode]:has-[:checked]:rounded-s-radius-xs data-[attr=select-mode]:pointer-events-none\" data-testid=\"receive_message\">\n<div class=\"flex flex-col flex-grow max-w-full min-w-0\">\n<div class=\"flex flex-row w-full\" data-testid=\"message_content\" data-message-id=\"21510823919947778\">\n<div class=\"w-full\" data-plugin-identifier=\"Symbol(infra:receive-message-box:text)\">\n<div class=\"container-ZYIsnH flow-markdown-body mdbox-theme-next theme-samantha-Nbr9UN\" dir=\"ltr\" data-testid=\"message_text_content\" data-show-indicator=\"false\">\n<div class=\"auto-hide-last-sibling-br mdbox-table-root table-container-GhL7Lo\" data-scroll-inline-overflow=\"false\" data-scroll-inline-at-start=\"true\" data-scroll-inline-start-overflow=\"false\" data-scroll-inline-at-end=\"true\" data-scroll-inline-end-overflow=\"false\">\n<div class=\"table-scroll-container-hgHkfW mdbox-table-scroll-container\">\n<table>\n<thead>\n<tr>\n<th>Artikel<\/th>\n<th>Details<\/th>\n<\/tr>\n<\/thead>\n<tbody>\n<tr>\n<td>Produktname<\/td>\n<td>Horsetail Extract<\/td>\n<\/tr>\n<tr>\n<td>Alternative Namen<\/td>\n<td>Japanisches Gei\u00dfblatt, Gei\u00dfblattrebe, Silberrebe<\/td>\n<\/tr>\n<tr>\n<td>Lateinischer Name<\/td>\n<td>Japanische Lonicera<\/td>\n<\/tr>\n<tr>\n<td>Pflanzenquelle<\/td>\n<td>Bl\u00e4tter von\u00a0<em>Japanische Lonicera<\/em>\u00a0Thunb., ein Laubstrauch aus der Familie Caprifoliaceae, Gattung Lonicera<\/p>\n<div class=\"container-utlnW2 md-box-line-break wrapper-d0Cc1k undefined\"><\/div>\n<div class=\"container-utlnW2 md-box-line-break wrapper-d0Cc1k undefined\"><\/div>\n<p><em>Hinweis: In der urspr\u00fcnglichen \u201ePflanzenquelle\u201c liegt ein Fehler vor (es wird \u201eSanddornbl\u00e4tter\u201c erw\u00e4hnt). Die korrekte Quelle f\u00fcr Gei\u00dfblattextrakt sind die Bl\u00e4tter der Lonicera japonica, nicht Sanddorn (eine Pflanze aus der Familie der \u00d6lweidengew\u00e4chse).<\/em><\/td>\n<\/tr>\n<tr>\n<td>Wirkstoff<\/td>\n<td>Chlorogens\u00e4ure aus Gei\u00dfblatt<\/td>\n<\/tr>\n<tr>\n<td>Herkunft des Rohstoffs<\/td>\n<td>In ganz China verbreitet, au\u00dfer Tibet<\/td>\n<\/tr>\n<tr>\n<td>Spezifikation<\/td>\n<td>10:1; F\u00fcr andere Spezifikationen wenden Sie sich bitte zur Beratung an den Kundendienst<\/td>\n<\/tr>\n<tr>\n<td>Charakter<\/td>\n<td>Braunes Pulver, hygroskopisch, leicht wasserl\u00f6slich<\/td>\n<\/tr>\n<tr>\n<td>Nachweismethode<\/td>\n<td>DC (D\u00fcnnschichtchromatographie)<\/td>\n<\/tr>\n<tr>\n<td>Farbe &amp; Charakter<\/td>\n<td>Braunes Pulver<\/td>\n<\/tr>\n<tr>\n<td>Maschenweite<\/td>\n<td>80-Maschen-Sieb<\/td>\n<\/tr>\n<tr>\n<td>Verpackungsmethode<\/td>\n<td>25 kg\/Kartonfass oder Alufoliensack<\/td>\n<\/tr>\n<tr>\n<td>Lagerbedingungen<\/td>\n<td>Sollte versiegelt und vor Licht gesch\u00fctzt sein; an einem trockenen, k\u00fchlen und gut bel\u00fcfteten Ort gelagert werden<\/td>\n<\/tr>\n<tr>\n<td>Haltbarkeit<\/td>\n<td>24 Monate<\/td>\n<\/tr>\n<tr>\n<td>Kurier &amp; Logistik<\/td>\n<td>ZTO Express (kommt in der Regel innerhalb von 3 Tagen an); Logistik (kommt in der Regel innerhalb von 5 Tagen an)<\/td>\n<\/tr>\n<\/tbody>\n<\/table>\n<\/div>\n<\/div>\n<\/div>\n<\/div>\n<\/div>\n<\/div>\n<\/div>\n<\/div>\n<\/div>\n<\/div>\n<\/div>\n<\/div>\n<\/div>","protected":false},"excerpt":{"rendered":"<p>Item Details Product Name Horsetail Extract Alternative Names Japanese Honeysuckle, Honeysuckle Vine, Silver Vine Latin Name Lonicera Japonica Plant Source<\/p>","protected":false},"featured_media":10353,"comment_status":"closed","ping_status":"closed","template":"","meta":[],"product_brand":[],"product_cat":[17,24],"product_tag":[],"class_list":{"0":"post-10352","1":"product","2":"type-product","3":"status-publish","4":"has-post-thumbnail","6":"product_cat-plant-extract","7":"product_cat-ratio-extract","9":"first","10":"instock","11":"shipping-taxable","12":"product-type-simple"},"_links":{"self":[{"href":"https:\/\/www.hvbio.com\/de\/wp-json\/wp\/v2\/product\/10352","targetHints":{"allow":["GET"]}}],"collection":[{"href":"https:\/\/www.hvbio.com\/de\/wp-json\/wp\/v2\/product"}],"about":[{"href":"https:\/\/www.hvbio.com\/de\/wp-json\/wp\/v2\/types\/product"}],"replies":[{"embeddable":true,"href":"https:\/\/www.hvbio.com\/de\/wp-json\/wp\/v2\/comments?post=10352"}],"wp:featuredmedia":[{"embeddable":true,"href":"https:\/\/www.hvbio.com\/de\/wp-json\/wp\/v2\/media\/10353"}],"wp:attachment":[{"href":"https:\/\/www.hvbio.com\/de\/wp-json\/wp\/v2\/media?parent=10352"}],"wp:term":[{"taxonomy":"product_brand","embeddable":true,"href":"https:\/\/www.hvbio.com\/de\/wp-json\/wp\/v2\/product_brand?post=10352"},{"taxonomy":"product_cat","embeddable":true,"href":"https:\/\/www.hvbio.com\/de\/wp-json\/wp\/v2\/product_cat?post=10352"},{"taxonomy":"product_tag","embeddable":true,"href":"https:\/\/www.hvbio.com\/de\/wp-json\/wp\/v2\/product_tag?post=10352"}],"curies":[{"name":"wp","href":"https:\/\/api.w.org\/{rel}","templated":true}]}}