{"id":10406,"date":"2025-10-14T11:54:06","date_gmt":"2025-10-14T03:54:06","guid":{"rendered":"https:\/\/www.hvbio.com\/?post_type=product&#038;p=10406"},"modified":"2025-10-14T11:57:58","modified_gmt":"2025-10-14T03:57:58","slug":"rice-bran-extract","status":"publish","type":"product","link":"https:\/\/www.hvbio.com\/de\/produkt\/rice-bran-extract\/","title":{"rendered":"Rice Bran Extract"},"content":{"rendered":"<p>&nbsp;<\/p>\n<table>\n<thead>\n<tr>\n<th><strong>Kategorie<\/strong><\/th>\n<th><strong>Specific Parameters \/ Descriptions<\/strong><\/th>\n<\/tr>\n<\/thead>\n<tbody>\n<tr>\n<td><strong>Basic Identification<\/strong><\/td>\n<td>\u00a0Rice Bran Extract<\/p>\n<div class=\"container-utlnW2 md-box-line-break wrapper-d0Cc1k undefined\"><\/div>\n<p>Source: Seed coat of rice (Oryza sativa L.)<\/td>\n<\/tr>\n<tr>\n<td><strong>Spezifikation<\/strong><\/td>\n<td>Custom specifications are available; please contact customer service for consultation.<\/td>\n<\/tr>\n<tr>\n<td><strong>Physical and Chemical Properties<\/strong><\/td>\n<td>Aussehen: Braunes Pulver<\/p>\n<div class=\"container-utlnW2 md-box-line-break wrapper-d0Cc1k undefined\"><\/div>\n<p>Hygroscopicity: Easy to absorb moisture<\/p>\n<div class=\"container-utlnW2 md-box-line-break wrapper-d0Cc1k undefined\"><\/div>\n<p>Solubility: Easily soluble in water<\/p>\n<div class=\"container-utlnW2 md-box-line-break wrapper-d0Cc1k undefined\"><\/div>\n<p>Quality Detection Method: TLC (Thin Layer Chromatography)<\/td>\n<\/tr>\n<tr>\n<td><strong>Product Particle Size<\/strong><\/td>\n<td>98% des Produkts passieren ein 80-Maschen-Sieb.<\/td>\n<\/tr>\n<tr>\n<td><strong>Verpackung<\/strong><\/td>\n<td>&#8211; 25 kg per fiber drum<\/p>\n<div class=\"container-utlnW2 md-box-line-break wrapper-d0Cc1k undefined\"><\/div>\n<p>&#8211; Aluminum foil bag (for small-volume packaging, specifications can be adjusted upon request)<\/td>\n<\/tr>\n<tr>\n<td><strong>Lagerbedingungen<\/strong><\/td>\n<td>Sollte versiegelt und vor Licht gesch\u00fctzt an einem trockenen, k\u00fchlen und gut bel\u00fcfteten Ort gelagert werden.<\/td>\n<\/tr>\n<tr>\n<td><strong>Haltbarkeit<\/strong><\/td>\n<td>2 years (under the recommended storage conditions)<\/td>\n<\/tr>\n<tr>\n<td><strong>Key Active Components (Reference)<\/strong><\/td>\n<td>Ceramide, Gamma-Oryzanol, Tocopherol &amp; Tocotrienol (Vitamin E family), Ferulic Acid, Phytosterols<\/td>\n<\/tr>\n<tr>\n<td><strong>Typical Application Fields<\/strong><\/td>\n<td>Cosmetics (moisturizers, serums, sunscreens), Food Industry (functional food additives), Pharmaceutical &amp; Health Products (supplements for lipid\/blood sugar management)<\/td>\n<\/tr>\n<\/tbody>\n<\/table>","protected":false},"excerpt":{"rendered":"<p>&nbsp; Category Specific Parameters \/ Descriptions Basic Identification \u00a0Rice Bran Extract Source: Seed coat of rice (Oryza sativa L.) Specification<\/p>","protected":false},"featured_media":10411,"comment_status":"closed","ping_status":"closed","template":"","meta":[],"product_brand":[],"product_cat":[17,24],"product_tag":[48],"class_list":{"0":"post-10406","1":"product","2":"type-product","3":"status-publish","4":"has-post-thumbnail","6":"product_cat-plant-extract","7":"product_cat-ratio-extract","8":"product_tag-rice-bran-extract","10":"first","11":"instock","12":"shipping-taxable","13":"product-type-simple"},"_links":{"self":[{"href":"https:\/\/www.hvbio.com\/de\/wp-json\/wp\/v2\/product\/10406","targetHints":{"allow":["GET"]}}],"collection":[{"href":"https:\/\/www.hvbio.com\/de\/wp-json\/wp\/v2\/product"}],"about":[{"href":"https:\/\/www.hvbio.com\/de\/wp-json\/wp\/v2\/types\/product"}],"replies":[{"embeddable":true,"href":"https:\/\/www.hvbio.com\/de\/wp-json\/wp\/v2\/comments?post=10406"}],"wp:featuredmedia":[{"embeddable":true,"href":"https:\/\/www.hvbio.com\/de\/wp-json\/wp\/v2\/media\/10411"}],"wp:attachment":[{"href":"https:\/\/www.hvbio.com\/de\/wp-json\/wp\/v2\/media?parent=10406"}],"wp:term":[{"taxonomy":"product_brand","embeddable":true,"href":"https:\/\/www.hvbio.com\/de\/wp-json\/wp\/v2\/product_brand?post=10406"},{"taxonomy":"product_cat","embeddable":true,"href":"https:\/\/www.hvbio.com\/de\/wp-json\/wp\/v2\/product_cat?post=10406"},{"taxonomy":"product_tag","embeddable":true,"href":"https:\/\/www.hvbio.com\/de\/wp-json\/wp\/v2\/product_tag?post=10406"}],"curies":[{"name":"wp","href":"https:\/\/api.w.org\/{rel}","templated":true}]}}