{"id":10413,"date":"2025-10-14T14:26:01","date_gmt":"2025-10-14T06:26:01","guid":{"rendered":"https:\/\/www.hvbio.com\/?post_type=product&#038;p=10413"},"modified":"2025-10-14T14:26:01","modified_gmt":"2025-10-14T06:26:01","slug":"basil-extract","status":"publish","type":"product","link":"https:\/\/www.hvbio.com\/de\/produkt\/basil-extract\/","title":{"rendered":"Basilikumextrakt"},"content":{"rendered":"<table style=\"height: 408px;\" width=\"1090\">\n<thead>\n<tr>\n<th>Artikel<\/th>\n<th>Spezifikation<\/th>\n<\/tr>\n<\/thead>\n<tbody>\n<tr>\n<td>Produktname<\/td>\n<td>Basilikumextrakt<\/td>\n<\/tr>\n<tr>\n<td>Hauptzutaten<\/td>\n<td>Volatile components (essential oil type), phenolic acids (core active ingredients), flavonoids<\/td>\n<\/tr>\n<tr>\n<td>Extraktionsquelle<\/td>\n<td>Fresh or dried above-ground parts of plants of the\u00a0<em>Ocimum<\/em>\u00a0genus in the Lamiaceae family, with leaves as the core part<\/td>\n<\/tr>\n<tr>\n<td>Produktmaschenweite<\/td>\n<td>98% passiert ein 80-Maschen-Sieb<\/td>\n<\/tr>\n<tr>\n<td>Aussehen<\/td>\n<td>Braunes Pulver<\/td>\n<\/tr>\n<tr>\n<td>Nachweismethode<\/td>\n<td>DC (D\u00fcnnschichtchromatographie)<\/td>\n<\/tr>\n<tr>\n<td>Anwendungsdosierungsformen<\/td>\n<td>Breites Anwendungsspektrum<\/td>\n<\/tr>\n<tr>\n<td>Lieferzeit<\/td>\n<td>Ganzes Jahr<\/td>\n<\/tr>\n<tr>\n<td>Lagerung<\/td>\n<td>In einem verschlossenen Beh\u00e4lter an einem k\u00fchlen, trockenen und dunklen Ort aufbewahren und von W\u00e4rmequellen und feuchten Umgebungen fernhalten.<\/td>\n<\/tr>\n<tr>\n<td>Haltbarkeit<\/td>\n<td>Zwei Jahre<\/td>\n<\/tr>\n<\/tbody>\n<\/table>","protected":false},"excerpt":{"rendered":"<h4 class=\"header-vfC6AV auto-hide-last-sibling-br\">Basilikumextrakt<\/h4>\n<ul class=\"auto-hide-last-sibling-br\">\n<li>\n<h4><strong>Produktname<\/strong>: Basil Extract<\/h4>\n<\/li>\n<li>\n<h4><strong>Hauptzutaten<\/strong>: Volatile components (essential oil type), phenolic acids (core active ingredients), flavonoids<\/h4>\n<\/li>\n<li>\n<h4><strong>Extraktionsquelle<\/strong>: The extraction source is the fresh or dried above-ground parts of plants belonging to the\u00a0<em>Ocimum<\/em>\u00a0genus in the Lamiaceae family, with leaves as the core part.<\/h4>\n<\/li>\n<li>\n<h4><strong>Produktmaschenweite<\/strong>: 98% passing through 80-mesh sieve<\/h4>\n<\/li>\n<li>\n<h4><strong>Aussehen<\/strong>: Braunes Pulver<\/h4>\n<\/li>\n<li>\n<h4><strong>Nachweismethode<\/strong>: DC (D\u00fcnnschichtchromatographie)<\/h4>\n<\/li>\n<li>\n<h4><strong>Anwendungsdosierungsformen<\/strong>: Breites Anwendungsspektrum<\/h4>\n<\/li>\n<li>\n<h4><strong>Lieferzeit<\/strong>: Whole year<\/h4>\n<\/li>\n<\/ul>\n<h4 class=\"header-vfC6AV auto-hide-last-sibling-br\">Kaufhinweise<\/h4>\n<ul class=\"auto-hide-last-sibling-br\">\n<li>\n<h4><strong>Verpackungsmethode<\/strong>: 25kg per paper drum or aluminum foil bag; packaging can be adjusted according to actual conditions or customer requirements.<\/h4>\n<\/li>\n<li>\n<h4><strong>Lagerbedingungen<\/strong>: Should be sealed and protected from light, and stored in a dry, cool and well-ventilated place.<\/h4>\n<\/li>\n<li>\n<h4><strong>Haltbarkeit<\/strong>: Zwei Jahre<\/h4>\n<\/li>\n<li>\n<h4><strong>Probenbereitstellung<\/strong>: Im Allgemeinen werden f\u00fcr Produkte kleine Proben von 5\u201320 g bereitgestellt. F\u00fcr einige Produkte wird eine Probengeb\u00fchr erhoben.<\/h4>\n<\/li>\n<li>\n<h4><strong>Lieferzeit<\/strong>: Nicht kundenspezifische Produkte werden innerhalb von 48 Stunden versendet; die Lieferzeit kundenspezifischer Produkte wird an den tats\u00e4chlichen Bedarf angepasst.<\/h4>\n<\/li>\n<li>\n<h4><strong>Transportmethode<\/strong>: Inl\u00e4ndische Expresslogistik; das Angebot beinhaltet die Transportkosten.<\/h4>\n<\/li>\n<\/ul>","protected":false},"featured_media":10414,"comment_status":"closed","ping_status":"closed","template":"","meta":[],"product_brand":[],"product_cat":[17,24],"product_tag":[],"class_list":{"0":"post-10413","1":"product","2":"type-product","3":"status-publish","4":"has-post-thumbnail","6":"product_cat-plant-extract","7":"product_cat-ratio-extract","9":"first","10":"instock","11":"shipping-taxable","12":"product-type-simple"},"_links":{"self":[{"href":"https:\/\/www.hvbio.com\/de\/wp-json\/wp\/v2\/product\/10413","targetHints":{"allow":["GET"]}}],"collection":[{"href":"https:\/\/www.hvbio.com\/de\/wp-json\/wp\/v2\/product"}],"about":[{"href":"https:\/\/www.hvbio.com\/de\/wp-json\/wp\/v2\/types\/product"}],"replies":[{"embeddable":true,"href":"https:\/\/www.hvbio.com\/de\/wp-json\/wp\/v2\/comments?post=10413"}],"wp:featuredmedia":[{"embeddable":true,"href":"https:\/\/www.hvbio.com\/de\/wp-json\/wp\/v2\/media\/10414"}],"wp:attachment":[{"href":"https:\/\/www.hvbio.com\/de\/wp-json\/wp\/v2\/media?parent=10413"}],"wp:term":[{"taxonomy":"product_brand","embeddable":true,"href":"https:\/\/www.hvbio.com\/de\/wp-json\/wp\/v2\/product_brand?post=10413"},{"taxonomy":"product_cat","embeddable":true,"href":"https:\/\/www.hvbio.com\/de\/wp-json\/wp\/v2\/product_cat?post=10413"},{"taxonomy":"product_tag","embeddable":true,"href":"https:\/\/www.hvbio.com\/de\/wp-json\/wp\/v2\/product_tag?post=10413"}],"curies":[{"name":"wp","href":"https:\/\/api.w.org\/{rel}","templated":true}]}}