{"id":10468,"date":"2025-10-15T16:58:52","date_gmt":"2025-10-15T08:58:52","guid":{"rendered":"https:\/\/www.hvbio.com\/?post_type=product&#038;p=10468"},"modified":"2025-10-15T16:58:52","modified_gmt":"2025-10-15T08:58:52","slug":"fucoxanthin-10","status":"publish","type":"product","link":"https:\/\/www.hvbio.com\/de\/produkt\/fucoxanthin-10\/","title":{"rendered":"Fucoxanthin 10%"},"content":{"rendered":"<table style=\"height: 461px;\" width=\"1832\">\n<thead>\n<tr>\n<th><strong>Artikel<\/strong><\/th>\n<th><strong>Beschreibung<\/strong><\/th>\n<\/tr>\n<\/thead>\n<tbody>\n<tr>\n<td>Produktname<\/td>\n<td>Fucoxanthin 10%<\/td>\n<\/tr>\n<tr>\n<td>Synonyme<\/td>\n<td>Fucoxanthin; Braunalgenpigment; Fucoxanthin<\/td>\n<\/tr>\n<tr>\n<td>Hauptkomponente<\/td>\n<td>Fucoxanthin, ein orange-gelbes Carotinoid aus der Klasse der Xanthophyll.<\/td>\n<\/tr>\n<tr>\n<td>Extraktionsquelle<\/td>\n<td>Wird haupts\u00e4chlich aus Braunalgen wie Kelp, Wakame und Sargassum fusiforme sowie aus Algen wie Kieselalgen, Chrysophyten und Gelbgr\u00fcnalgen gewonnen. Teilweise wird es auch aus marinem Phytoplankton und Meeresschalentieren gewonnen. In der Produktion werden h\u00e4ufig Kelpwedel und Sargassum pallidum thalli (aus der Familie der Sargassaceae) als Rohstoffe verwendet.<\/td>\n<\/tr>\n<tr>\n<td>Partikelgr\u00f6\u00dfe<\/td>\n<td>98% durch 80-Maschen-Sieb<\/td>\n<\/tr>\n<tr>\n<td>Aussehen<\/td>\n<td>Braunes Pulver<\/td>\n<\/tr>\n<tr>\n<td>Nachweismethode<\/td>\n<td>DC (D\u00fcnnschichtchromatographie)<\/td>\n<\/tr>\n<tr>\n<td>Anwendungsdosierungsformen<\/td>\n<td>Breites Anwendungsspektrum<\/td>\n<\/tr>\n<tr>\n<td>Lieferzeit<\/td>\n<td>Ganzj\u00e4hrig verf\u00fcgbar<\/td>\n<\/tr>\n<tr>\n<td>Lagerbedingungen<\/td>\n<td>In einem verschlossenen Beh\u00e4lter an einem k\u00fchlen, trockenen und lichtgesch\u00fctzten Ort aufbewahren, fern von W\u00e4rmequellen und feuchten Umgebungen.<\/td>\n<\/tr>\n<tr>\n<td>Haltbarkeit<\/td>\n<td>Zwei Jahre<\/td>\n<\/tr>\n<\/tbody>\n<\/table>","protected":false},"excerpt":{"rendered":"<h4 class=\"header-vfC6AV auto-hide-last-sibling-br\">Fucoxanthin 10%<\/h4>\n<h4 class=\"auto-hide-last-sibling-br paragraph-JOTKXA paragraph-element br-paragraph-space\"><strong>Alternative Namen<\/strong>: Fucoxanthin (auch bekannt als Phaeophycean Xanthin, Fucoxanthin)<\/h4>\n<div class=\"container-utlnW2 md-box-line-break wrapper-d0Cc1k undefined\"><\/div>\n<h4 class=\"auto-hide-last-sibling-br paragraph-JOTKXA paragraph-element br-paragraph-space\"><strong>Hauptkomponente<\/strong>: Fucoxanthin, ein orange-gelbes Carotinoid aus der Klasse der Xanthophyll.<\/h4>\n<div class=\"container-utlnW2 md-box-line-break wrapper-d0Cc1k undefined\"><\/div>\n<h4 class=\"auto-hide-last-sibling-br paragraph-JOTKXA paragraph-element br-paragraph-space\"><strong>Extraktionsquelle<\/strong>: Wird haupts\u00e4chlich aus Braunalgen wie Kelp, Wakame und Sargassum fusiforme sowie aus Kieselalgen, Goldalgen und Gelbgr\u00fcnalgen gewonnen. Es wird teilweise auch aus marinem Phytoplankton und aquatischen Schalentieren gewonnen. In der tats\u00e4chlichen Produktion werden h\u00e4ufig die Wedel von Kelp und die Thalli von\u00a0<em>Sargassum pallidum<\/em>\u00a0(eine Art aus der Familie der Sargassaceae).<\/h4>\n<div class=\"container-utlnW2 md-box-line-break wrapper-d0Cc1k undefined\"><\/div>\n<h4 class=\"auto-hide-last-sibling-br paragraph-JOTKXA paragraph-element br-paragraph-space\"><strong>Partikelgr\u00f6\u00dfe<\/strong>: 98% geht durch ein 80-Maschen-Sieb.<\/h4>\n<div class=\"container-utlnW2 md-box-line-break wrapper-d0Cc1k undefined\"><\/div>\n<h4 class=\"auto-hide-last-sibling-br paragraph-JOTKXA paragraph-element br-paragraph-space\"><strong>Aussehen<\/strong>: Braunes Pulver.<\/h4>\n<div class=\"container-utlnW2 md-box-line-break wrapper-d0Cc1k undefined\"><\/div>\n<h4 class=\"auto-hide-last-sibling-br paragraph-JOTKXA paragraph-element br-paragraph-space\"><strong>Testmethode<\/strong>: DC (D\u00fcnnschichtchromatographie).<\/h4>\n<div class=\"container-utlnW2 md-box-line-break wrapper-d0Cc1k undefined\"><\/div>\n<h4 class=\"auto-hide-last-sibling-br paragraph-JOTKXA paragraph-element br-paragraph-space\"><strong>Anwendungsdosierungsformen<\/strong>: Breites Anwendungsspektrum.<\/h4>\n<div class=\"container-utlnW2 md-box-line-break wrapper-d0Cc1k undefined\"><\/div>\n<h4 class=\"auto-hide-last-sibling-br paragraph-JOTKXA paragraph-element br-paragraph-space\"><strong>Lieferzeit<\/strong>: Ganzj\u00e4hrig verf\u00fcgbar.<\/h4>\n<h4 class=\"header-vfC6AV auto-hide-last-sibling-br\">Kaufanleitung<\/h4>\n<ul class=\"auto-hide-last-sibling-br\">\n<li>\n<h4><strong>Verpackungsmethode<\/strong>: 25 kg pro Fiberfass oder Aluminiumfolienbeutel.<\/h4>\n<\/li>\n<li>\n<h4><strong>Lagerbedingungen<\/strong>: Sollte versiegelt und vor Licht gesch\u00fctzt an einem trockenen, k\u00fchlen und gut bel\u00fcfteten Ort gelagert werden.<\/h4>\n<\/li>\n<li>\n<h4><strong>Haltbarkeit<\/strong>: 2 Jahre.<\/h4>\n<\/li>\n<li>\n<h4><strong>Probenbereitstellung<\/strong>: Im Allgemeinen werden f\u00fcr die meisten Produkte 5\u201320 g Proben bereitgestellt. F\u00fcr einige Produkte kann eine Probengeb\u00fchr anfallen.<\/h4>\n<\/li>\n<li>\n<h4><strong>Produktverpackung<\/strong>: Verpackt in Fiberf\u00e4ssern oder Aluminiumfolienbeuteln (Sonderverpackungen auf Kundenwunsch erh\u00e4ltlich).<\/h4>\n<\/li>\n<li>\n<h4><strong>Lieferzeit<\/strong>: Nicht kundenspezifische Produkte werden innerhalb von 48 Stunden versendet; die Lieferzeit f\u00fcr kundenspezifische Produkte wird je nach tats\u00e4chlichem Bedarf angepasst.<\/h4>\n<\/li>\n<li>\n<h4><strong>Transportmethode<\/strong>: Inl\u00e4ndische Expresslogistik; der angegebene Preis beinhaltet die Transportkosten.<\/h4>\n<\/li>\n<\/ul>\n<h4 class=\"container-utlnW2 md-box-line-break wrapper-d0Cc1k undefined\"><\/h4>\n<h4 class=\"auto-hide-last-sibling-br paragraph-JOTKXA paragraph-element br-paragraph-space\">Wenn Sie diese englischen Produktinformationen in einem\u00a0<strong>Standard-Produktspezifikationsdokument<\/strong>\u00a0(mit klarerer Abschnittsaufteilung und professioneller Terminologieoptimierung), lassen Sie es mich wissen und ich kann es f\u00fcr Sie organisieren.<\/h4>","protected":false},"featured_media":10469,"comment_status":"closed","ping_status":"closed","template":"","meta":[],"product_brand":[],"product_cat":[17,23],"product_tag":[],"class_list":{"0":"post-10468","1":"product","2":"type-product","3":"status-publish","4":"has-post-thumbnail","6":"product_cat-plant-extract","7":"product_cat-standard-extract","9":"first","10":"instock","11":"shipping-taxable","12":"product-type-simple"},"_links":{"self":[{"href":"https:\/\/www.hvbio.com\/de\/wp-json\/wp\/v2\/product\/10468","targetHints":{"allow":["GET"]}}],"collection":[{"href":"https:\/\/www.hvbio.com\/de\/wp-json\/wp\/v2\/product"}],"about":[{"href":"https:\/\/www.hvbio.com\/de\/wp-json\/wp\/v2\/types\/product"}],"replies":[{"embeddable":true,"href":"https:\/\/www.hvbio.com\/de\/wp-json\/wp\/v2\/comments?post=10468"}],"wp:featuredmedia":[{"embeddable":true,"href":"https:\/\/www.hvbio.com\/de\/wp-json\/wp\/v2\/media\/10469"}],"wp:attachment":[{"href":"https:\/\/www.hvbio.com\/de\/wp-json\/wp\/v2\/media?parent=10468"}],"wp:term":[{"taxonomy":"product_brand","embeddable":true,"href":"https:\/\/www.hvbio.com\/de\/wp-json\/wp\/v2\/product_brand?post=10468"},{"taxonomy":"product_cat","embeddable":true,"href":"https:\/\/www.hvbio.com\/de\/wp-json\/wp\/v2\/product_cat?post=10468"},{"taxonomy":"product_tag","embeddable":true,"href":"https:\/\/www.hvbio.com\/de\/wp-json\/wp\/v2\/product_tag?post=10468"}],"curies":[{"name":"wp","href":"https:\/\/api.w.org\/{rel}","templated":true}]}}