{"id":10885,"date":"2026-03-26T13:56:11","date_gmt":"2026-03-26T05:56:11","guid":{"rendered":"https:\/\/www.hvbio.com\/?post_type=product&#038;p=10885"},"modified":"2026-03-26T13:56:11","modified_gmt":"2026-03-26T05:56:11","slug":"freeze-dried-beet-root-powder","status":"publish","type":"product","link":"https:\/\/www.hvbio.com\/de\/produkt\/freeze-dried-beet-root-powder\/","title":{"rendered":"Freeze-Dried Beet Root Powder"},"content":{"rendered":"<div>\n<div dir=\"ltr\">\n<div>\n<div>\n<table style=\"height: 621px;\" width=\"741\">\n<thead>\n<tr>\n<th align=\"left\">Artikel<\/th>\n<th align=\"left\">Details<\/th>\n<\/tr>\n<\/thead>\n<tbody>\n<tr>\n<td align=\"left\">Produktname<\/td>\n<td align=\"left\">Freeze-Dried Beet Root Powder<\/td>\n<\/tr>\n<tr>\n<td align=\"left\">Product Synonyms<\/td>\n<td align=\"left\">Freeze-Dried Red Beet Powder, Freeze-Dried Purple Beet Powder, Freeze-Dried Red Beetroot Powder, Freeze-Dried Beetroot Powder<\/td>\n<\/tr>\n<tr>\n<td align=\"left\">Lateinischer Name<\/td>\n<td align=\"left\">Beta vulgaris L. var. conditiva Alef.<\/td>\n<\/tr>\n<tr>\n<td align=\"left\">Extracted From<\/td>\n<td align=\"left\">Root<\/td>\n<\/tr>\n<tr>\n<td align=\"left\">Testmethode<\/td>\n<td align=\"left\">Tested by TLC<\/td>\n<\/tr>\n<tr>\n<td align=\"left\">Aussehen<\/td>\n<td align=\"left\">Purplish-red powder<\/td>\n<\/tr>\n<tr>\n<td align=\"left\">Maschenweite<\/td>\n<td align=\"left\">98% pass through 80 mesh sieve<\/td>\n<\/tr>\n<tr>\n<td align=\"left\">Antragsformulare<\/td>\n<td align=\"left\">Breites Anwendungsspektrum<\/td>\n<\/tr>\n<tr>\n<td align=\"left\">Lieferzeit<\/td>\n<td align=\"left\">Das ganze Jahr \u00fcber<\/td>\n<\/tr>\n<tr>\n<td align=\"left\">Lagerung<\/td>\n<td align=\"left\">Store in a sealed container in a cool, dry and dark place away from heat and moisture<\/td>\n<\/tr>\n<tr>\n<td align=\"left\">Haltbarkeit<\/td>\n<td align=\"left\">Zwei Jahre<\/td>\n<\/tr>\n<\/tbody>\n<\/table>\n<\/div>\n<\/div>\n<\/div>\n<\/div>","protected":false},"excerpt":{"rendered":"<h4>Produktdetails<\/h4>\n<h4><strong>Produktname<\/strong>: Freeze-Dried Beet Root Powder<\/h4>\n<div><\/div>\n<h4><strong>Product Synonyms<\/strong>: Freeze-Dried Red Beet Powder, Freeze-Dried Purple Beet Powder, Freeze-Dried Red Beetroot Powder, Freeze-Dried Beetroot Powder<\/h4>\n<div><\/div>\n<h4><strong>Lateinischer Name<\/strong>: Beta vulgaris L. var. conditiva Alef.<\/h4>\n<div><\/div>\n<h4><strong>Extracted From<\/strong>: Root<\/h4>\n<div><\/div>\n<h4><strong>Testmethode<\/strong>: Tested by TLC<\/h4>\n<div><\/div>\n<h4><strong>Aussehen<\/strong>: Purplish-red powder<\/h4>\n<div><\/div>\n<h4><strong>Maschenweite<\/strong>: 98% pass through 80-mesh sieve<\/h4>\n<div><\/div>\n<h4><strong>Antragsformulare<\/strong>: Breites Anwendungsspektrum<\/h4>\n<div><\/div>\n<h4><strong>Lieferzeit<\/strong>: All year round<\/h4>\n<h4><\/h4>\n<h4>Notes for Purchase<\/h4>\n<h4><\/h4>\n<h4><strong>Verpackungsmethode<\/strong>: 25 kg pro Pappfass oder Alufolienbeutel<\/h4>\n<div><\/div>\n<h4><strong>Lagerbedingungen<\/strong>: Sealed and protected from light, stored in a dry, cool and well-ventilated place<\/h4>\n<div><\/div>\n<h4><strong>G\u00fcltigkeitsdauer<\/strong>: Zwei Jahre<\/h4>\n<div><\/div>\n<h4><strong>Probenverf\u00fcgbarkeit<\/strong>: 5\u201320 g small samples are provided for general products, and sample fees may apply for some products.<\/h4>\n<div><\/div>\n<h4><strong>Produktverpackung<\/strong>: Packed in cardboard drums or aluminum foil bags (packaging can be customized according to customer requirements)<\/h4>\n<div><\/div>\n<h4><strong>Lieferzeit<\/strong>: Non-customized products will be shipped within 48 hours; customized products will be adjusted according to actual needs.<\/h4>\n<div><\/div>\n<h4><strong>Verpackungsmethode<\/strong>: 25 kg per cardboard drum or aluminum foil bag; packaging can be adjusted according to actual conditions.<\/h4>\n<div><\/div>\n<h4><strong>Transportmethode<\/strong>: Domestic express delivery and logistics; the quoted price includes transportation cost.<\/h4>\n<div><\/div>\n<h4><strong>Lagerbedingungen<\/strong>: Versiegelt und lichtgesch\u00fctzt an einem trockenen, k\u00fchlen und gut bel\u00fcfteten Ort lagern.<\/h4>","protected":false},"featured_media":10887,"comment_status":"closed","ping_status":"closed","template":"","meta":[],"product_brand":[],"product_cat":[18,20],"product_tag":[],"class_list":{"0":"post-10885","1":"product","2":"type-product","3":"status-publish","4":"has-post-thumbnail","6":"product_cat-fruit-and-vegetable-powder","7":"product_cat-fruit-powder","9":"first","10":"instock","11":"shipping-taxable","12":"product-type-simple"},"_links":{"self":[{"href":"https:\/\/www.hvbio.com\/de\/wp-json\/wp\/v2\/product\/10885","targetHints":{"allow":["GET"]}}],"collection":[{"href":"https:\/\/www.hvbio.com\/de\/wp-json\/wp\/v2\/product"}],"about":[{"href":"https:\/\/www.hvbio.com\/de\/wp-json\/wp\/v2\/types\/product"}],"replies":[{"embeddable":true,"href":"https:\/\/www.hvbio.com\/de\/wp-json\/wp\/v2\/comments?post=10885"}],"wp:featuredmedia":[{"embeddable":true,"href":"https:\/\/www.hvbio.com\/de\/wp-json\/wp\/v2\/media\/10887"}],"wp:attachment":[{"href":"https:\/\/www.hvbio.com\/de\/wp-json\/wp\/v2\/media?parent=10885"}],"wp:term":[{"taxonomy":"product_brand","embeddable":true,"href":"https:\/\/www.hvbio.com\/de\/wp-json\/wp\/v2\/product_brand?post=10885"},{"taxonomy":"product_cat","embeddable":true,"href":"https:\/\/www.hvbio.com\/de\/wp-json\/wp\/v2\/product_cat?post=10885"},{"taxonomy":"product_tag","embeddable":true,"href":"https:\/\/www.hvbio.com\/de\/wp-json\/wp\/v2\/product_tag?post=10885"}],"curies":[{"name":"wp","href":"https:\/\/api.w.org\/{rel}","templated":true}]}}