{"id":10896,"date":"2026-03-26T15:03:47","date_gmt":"2026-03-26T07:03:47","guid":{"rendered":"https:\/\/www.hvbio.com\/?post_type=product&#038;p=10896"},"modified":"2026-03-26T15:03:47","modified_gmt":"2026-03-26T07:03:47","slug":"pygeum-africanum-extract","status":"publish","type":"product","link":"https:\/\/www.hvbio.com\/de\/produkt\/pygeum-africanum-extract\/","title":{"rendered":"Pygeum Africanum Extract"},"content":{"rendered":"<div>\n<table style=\"height: 534px;\" width=\"618\">\n<thead>\n<tr>\n<th align=\"left\">Artikel<\/th>\n<th align=\"left\">Details<\/th>\n<\/tr>\n<\/thead>\n<tbody>\n<tr>\n<td align=\"left\">Produktname<\/td>\n<td align=\"left\">Pygeum Africanum Extract<\/td>\n<\/tr>\n<tr>\n<td align=\"left\">Product Synonyms<\/td>\n<td align=\"left\">African Pygeum Extract, African Cherry Extract, Wild Plum Extract, Pygeum Powder<\/td>\n<\/tr>\n<tr>\n<td align=\"left\">Lateinischer Name<\/td>\n<td align=\"left\">Prunus africana<\/td>\n<\/tr>\n<tr>\n<td align=\"left\">Extracted From<\/td>\n<td align=\"left\">Bark<\/td>\n<\/tr>\n<tr>\n<td align=\"left\">Produktspezifikation<\/td>\n<td align=\"left\">10:1<\/td>\n<\/tr>\n<tr>\n<td align=\"left\">Testmethode<\/td>\n<td align=\"left\">Tested by TLC<\/td>\n<\/tr>\n<tr>\n<td align=\"left\">Aussehen<\/td>\n<td align=\"left\">Br\u00e4unlich-gelbes Pulver<\/td>\n<\/tr>\n<tr>\n<td align=\"left\">Maschenweite<\/td>\n<td align=\"left\">98% pass through 80 mesh sieve<\/td>\n<\/tr>\n<tr>\n<td align=\"left\">Antragsformulare<\/td>\n<td align=\"left\">Breites Anwendungsspektrum<\/td>\n<\/tr>\n<tr>\n<td align=\"left\">Lieferzeit<\/td>\n<td align=\"left\">Das ganze Jahr \u00fcber<\/td>\n<\/tr>\n<tr>\n<td align=\"left\">Lagerung<\/td>\n<td align=\"left\">Store in a sealed container in a cool, dry and dark place away from heat and moisture<\/td>\n<\/tr>\n<tr>\n<td align=\"left\">Haltbarkeit<\/td>\n<td align=\"left\">Zwei Jahre<\/td>\n<\/tr>\n<\/tbody>\n<\/table>\n<\/div>","protected":false},"excerpt":{"rendered":"<div>\n<div>\n<div>\n<div>\n<div>\n<div>\n<div>\n<div>\n<div>\n<div>\n<div>\n<div>\n<div dir=\"ltr\">\n<h4>Produktdetails<\/h4>\n<h4><strong>Produktname<\/strong>: Pygeum Africanum Extract<\/h4>\n<div><\/div>\n<h4><strong>Product Synonyms<\/strong>: African Pygeum Extract, African Cherry Extract, Wild Plum Extract, Pygeum Powder<\/h4>\n<div><\/div>\n<h4><strong>Lateinischer Name<\/strong>: Prunus africana<\/h4>\n<div><\/div>\n<h4><strong>Extracted From<\/strong>: Bark<\/h4>\n<div><\/div>\n<h4><strong>Produktspezifikation<\/strong>: 10:1<\/h4>\n<div><\/div>\n<h4><strong>Testmethode<\/strong>: Tested by TLC<\/h4>\n<div><\/div>\n<h4><strong>Aussehen<\/strong>: Br\u00e4unlich-gelbes Pulver<\/h4>\n<div><\/div>\n<h4><strong>Maschenweite<\/strong>: 98% pass through 80-mesh sieve<\/h4>\n<div><\/div>\n<h4><strong>Antragsformulare<\/strong>: Breites Anwendungsspektrum<\/h4>\n<div><\/div>\n<h4><strong>Lieferzeit<\/strong>: All year round<\/h4>\n<h4>Notes for Purchase<\/h4>\n<h4><strong>Verpackungsmethode<\/strong>: 25 kg pro Pappfass oder Alufolienbeutel<\/h4>\n<div><\/div>\n<h4><strong>Lagerbedingungen<\/strong>: Sealed and protected from light, stored in a dry, cool and well-ventilated place<\/h4>\n<div><\/div>\n<h4><strong>G\u00fcltigkeitsdauer<\/strong>: Zwei Jahre<\/h4>\n<div><\/div>\n<h4><strong>Probenverf\u00fcgbarkeit<\/strong>: 5\u201320 g small samples are available for general products, and sample fees may apply for some products.<\/h4>\n<div><\/div>\n<h4><strong>Produktverpackung<\/strong>: Packed in cardboard drums or aluminum foil bags (packaging can be customized according to customer requirements)<\/h4>\n<div><\/div>\n<h4><strong>Lieferzeit<\/strong>: Non-customized products will be shipped within 48 hours; customized products will be adjusted according to actual needs.<\/h4>\n<div><\/div>\n<h4><strong>Verpackungsmethode<\/strong>: 25 kg per cardboard drum or aluminum foil bag; packaging can be adjusted according to actual conditions.<\/h4>\n<div><\/div>\n<h4><strong>Transportmethode<\/strong>: Domestic express delivery and logistics; the quoted price includes transportation cost.<\/h4>\n<div><\/div>\n<h4><strong>Lagerbedingungen<\/strong>: Versiegelt und lichtgesch\u00fctzt an einem trockenen, k\u00fchlen und gut bel\u00fcfteten Ort lagern.<\/h4>\n<h4><\/h4>\n<\/div>\n<\/div>\n<\/div>\n<\/div>\n<\/div>\n<\/div>\n<\/div>\n<\/div>\n<\/div>\n<\/div>\n<\/div>\n<\/div>\n<\/div>","protected":false},"featured_media":10898,"comment_status":"closed","ping_status":"closed","template":"","meta":[],"product_brand":[],"product_cat":[18,19],"product_tag":[],"class_list":{"0":"post-10896","1":"product","2":"type-product","3":"status-publish","4":"has-post-thumbnail","6":"product_cat-fruit-and-vegetable-powder","7":"product_cat-vegetable-powders","9":"first","10":"instock","11":"shipping-taxable","12":"product-type-simple"},"_links":{"self":[{"href":"https:\/\/www.hvbio.com\/de\/wp-json\/wp\/v2\/product\/10896","targetHints":{"allow":["GET"]}}],"collection":[{"href":"https:\/\/www.hvbio.com\/de\/wp-json\/wp\/v2\/product"}],"about":[{"href":"https:\/\/www.hvbio.com\/de\/wp-json\/wp\/v2\/types\/product"}],"replies":[{"embeddable":true,"href":"https:\/\/www.hvbio.com\/de\/wp-json\/wp\/v2\/comments?post=10896"}],"wp:featuredmedia":[{"embeddable":true,"href":"https:\/\/www.hvbio.com\/de\/wp-json\/wp\/v2\/media\/10898"}],"wp:attachment":[{"href":"https:\/\/www.hvbio.com\/de\/wp-json\/wp\/v2\/media?parent=10896"}],"wp:term":[{"taxonomy":"product_brand","embeddable":true,"href":"https:\/\/www.hvbio.com\/de\/wp-json\/wp\/v2\/product_brand?post=10896"},{"taxonomy":"product_cat","embeddable":true,"href":"https:\/\/www.hvbio.com\/de\/wp-json\/wp\/v2\/product_cat?post=10896"},{"taxonomy":"product_tag","embeddable":true,"href":"https:\/\/www.hvbio.com\/de\/wp-json\/wp\/v2\/product_tag?post=10896"}],"curies":[{"name":"wp","href":"https:\/\/api.w.org\/{rel}","templated":true}]}}