{"id":10907,"date":"2026-03-26T16:02:28","date_gmt":"2026-03-26T08:02:28","guid":{"rendered":"https:\/\/www.hvbio.com\/?post_type=product&#038;p=10907"},"modified":"2026-03-26T16:02:28","modified_gmt":"2026-03-26T08:02:28","slug":"zucchini-powder-2","status":"publish","type":"product","link":"https:\/\/www.hvbio.com\/de\/produkt\/zucchini-powder-2\/","title":{"rendered":"Zucchinipulver"},"content":{"rendered":"<div>\n<table style=\"height: 520px;\" width=\"768\">\n<thead>\n<tr>\n<th align=\"left\">Artikel<\/th>\n<th align=\"left\">Details<\/th>\n<\/tr>\n<\/thead>\n<tbody>\n<tr>\n<td align=\"left\">Produktname<\/td>\n<td align=\"left\">Zucchinipulver<\/td>\n<\/tr>\n<tr>\n<td align=\"left\">Product Synonyms<\/td>\n<td align=\"left\">Courgette Powder, Small Pumpkin Powder, Italian Green Squash Powder, Horn Squash Powder<\/td>\n<\/tr>\n<tr>\n<td align=\"left\">Lateinischer Name<\/td>\n<td align=\"left\">Cucurbita pepo L.<\/td>\n<\/tr>\n<tr>\n<td align=\"left\">Extracted From<\/td>\n<td align=\"left\">Obst<\/td>\n<\/tr>\n<tr>\n<td align=\"left\">Testmethode<\/td>\n<td align=\"left\">Tested by TLC<\/td>\n<\/tr>\n<tr>\n<td align=\"left\">Aussehen<\/td>\n<td align=\"left\">Hellbraun-gelbes Pulver<\/td>\n<\/tr>\n<tr>\n<td align=\"left\">Maschenweite<\/td>\n<td align=\"left\">98% pass through 80 mesh sieve<\/td>\n<\/tr>\n<tr>\n<td align=\"left\">Antragsformulare<\/td>\n<td align=\"left\">Breites Anwendungsspektrum<\/td>\n<\/tr>\n<tr>\n<td align=\"left\">Lieferzeit<\/td>\n<td align=\"left\">Das ganze Jahr \u00fcber<\/td>\n<\/tr>\n<tr>\n<td align=\"left\">Lagerung<\/td>\n<td align=\"left\">Store in a sealed container in a cool, dry and dark place away from heat and moisture<\/td>\n<\/tr>\n<tr>\n<td align=\"left\">Haltbarkeit<\/td>\n<td align=\"left\">Zwei Jahre<\/td>\n<\/tr>\n<\/tbody>\n<\/table>\n<\/div>","protected":false},"excerpt":{"rendered":"<h1>Produktdetails<\/h1>\n<div><strong>Produktname<\/strong>: Zucchini Powder<\/p>\n<div><\/div>\n<p><strong>Product Synonyms<\/strong>: Courgette Powder, Small Pumpkin Powder, Italian Green Squash Powder, Horn Squash Powder<\/p>\n<div><\/div>\n<p><strong>Lateinischer Name<\/strong>: Cucurbita pepo L.<\/p>\n<div><\/div>\n<p><strong>Extracted From<\/strong>: Obst<\/p>\n<div><\/div>\n<p><strong>Testmethode<\/strong>: Tested by TLC<\/p>\n<div><\/div>\n<p><strong>Aussehen<\/strong>: Light brownish-yellow powder<\/p>\n<div><\/div>\n<p><strong>Maschenweite<\/strong>: 98% pass through 80-mesh sieve<\/p>\n<div><\/div>\n<p><strong>Antragsformulare<\/strong>: Breites Anwendungsspektrum<\/p>\n<div><\/div>\n<p><strong>Lieferzeit<\/strong>: All year round<\/div>\n<div><\/div>\n<h1>Notes for Purchase<\/h1>\n<div><strong>Verpackungsmethode<\/strong>: 25 kg pro Pappfass oder Alufolienbeutel<\/p>\n<div><\/div>\n<p><strong>Lagerbedingungen<\/strong>: Sealed and protected from light, stored in a dry, cool and well-ventilated place<\/p>\n<div><\/div>\n<p><strong>G\u00fcltigkeitsdauer<\/strong>: Zwei Jahre<\/p>\n<div><\/div>\n<p><strong>Probenverf\u00fcgbarkeit<\/strong>: 5\u201320 g small samples are available for general products, and sample fees may apply for some products.<\/p>\n<div><\/div>\n<p><strong>Produktverpackung<\/strong>: Packed in cardboard drums or aluminum foil bags (packaging can be customized according to customer requirements)<\/p>\n<div><\/div>\n<p><strong>Lieferzeit<\/strong>: Non-customized products will be shipped within 48 hours; customized products will be adjusted according to actual needs.<\/p>\n<div><\/div>\n<p><strong>Verpackungsmethode<\/strong>: 25 kg per cardboard drum or aluminum foil bag; packaging can be adjusted according to actual conditions.<\/p>\n<div><\/div>\n<p><strong>Transportmethode<\/strong>: Domestic express delivery and logistics; the quoted price includes transportation cost.<\/p>\n<div><\/div>\n<p><strong>Lagerbedingungen<\/strong>: Versiegelt und lichtgesch\u00fctzt an einem trockenen, k\u00fchlen und gut bel\u00fcfteten Ort lagern.<\/div>","protected":false},"featured_media":10908,"comment_status":"closed","ping_status":"closed","template":"","meta":[],"product_brand":[],"product_cat":[18,19],"product_tag":[],"class_list":{"0":"post-10907","1":"product","2":"type-product","3":"status-publish","4":"has-post-thumbnail","6":"product_cat-fruit-and-vegetable-powder","7":"product_cat-vegetable-powders","9":"first","10":"instock","11":"shipping-taxable","12":"product-type-simple"},"_links":{"self":[{"href":"https:\/\/www.hvbio.com\/de\/wp-json\/wp\/v2\/product\/10907","targetHints":{"allow":["GET"]}}],"collection":[{"href":"https:\/\/www.hvbio.com\/de\/wp-json\/wp\/v2\/product"}],"about":[{"href":"https:\/\/www.hvbio.com\/de\/wp-json\/wp\/v2\/types\/product"}],"replies":[{"embeddable":true,"href":"https:\/\/www.hvbio.com\/de\/wp-json\/wp\/v2\/comments?post=10907"}],"wp:featuredmedia":[{"embeddable":true,"href":"https:\/\/www.hvbio.com\/de\/wp-json\/wp\/v2\/media\/10908"}],"wp:attachment":[{"href":"https:\/\/www.hvbio.com\/de\/wp-json\/wp\/v2\/media?parent=10907"}],"wp:term":[{"taxonomy":"product_brand","embeddable":true,"href":"https:\/\/www.hvbio.com\/de\/wp-json\/wp\/v2\/product_brand?post=10907"},{"taxonomy":"product_cat","embeddable":true,"href":"https:\/\/www.hvbio.com\/de\/wp-json\/wp\/v2\/product_cat?post=10907"},{"taxonomy":"product_tag","embeddable":true,"href":"https:\/\/www.hvbio.com\/de\/wp-json\/wp\/v2\/product_tag?post=10907"}],"curies":[{"name":"wp","href":"https:\/\/api.w.org\/{rel}","templated":true}]}}