{"id":26,"date":"2025-07-24T09:46:58","date_gmt":"2025-07-24T01:46:58","guid":{"rendered":"https:\/\/hvbio.com\/?post_type=product&#038;p=26"},"modified":"2025-08-13T14:59:04","modified_gmt":"2025-08-13T06:59:04","slug":"coconut-powder","status":"publish","type":"product","link":"https:\/\/www.hvbio.com\/de\/produkt\/coconut-powder\/","title":{"rendered":"Kokosnusspulver"},"content":{"rendered":"<table class=\"wp-block-table\">\n<thead>\n<tr>\n<th colspan=\"2\">Kokosnusspulver Produktinformationen<\/th>\n<\/tr>\n<\/thead>\n<tbody>\n<tr>\n<td><strong>Beschreibung<\/strong><\/td>\n<td>Eine wei\u00dfe Fl\u00fcssigkeit im Inneren von Kokosn\u00fcssen, die sie zu einem hervorragenden Erfrischungsgetr\u00e4nk und Durstl\u00f6scher macht. Je reifer die Kokosnussfrucht, desto h\u00f6her ist ihr Protein- und Fettgehalt, was zu einer dunkleren Farbe der Kokosmilch f\u00fchrt. Sie erscheint als helles Pulver.<\/td>\n<\/tr>\n<tr>\n<td><strong>Herkunft<\/strong><\/td>\n<td>Hainan, China<\/td>\n<\/tr>\n<tr>\n<td><strong>Verpackungsoptionen<\/strong><\/td>\n<td>25 kg pro Pappfass oder Alufolienbeutel<\/td>\n<\/tr>\n<tr>\n<td><strong>Lagerbedingungen<\/strong><\/td>\n<td>Abdichten, Beschatten und Lagern an einem trockenen, k\u00fchlen und gut bel\u00fcfteten Ort<\/td>\n<\/tr>\n<tr>\n<td><strong>Haltbarkeit<\/strong><\/td>\n<td>24 Monate<\/td>\n<\/tr>\n<tr>\n<td><strong>Produktverpackung<\/strong><\/td>\n<td>Kartonf\u00e4sser oder Alufolienbeutel (individuell nach Kundenwunsch konfektionierbar)<\/td>\n<\/tr>\n<\/tbody>\n<\/table>","protected":false},"excerpt":{"rendered":"<p>Coconut Powder Product Information Description A white liquid found inside coconuts, making it an excellent refreshing and thirst-quenching beverage. The<\/p>","protected":false},"featured_media":9386,"comment_status":"open","ping_status":"closed","template":"","meta":[],"product_brand":[],"product_cat":[18,20],"product_tag":[],"class_list":{"0":"post-26","1":"product","2":"type-product","3":"status-publish","4":"has-post-thumbnail","6":"product_cat-fruit-and-vegetable-powder","7":"product_cat-fruit-powder","9":"first","10":"instock","11":"shipping-taxable","12":"product-type-simple"},"_links":{"self":[{"href":"https:\/\/www.hvbio.com\/de\/wp-json\/wp\/v2\/product\/26","targetHints":{"allow":["GET"]}}],"collection":[{"href":"https:\/\/www.hvbio.com\/de\/wp-json\/wp\/v2\/product"}],"about":[{"href":"https:\/\/www.hvbio.com\/de\/wp-json\/wp\/v2\/types\/product"}],"replies":[{"embeddable":true,"href":"https:\/\/www.hvbio.com\/de\/wp-json\/wp\/v2\/comments?post=26"}],"wp:featuredmedia":[{"embeddable":true,"href":"https:\/\/www.hvbio.com\/de\/wp-json\/wp\/v2\/media\/9386"}],"wp:attachment":[{"href":"https:\/\/www.hvbio.com\/de\/wp-json\/wp\/v2\/media?parent=26"}],"wp:term":[{"taxonomy":"product_brand","embeddable":true,"href":"https:\/\/www.hvbio.com\/de\/wp-json\/wp\/v2\/product_brand?post=26"},{"taxonomy":"product_cat","embeddable":true,"href":"https:\/\/www.hvbio.com\/de\/wp-json\/wp\/v2\/product_cat?post=26"},{"taxonomy":"product_tag","embeddable":true,"href":"https:\/\/www.hvbio.com\/de\/wp-json\/wp\/v2\/product_tag?post=26"}],"curies":[{"name":"wp","href":"https:\/\/api.w.org\/{rel}","templated":true}]}}