{"id":34,"date":"2025-07-24T09:48:17","date_gmt":"2025-07-24T01:48:17","guid":{"rendered":"https:\/\/hvbio.com\/?post_type=product&#038;p=34"},"modified":"2025-08-13T15:02:04","modified_gmt":"2025-08-13T07:02:04","slug":"strawberry-powder","status":"publish","type":"product","link":"https:\/\/www.hvbio.com\/de\/produkt\/strawberry-powder\/","title":{"rendered":"Erdbeerpulver"},"content":{"rendered":"<table class=\"wp-block-table\">\n<thead>\n<tr>\n<th colspan=\"2\">Erdbeerpulver Produktinformationen<\/th>\n<\/tr>\n<\/thead>\n<tbody>\n<tr>\n<td><strong>Produktname<\/strong><\/td>\n<td>Erdbeerpulver<\/td>\n<\/tr>\n<tr>\n<td><strong>Produkt\u00fcbersicht<\/strong><\/td>\n<td>Das Erdbeerpulver unseres Unternehmens wird aus hochwertigen Erdbeeren hergestellt und mithilfe modernster Spr\u00fchtrocknungstechnologie verarbeitet. Es bewahrt den nat\u00fcrlichen Geschmack der Erdbeeren und enth\u00e4lt verschiedene Vitamine und andere Inhaltsstoffe. Das Pulver ist gut flie\u00dff\u00e4hig, schmeckt hervorragend, ist leicht l\u00f6slich und l\u00e4sst sich leicht lagern.<\/td>\n<\/tr>\n<tr>\n<td><strong>Verwendungsteil<\/strong><\/td>\n<td>Obst<\/td>\n<\/tr>\n<tr>\n<td><strong>Physikalische Eigenschaften<\/strong><\/td>\n<td>Rosa Pulver, DC-getestet.<\/td>\n<\/tr>\n<tr>\n<td><strong>Produktmaschenweite<\/strong><\/td>\n<td>98% passiert ein 80-Maschen-Sieb<\/td>\n<\/tr>\n<tr>\n<td><strong>Verpackungsmethode<\/strong><\/td>\n<td>25 kg pro Pappfass oder Alufolienbeutel<\/td>\n<\/tr>\n<tr>\n<td><strong>Lagerbedingungen<\/strong><\/td>\n<td>Sollte versiegelt, vor Licht gesch\u00fctzt, an einem trockenen, k\u00fchlen und gut bel\u00fcfteten Ort gelagert werden<\/td>\n<\/tr>\n<tr>\n<td><strong>Haltbarkeit<\/strong><\/td>\n<td>24 Monate<\/td>\n<\/tr>\n<tr>\n<td><strong>Produktverpackung<\/strong><\/td>\n<td>Verpackt in Pappf\u00e4ssern oder Aluminiumfolienbeuteln (Sonderverpackungen auf Kundenwunsch erh\u00e4ltlich)<\/td>\n<\/tr>\n<\/tbody>\n<\/table>","protected":false},"excerpt":{"rendered":"<p>Strawberry Powder Product Information Product Name Strawberry Powder Product Overview Our company&#8217;s strawberry powder is made from high-quality strawberries and<\/p>","protected":false},"featured_media":9399,"comment_status":"open","ping_status":"closed","template":"","meta":[],"product_brand":[],"product_cat":[18,20],"product_tag":[],"class_list":{"0":"post-34","1":"product","2":"type-product","3":"status-publish","4":"has-post-thumbnail","6":"product_cat-fruit-and-vegetable-powder","7":"product_cat-fruit-powder","9":"first","10":"instock","11":"shipping-taxable","12":"product-type-simple"},"_links":{"self":[{"href":"https:\/\/www.hvbio.com\/de\/wp-json\/wp\/v2\/product\/34","targetHints":{"allow":["GET"]}}],"collection":[{"href":"https:\/\/www.hvbio.com\/de\/wp-json\/wp\/v2\/product"}],"about":[{"href":"https:\/\/www.hvbio.com\/de\/wp-json\/wp\/v2\/types\/product"}],"replies":[{"embeddable":true,"href":"https:\/\/www.hvbio.com\/de\/wp-json\/wp\/v2\/comments?post=34"}],"wp:featuredmedia":[{"embeddable":true,"href":"https:\/\/www.hvbio.com\/de\/wp-json\/wp\/v2\/media\/9399"}],"wp:attachment":[{"href":"https:\/\/www.hvbio.com\/de\/wp-json\/wp\/v2\/media?parent=34"}],"wp:term":[{"taxonomy":"product_brand","embeddable":true,"href":"https:\/\/www.hvbio.com\/de\/wp-json\/wp\/v2\/product_brand?post=34"},{"taxonomy":"product_cat","embeddable":true,"href":"https:\/\/www.hvbio.com\/de\/wp-json\/wp\/v2\/product_cat?post=34"},{"taxonomy":"product_tag","embeddable":true,"href":"https:\/\/www.hvbio.com\/de\/wp-json\/wp\/v2\/product_tag?post=34"}],"curies":[{"name":"wp","href":"https:\/\/api.w.org\/{rel}","templated":true}]}}