{"id":47,"date":"2025-07-24T09:51:46","date_gmt":"2025-07-24T01:51:46","guid":{"rendered":"https:\/\/hvbio.com\/?post_type=product&#038;p=47"},"modified":"2025-08-13T14:45:00","modified_gmt":"2025-08-13T06:45:00","slug":"pumpkin-freeze-dried-powder","status":"publish","type":"product","link":"https:\/\/www.hvbio.com\/de\/produkt\/pumpkin-freeze-dried-powder\/","title":{"rendered":"Gefriergetrocknetes K\u00fcrbispulver"},"content":{"rendered":"<table class=\"wp-block-table\">\n<thead>\n<tr>\n<th colspan=\"2\">Produktinformationen zu gefriergetrocknetem K\u00fcrbispulver<\/th>\n<\/tr>\n<\/thead>\n<tbody>\n<tr>\n<td><strong>Produktname<\/strong><\/td>\n<td>Gefriergetrocknetes K\u00fcrbispulver<\/td>\n<\/tr>\n<tr>\n<td><strong>Alternativer Name<\/strong><\/td>\n<td>Gefriergetrocknetes K\u00fcrbispulver<\/td>\n<\/tr>\n<tr>\n<td><strong>Extraktionsl\u00f6sungsmittel und verwendetes Teil<\/strong><\/td>\n<td>Als Extraktionsmittel wird \u00fcblicherweise Wasser verwendet, der verwendete Bestandteil ist die Frucht des K\u00fcrbisses.<\/td>\n<\/tr>\n<tr>\n<td><strong>Aussehen<\/strong><\/td>\n<td>Im Allgemeinen ein hellgelbes bis orangegelbes Pulver mit einem ausgepr\u00e4gten K\u00fcrbisaroma, klumpenfrei und leicht wasserl\u00f6slich.<\/td>\n<\/tr>\n<tr>\n<td><strong>Nachweismethode<\/strong><\/td>\n<td>TLC<\/td>\n<\/tr>\n<tr>\n<td><strong>Lagerbedingungen<\/strong><\/td>\n<td>In einem verschlossenen Beh\u00e4lter an einem k\u00fchlen, trockenen und schattigen Ort aufbewahren und hohe Temperaturen und Feuchtigkeit vermeiden.<\/td>\n<\/tr>\n<tr>\n<td><strong>Haltbarkeit<\/strong><\/td>\n<td>Zwei Jahre<\/td>\n<\/tr>\n<\/tbody>\n<\/table>","protected":false},"excerpt":{"rendered":"<p>Pumpkin Freeze-dried Powder Product Information Product Name Pumpkin Freeze-dried Powder Alternative Name Freeze-dried Pumpkin Powder Extraction Solvent &amp; Part Used<\/p>","protected":false},"featured_media":9275,"comment_status":"open","ping_status":"closed","template":"","meta":[],"product_brand":[],"product_cat":[18,21],"product_tag":[],"class_list":{"0":"post-47","1":"product","2":"type-product","3":"status-publish","4":"has-post-thumbnail","6":"product_cat-fruit-and-vegetable-powder","7":"product_cat-lyophilized-powder","9":"first","10":"instock","11":"shipping-taxable","12":"product-type-simple"},"_links":{"self":[{"href":"https:\/\/www.hvbio.com\/de\/wp-json\/wp\/v2\/product\/47","targetHints":{"allow":["GET"]}}],"collection":[{"href":"https:\/\/www.hvbio.com\/de\/wp-json\/wp\/v2\/product"}],"about":[{"href":"https:\/\/www.hvbio.com\/de\/wp-json\/wp\/v2\/types\/product"}],"replies":[{"embeddable":true,"href":"https:\/\/www.hvbio.com\/de\/wp-json\/wp\/v2\/comments?post=47"}],"wp:featuredmedia":[{"embeddable":true,"href":"https:\/\/www.hvbio.com\/de\/wp-json\/wp\/v2\/media\/9275"}],"wp:attachment":[{"href":"https:\/\/www.hvbio.com\/de\/wp-json\/wp\/v2\/media?parent=47"}],"wp:term":[{"taxonomy":"product_brand","embeddable":true,"href":"https:\/\/www.hvbio.com\/de\/wp-json\/wp\/v2\/product_brand?post=47"},{"taxonomy":"product_cat","embeddable":true,"href":"https:\/\/www.hvbio.com\/de\/wp-json\/wp\/v2\/product_cat?post=47"},{"taxonomy":"product_tag","embeddable":true,"href":"https:\/\/www.hvbio.com\/de\/wp-json\/wp\/v2\/product_tag?post=47"}],"curies":[{"name":"wp","href":"https:\/\/api.w.org\/{rel}","templated":true}]}}