{"id":9165,"date":"2025-08-05T16:58:12","date_gmt":"2025-08-05T08:58:12","guid":{"rendered":"https:\/\/www.hvbio.com\/?post_type=product&#038;p=9165"},"modified":"2025-08-13T14:14:53","modified_gmt":"2025-08-13T06:14:53","slug":"valerenic-acid-0-8","status":"publish","type":"product","link":"https:\/\/www.hvbio.com\/de\/produkt\/valerenic-acid-0-8\/","title":{"rendered":"Valerens\u00e4ure 0,8%"},"content":{"rendered":"<p><strong><b>Valerens\u00e4ure 0,8% <\/b><\/strong><br \/>\nLatin name:<strong><b>\uff1achrysanthemum extract<\/b><\/strong><\/p>\n<p>Nachweismethode: HPLC<br \/>\nEigenschaften: Br\u00e4unlich-gelbes Pulver. Partikelgr\u00f6\u00dfe: Passt durch ein 80-Maschen-Sieb. Lagerung: Gut bel\u00fcftet, trocken, k\u00fchl und lichtgesch\u00fctzt lagern. Verpackungsangaben: 1 kg pro Aluminiumfolienbeutel, Hartkarton; 25 kg pro Fiberfass. Haltbarkeit: Hangbai-Chrysanthemenextrakt ist zwei Jahre haltbar.<\/p>","protected":false},"excerpt":{"rendered":"<p><strong><b>Valerens\u00e4ure 0,8% <\/b><\/strong><br \/>\nLatin name:<strong><b>\uff1achrysanthemum extract<\/b><\/strong><\/p>\n<p>Nachweismethode: HPLC<br \/>\nEigenschaften: Br\u00e4unlich-gelbes Pulver. Partikelgr\u00f6\u00dfe: Passt durch ein 80-Maschen-Sieb. Lagerung: Gut bel\u00fcftet, trocken, k\u00fchl und lichtgesch\u00fctzt lagern. Verpackungsangaben: 1 kg pro Aluminiumfolienbeutel, Hartkarton; 25 kg pro Fiberfass. Haltbarkeit: Hangbai-Chrysanthemenextrakt ist zwei Jahre haltbar.<\/p>","protected":false},"featured_media":9313,"comment_status":"closed","ping_status":"closed","template":"","meta":[],"product_brand":[],"product_cat":[23,17],"product_tag":[],"class_list":{"0":"post-9165","1":"product","2":"type-product","3":"status-publish","4":"has-post-thumbnail","6":"product_cat-standard-extract","7":"product_cat-plant-extract","9":"first","10":"instock","11":"shipping-taxable","12":"product-type-simple"},"_links":{"self":[{"href":"https:\/\/www.hvbio.com\/de\/wp-json\/wp\/v2\/product\/9165","targetHints":{"allow":["GET"]}}],"collection":[{"href":"https:\/\/www.hvbio.com\/de\/wp-json\/wp\/v2\/product"}],"about":[{"href":"https:\/\/www.hvbio.com\/de\/wp-json\/wp\/v2\/types\/product"}],"replies":[{"embeddable":true,"href":"https:\/\/www.hvbio.com\/de\/wp-json\/wp\/v2\/comments?post=9165"}],"wp:featuredmedia":[{"embeddable":true,"href":"https:\/\/www.hvbio.com\/de\/wp-json\/wp\/v2\/media\/9313"}],"wp:attachment":[{"href":"https:\/\/www.hvbio.com\/de\/wp-json\/wp\/v2\/media?parent=9165"}],"wp:term":[{"taxonomy":"product_brand","embeddable":true,"href":"https:\/\/www.hvbio.com\/de\/wp-json\/wp\/v2\/product_brand?post=9165"},{"taxonomy":"product_cat","embeddable":true,"href":"https:\/\/www.hvbio.com\/de\/wp-json\/wp\/v2\/product_cat?post=9165"},{"taxonomy":"product_tag","embeddable":true,"href":"https:\/\/www.hvbio.com\/de\/wp-json\/wp\/v2\/product_tag?post=9165"}],"curies":[{"name":"wp","href":"https:\/\/api.w.org\/{rel}","templated":true}]}}