{"id":9450,"date":"2025-08-13T16:06:26","date_gmt":"2025-08-13T08:06:26","guid":{"rendered":"https:\/\/www.hvbio.com\/?post_type=product&#038;p=9450"},"modified":"2025-08-18T11:49:19","modified_gmt":"2025-08-18T03:49:19","slug":"freeze-dried-purple-sweet-potato-powder","status":"publish","type":"product","link":"https:\/\/www.hvbio.com\/de\/produkt\/freeze-dried-purple-sweet-potato-powder\/","title":{"rendered":"Gefriergetrocknetes lila S\u00fc\u00dfkartoffelpulver"},"content":{"rendered":"<table>\n<thead>\n<tr>\n<th><strong>Artikel<\/strong><\/th>\n<th><strong>Details<\/strong><\/th>\n<\/tr>\n<\/thead>\n<tbody>\n<tr>\n<td><strong>Produktname<\/strong><\/td>\n<td>Gefriergetrocknetes lila S\u00fc\u00dfkartoffelpulver<\/td>\n<\/tr>\n<tr>\n<td><strong>Andere Namen<\/strong><\/td>\n<td>Gefriergetrocknetes S\u00fc\u00dfkartoffelpulver (Shao Shu)<\/td>\n<\/tr>\n<tr>\n<td><strong>Extraktionsl\u00f6sungsmittel und Altteile<\/strong><\/td>\n<td>Der Kern des Herstellungsprozesses von gefriergetrocknetem violettem S\u00fc\u00dfkartoffelpulver ist die Gefriertrocknung, eine physikalische Dehydratisierungstechnologie.<br class=\"container-utlnW2 wrapper-d0Cc1k undefined\" \/>Rohmaterial: Unterirdische Knollen der violetten S\u00fc\u00dfkartoffel (d. h. das essbare Fruchtfleisch der violetten S\u00fc\u00dfkartoffel)<\/td>\n<\/tr>\n<tr>\n<td><strong>Aussehen<\/strong><\/td>\n<td>Lila Pulver<\/td>\n<\/tr>\n<tr>\n<td><strong>Nachweismethode<\/strong><\/td>\n<td>D\u00fcnnschichtchromatographie (DC)<\/td>\n<\/tr>\n<tr>\n<td><strong>Lagerung<\/strong><\/td>\n<td>In einem verschlossenen Beh\u00e4lter aufbewahren; k\u00fchl, trocken und dunkel lagern; vor Hitzequellen und Feuchtigkeit sch\u00fctzen.<\/td>\n<\/tr>\n<tr>\n<td><strong>Haltbarkeit<\/strong><\/td>\n<td>Zwei Jahre<\/td>\n<\/tr>\n<\/tbody>\n<\/table>","protected":false},"excerpt":{"rendered":"<div class=\"auto-hide-last-sibling-br paragraph-JOTKXA paragraph-element br-paragraph-space\">\n<table>\n<thead>\n<tr>\n<th><strong>Artikel<\/strong><\/th>\n<th><strong>Details<\/strong><\/th>\n<\/tr>\n<\/thead>\n<tbody>\n<tr>\n<td><strong>Produktname<\/strong><\/td>\n<td>Gefriergetrocknetes lila S\u00fc\u00dfkartoffelpulver<\/td>\n<\/tr>\n<tr>\n<td><strong>Andere Namen<\/strong><\/td>\n<td>Gefriergetrocknetes S\u00fc\u00dfkartoffelpulver (Shao Shu)<\/td>\n<\/tr>\n<tr>\n<td><strong>Extraktionsl\u00f6sungsmittel und Altteile<\/strong><\/td>\n<td>Der Kern des Herstellungsprozesses von gefriergetrocknetem violettem S\u00fc\u00dfkartoffelpulver ist die Gefriertrocknung, eine physikalische Dehydratisierungstechnologie.<br class=\"container-utlnW2 wrapper-d0Cc1k undefined\" \/>Rohmaterial: Unterirdische Knollen der violetten S\u00fc\u00dfkartoffel (d. h. das essbare Fruchtfleisch der violetten S\u00fc\u00dfkartoffel)<\/td>\n<\/tr>\n<tr>\n<td><strong>Aussehen<\/strong><\/td>\n<td>Lila Pulver<\/td>\n<\/tr>\n<tr>\n<td><strong>Nachweismethode<\/strong><\/td>\n<td>D\u00fcnnschichtchromatographie (DC)<\/td>\n<\/tr>\n<tr>\n<td><strong>Lagerung<\/strong><\/td>\n<td>In einem verschlossenen Beh\u00e4lter aufbewahren; k\u00fchl, trocken und dunkel lagern; vor Hitzequellen und Feuchtigkeit sch\u00fctzen.<\/td>\n<\/tr>\n<tr>\n<td><strong>Haltbarkeit<\/strong><\/td>\n<td>Zwei Jahre<\/td>\n<\/tr>\n<\/tbody>\n<\/table>\n<\/div>","protected":false},"featured_media":9456,"comment_status":"closed","ping_status":"closed","template":"","meta":[],"product_brand":[],"product_cat":[18,21],"product_tag":[],"class_list":{"0":"post-9450","1":"product","2":"type-product","3":"status-publish","4":"has-post-thumbnail","6":"product_cat-fruit-and-vegetable-powder","7":"product_cat-lyophilized-powder","9":"first","10":"instock","11":"shipping-taxable","12":"product-type-simple"},"_links":{"self":[{"href":"https:\/\/www.hvbio.com\/de\/wp-json\/wp\/v2\/product\/9450","targetHints":{"allow":["GET"]}}],"collection":[{"href":"https:\/\/www.hvbio.com\/de\/wp-json\/wp\/v2\/product"}],"about":[{"href":"https:\/\/www.hvbio.com\/de\/wp-json\/wp\/v2\/types\/product"}],"replies":[{"embeddable":true,"href":"https:\/\/www.hvbio.com\/de\/wp-json\/wp\/v2\/comments?post=9450"}],"wp:featuredmedia":[{"embeddable":true,"href":"https:\/\/www.hvbio.com\/de\/wp-json\/wp\/v2\/media\/9456"}],"wp:attachment":[{"href":"https:\/\/www.hvbio.com\/de\/wp-json\/wp\/v2\/media?parent=9450"}],"wp:term":[{"taxonomy":"product_brand","embeddable":true,"href":"https:\/\/www.hvbio.com\/de\/wp-json\/wp\/v2\/product_brand?post=9450"},{"taxonomy":"product_cat","embeddable":true,"href":"https:\/\/www.hvbio.com\/de\/wp-json\/wp\/v2\/product_cat?post=9450"},{"taxonomy":"product_tag","embeddable":true,"href":"https:\/\/www.hvbio.com\/de\/wp-json\/wp\/v2\/product_tag?post=9450"}],"curies":[{"name":"wp","href":"https:\/\/api.w.org\/{rel}","templated":true}]}}