{"id":9469,"date":"2025-08-13T16:17:32","date_gmt":"2025-08-13T08:17:32","guid":{"rendered":"https:\/\/www.hvbio.com\/?post_type=product&#038;p=9469"},"modified":"2025-08-18T11:40:57","modified_gmt":"2025-08-18T03:40:57","slug":"freeze-dried-kale-powder","status":"publish","type":"product","link":"https:\/\/www.hvbio.com\/de\/produkt\/freeze-dried-kale-powder\/","title":{"rendered":"gefriergetrocknetes Gr\u00fcnkohlpulver"},"content":{"rendered":"<table>\n<thead>\n<tr>\n<th><strong>Artikel<\/strong><\/th>\n<th><strong>Details<\/strong><\/th>\n<\/tr>\n<\/thead>\n<tbody>\n<tr>\n<td><strong>Produktname<\/strong><\/td>\n<td>Gefriergetrocknetes Gr\u00fcnkohlpulver<\/td>\n<\/tr>\n<tr>\n<td><strong>Andere Namen<\/strong><\/td>\n<td>Gefriergetrocknetes Gr\u00fcnkohlpulver<\/td>\n<\/tr>\n<tr>\n<td><strong>Extraktionsl\u00f6sungsmittel und verwendeter Teil<\/strong><\/td>\n<td>Extraktionsl\u00f6sungsmittel: Normalerweise Wasser<br class=\"container-utlnW2 wrapper-d0Cc1k undefined\" \/>Verwendeter Teil: Gr\u00fcnkohlbl\u00e4tter<\/td>\n<\/tr>\n<tr>\n<td><strong>Aussehen<\/strong><\/td>\n<td>Typischerweise ein gr\u00fcnes bis dunkelgr\u00fcnes Pulver mit einem charakteristischen Gr\u00fcnkohlgeruch<\/td>\n<\/tr>\n<tr>\n<td><strong>Nachweismethode<\/strong><\/td>\n<td>TLC<\/td>\n<\/tr>\n<tr>\n<td><strong>Lagerung<\/strong><\/td>\n<td>Gut verschlossen an einem k\u00fchlen, trockenen und dunklen Ort aufbewahren und vor Hitze und Feuchtigkeit sch\u00fctzen.<\/td>\n<\/tr>\n<tr>\n<td><strong>Haltbarkeit<\/strong><\/td>\n<td>Zwei Jahre<\/td>\n<\/tr>\n<\/tbody>\n<\/table>","protected":false},"excerpt":{"rendered":"<table>\n<thead>\n<tr>\n<th><strong>Artikel<\/strong><\/th>\n<th><strong>Details<\/strong><\/th>\n<\/tr>\n<\/thead>\n<tbody>\n<tr>\n<td><strong>Produktname<\/strong><\/td>\n<td>Gefriergetrocknetes Gr\u00fcnkohlpulver<\/td>\n<\/tr>\n<tr>\n<td><strong>Andere Namen<\/strong><\/td>\n<td>Gefriergetrocknetes Gr\u00fcnkohlpulver<\/td>\n<\/tr>\n<tr>\n<td><strong>Extraktionsl\u00f6sungsmittel und verwendeter Teil<\/strong><\/td>\n<td>Extraktionsl\u00f6sungsmittel: Normalerweise Wasser<br class=\"container-utlnW2 wrapper-d0Cc1k undefined\" \/>\u00a0Verwendeter Teil: Gr\u00fcnkohlbl\u00e4tter<\/td>\n<\/tr>\n<tr>\n<td><strong>Aussehen<\/strong><\/td>\n<td>Typischerweise ein gr\u00fcnes bis dunkelgr\u00fcnes Pulver mit einem charakteristischen Gr\u00fcnkohlgeruch<\/td>\n<\/tr>\n<tr>\n<td><strong>Nachweismethode<\/strong><\/td>\n<td>TLC<\/td>\n<\/tr>\n<tr>\n<td><strong>Lagerung<\/strong><\/td>\n<td>Gut verschlossen an einem k\u00fchlen, trockenen und dunklen Ort aufbewahren und vor Hitze und Feuchtigkeit sch\u00fctzen.<\/td>\n<\/tr>\n<tr>\n<td><strong>Haltbarkeit<\/strong><\/td>\n<td>Zwei Jahre<\/td>\n<\/tr>\n<\/tbody>\n<\/table>","protected":false},"featured_media":9473,"comment_status":"closed","ping_status":"closed","template":"","meta":[],"product_brand":[],"product_cat":[21],"product_tag":[],"class_list":{"0":"post-9469","1":"product","2":"type-product","3":"status-publish","4":"has-post-thumbnail","6":"product_cat-lyophilized-powder","8":"first","9":"instock","10":"shipping-taxable","11":"product-type-simple"},"_links":{"self":[{"href":"https:\/\/www.hvbio.com\/de\/wp-json\/wp\/v2\/product\/9469","targetHints":{"allow":["GET"]}}],"collection":[{"href":"https:\/\/www.hvbio.com\/de\/wp-json\/wp\/v2\/product"}],"about":[{"href":"https:\/\/www.hvbio.com\/de\/wp-json\/wp\/v2\/types\/product"}],"replies":[{"embeddable":true,"href":"https:\/\/www.hvbio.com\/de\/wp-json\/wp\/v2\/comments?post=9469"}],"wp:featuredmedia":[{"embeddable":true,"href":"https:\/\/www.hvbio.com\/de\/wp-json\/wp\/v2\/media\/9473"}],"wp:attachment":[{"href":"https:\/\/www.hvbio.com\/de\/wp-json\/wp\/v2\/media?parent=9469"}],"wp:term":[{"taxonomy":"product_brand","embeddable":true,"href":"https:\/\/www.hvbio.com\/de\/wp-json\/wp\/v2\/product_brand?post=9469"},{"taxonomy":"product_cat","embeddable":true,"href":"https:\/\/www.hvbio.com\/de\/wp-json\/wp\/v2\/product_cat?post=9469"},{"taxonomy":"product_tag","embeddable":true,"href":"https:\/\/www.hvbio.com\/de\/wp-json\/wp\/v2\/product_tag?post=9469"}],"curies":[{"name":"wp","href":"https:\/\/api.w.org\/{rel}","templated":true}]}}