{"id":9498,"date":"2025-08-19T11:17:57","date_gmt":"2025-08-19T03:17:57","guid":{"rendered":"https:\/\/www.hvbio.com\/?post_type=product&#038;p=9498"},"modified":"2025-08-19T11:17:57","modified_gmt":"2025-08-19T03:17:57","slug":"cranberry-powder","status":"publish","type":"product","link":"https:\/\/www.hvbio.com\/de\/produkt\/cranberry-powder\/","title":{"rendered":"Cranberry-Pulver"},"content":{"rendered":"<table>\n<tbody>\n<tr>\n<td><strong>Produktname<\/strong><\/td>\n<td>Cranberry-Pulver<\/td>\n<\/tr>\n<tr>\n<td><strong>Auszug aus<\/strong><\/td>\n<td>Cranberry-Frucht<\/td>\n<\/tr>\n<tr>\n<td><strong>Eigenschaften<\/strong><\/td>\n<td>Purpurrotes Pulver, DC-getestet<\/td>\n<\/tr>\n<tr>\n<td><strong>Maschenweite<\/strong><\/td>\n<td>98% passiert 80-Maschen-Sieb<\/td>\n<\/tr>\n<tr>\n<td><strong>Verpackung<\/strong><\/td>\n<td>25 kg\/Pappfass oder Alufolienbeutel;<br class=\"container-utlnW2 wrapper-d0Cc1k undefined\" \/>Kartontrommel oder Alufolienbeutel (kundenspezifische Verpackung m\u00f6glich)<\/td>\n<\/tr>\n<tr>\n<td><strong>Lagerung<\/strong><\/td>\n<td>An einem geschlossenen, lichtgesch\u00fctzten Ort an einem trockenen, k\u00fchlen und gut bel\u00fcfteten Ort aufbewahren<\/td>\n<\/tr>\n<tr>\n<td><strong>Haltbarkeit<\/strong><\/td>\n<td>24 Monate<\/td>\n<\/tr>\n<tr>\n<td><strong>Expressversand<\/strong><\/td>\n<td>Verf\u00fcgbar per Express oder Logistik.<br class=\"container-utlnW2 wrapper-d0Cc1k undefined\" \/>Inlandsexpressversand: Kommt in der Regel innerhalb von 3 Tagen an.<br class=\"container-utlnW2 wrapper-d0Cc1k undefined\" \/>Inlandslogistiklieferung: Kommt in der Regel innerhalb von 5 Tagen an.<br class=\"container-utlnW2 wrapper-d0Cc1k undefined\" \/>Die Versandkosten im Inland sind grunds\u00e4tzlich im Angebot enthalten.<\/td>\n<\/tr>\n<tr>\n<td><strong>Probe<\/strong><\/td>\n<td>Proben von 5\u201320 g sind grunds\u00e4tzlich erh\u00e4ltlich; f\u00fcr einige Produkte fallen Probengeb\u00fchren an<\/td>\n<\/tr>\n<\/tbody>\n<\/table>","protected":false},"excerpt":{"rendered":"<table>\n<tbody>\n<tr>\n<td><strong>Produktname<\/strong><\/td>\n<td>Cranberry-Pulver<\/td>\n<\/tr>\n<tr>\n<td><strong>Auszug aus<\/strong><\/td>\n<td>Cranberry-Frucht<\/td>\n<\/tr>\n<tr>\n<td><strong>Eigenschaften<\/strong><\/td>\n<td>Purpurrotes Pulver, DC-getestet<\/td>\n<\/tr>\n<tr>\n<td><strong>Maschenweite<\/strong><\/td>\n<td>98% passiert 80-Maschen-Sieb<\/td>\n<\/tr>\n<tr>\n<td><strong>Verpackung<\/strong><\/td>\n<td>25 kg\/Pappfass oder Alufolienbeutel;<br class=\"container-utlnW2 wrapper-d0Cc1k undefined\" \/>Kartontrommel oder Alufolienbeutel (kundenspezifische Verpackung m\u00f6glich)<\/td>\n<\/tr>\n<tr>\n<td><strong>Lagerung<\/strong><\/td>\n<td>An einem geschlossenen, lichtgesch\u00fctzten Ort an einem trockenen, k\u00fchlen und gut bel\u00fcfteten Ort aufbewahren<\/td>\n<\/tr>\n<tr>\n<td><strong>Haltbarkeit<\/strong><\/td>\n<td>24 Monate<\/td>\n<\/tr>\n<tr>\n<td><strong>Expressversand<\/strong><\/td>\n<td>Verf\u00fcgbar per Express oder Logistik.<br class=\"container-utlnW2 wrapper-d0Cc1k undefined\" \/>Inlandsexpressversand: Kommt in der Regel innerhalb von 3 Tagen an.<br class=\"container-utlnW2 wrapper-d0Cc1k undefined\" \/>Inlandslogistiklieferung: Kommt in der Regel innerhalb von 5 Tagen an.<br class=\"container-utlnW2 wrapper-d0Cc1k undefined\" \/>Die Versandkosten im Inland sind grunds\u00e4tzlich im Angebot enthalten.<\/td>\n<\/tr>\n<tr>\n<td><strong>Probe<\/strong><\/td>\n<td>Proben von 5\u201320 g sind grunds\u00e4tzlich erh\u00e4ltlich; f\u00fcr einige Produkte fallen Probengeb\u00fchren an<\/td>\n<\/tr>\n<\/tbody>\n<\/table>","protected":false},"featured_media":9502,"comment_status":"closed","ping_status":"closed","template":"","meta":[],"product_brand":[],"product_cat":[20],"product_tag":[],"class_list":{"0":"post-9498","1":"product","2":"type-product","3":"status-publish","4":"has-post-thumbnail","6":"product_cat-fruit-powder","8":"first","9":"instock","10":"shipping-taxable","11":"product-type-simple"},"_links":{"self":[{"href":"https:\/\/www.hvbio.com\/de\/wp-json\/wp\/v2\/product\/9498","targetHints":{"allow":["GET"]}}],"collection":[{"href":"https:\/\/www.hvbio.com\/de\/wp-json\/wp\/v2\/product"}],"about":[{"href":"https:\/\/www.hvbio.com\/de\/wp-json\/wp\/v2\/types\/product"}],"replies":[{"embeddable":true,"href":"https:\/\/www.hvbio.com\/de\/wp-json\/wp\/v2\/comments?post=9498"}],"wp:featuredmedia":[{"embeddable":true,"href":"https:\/\/www.hvbio.com\/de\/wp-json\/wp\/v2\/media\/9502"}],"wp:attachment":[{"href":"https:\/\/www.hvbio.com\/de\/wp-json\/wp\/v2\/media?parent=9498"}],"wp:term":[{"taxonomy":"product_brand","embeddable":true,"href":"https:\/\/www.hvbio.com\/de\/wp-json\/wp\/v2\/product_brand?post=9498"},{"taxonomy":"product_cat","embeddable":true,"href":"https:\/\/www.hvbio.com\/de\/wp-json\/wp\/v2\/product_cat?post=9498"},{"taxonomy":"product_tag","embeddable":true,"href":"https:\/\/www.hvbio.com\/de\/wp-json\/wp\/v2\/product_tag?post=9498"}],"curies":[{"name":"wp","href":"https:\/\/api.w.org\/{rel}","templated":true}]}}