{"id":9514,"date":"2025-08-19T11:37:12","date_gmt":"2025-08-19T03:37:12","guid":{"rendered":"https:\/\/www.hvbio.com\/?post_type=product&#038;p=9514"},"modified":"2025-08-19T11:37:12","modified_gmt":"2025-08-19T03:37:12","slug":"barley-grass-powder","status":"publish","type":"product","link":"https:\/\/www.hvbio.com\/de\/produkt\/barley-grass-powder\/","title":{"rendered":"Gerstengraspulver"},"content":{"rendered":"<table style=\"height: 339px;\" width=\"1573\">\n<thead>\n<tr>\n<th><strong>Artikel<\/strong><\/th>\n<th><strong>Englische \u00dcbersetzung<\/strong><\/th>\n<\/tr>\n<\/thead>\n<tbody>\n<tr>\n<td><strong>Produktname<\/strong><\/td>\n<td>Gerstengraspulver<\/td>\n<\/tr>\n<tr>\n<td><strong>Andere Namen<\/strong><\/td>\n<td>Gerstengraspulver, Gerstengr\u00fcnsaftpulver, Weizengraspulver<\/td>\n<\/tr>\n<tr>\n<td><strong>Extraktionsl\u00f6sungsmittel und Altteile<\/strong><\/td>\n<td>Der Rohstoff f\u00fcr Weizengraspulver sind in der Regel die jungen Blattteile von Weizenkeimlingen, wie z. B. die Bl\u00e4tter junger Weizenbl\u00e4tter und junger Gerstenkeimlinge. Diese Teile haben einen hohen N\u00e4hrstoffgehalt und eignen sich f\u00fcr die Extraktion und Herstellung von Weizengraspulver. Wasser kann als L\u00f6sungsmittel f\u00fcr Weizenkeimlingsextrakt verwendet werden; in einigen Herstellungsprozessen von Weizengraspulver wird Ethanol als Extraktionsl\u00f6sungsmittel verwendet.<\/td>\n<\/tr>\n<tr>\n<td><strong>Aussehen<\/strong><\/td>\n<td>Gr\u00fcnes Pulver<\/td>\n<\/tr>\n<tr>\n<td><strong>Nachweismethode<\/strong><\/td>\n<td>D\u00fcnnschichtchromatographie (DC)<\/td>\n<\/tr>\n<tr>\n<td><strong>Lagerung<\/strong><\/td>\n<td>In einem verschlossenen Beh\u00e4lter an einem k\u00fchlen, trockenen und dunklen Ort aufbewahren und von W\u00e4rmequellen und feuchten Umgebungen fernhalten.<\/td>\n<\/tr>\n<tr>\n<td><strong>Haltbarkeit<\/strong><\/td>\n<td>Zwei Jahre<\/td>\n<\/tr>\n<\/tbody>\n<\/table>","protected":false},"excerpt":{"rendered":"<h3 class=\"header-vfC6AV auto-hide-last-sibling-br\">Produktdetails<\/h3>\n<ul class=\"auto-hide-last-sibling-br\">\n<li><strong>Produktname<\/strong>:Gerstengraspulver<\/li>\n<li><strong>Andere Namen<\/strong>: Gerstengras-Extraktpulver, Gerstengr\u00fcnsaftpulver, Weizengraspulver<\/li>\n<li><strong>Extraktionsl\u00f6sungsmittel und Altteile<\/strong>: Die Rohstoffe f\u00fcr Weizengraspulver und Gerstengraspulver sind in der Regel die jungen Blattteile von Weizenkeimlingen, wie z. B. junge Weizenbl\u00e4tter und Bl\u00e4tter junger Gerstenkeimlinge. Diese Teile sind reich an N\u00e4hrstoffen und eignen sich zur Extraktion und Herstellung von Weizengraspulver. Wasser kann als L\u00f6sungsmittel f\u00fcr die Extraktion von Weizenkeimlingen verwendet werden. Bei einigen Herstellungsverfahren von Weizengraspulver wird Ethanol als Extraktionsl\u00f6sungsmittel verwendet.<\/li>\n<li><strong>Aussehen<\/strong>: Gr\u00fcnes Pulver<\/li>\n<li><strong>Empfohlene Zugabemenge<\/strong>: 5% f\u00fcr feste Getr\u00e4nke, 5% f\u00fcr Drinks und 3 \u2013 5% f\u00fcr Snacks<\/li>\n<li><strong>Anwendungsbereich<\/strong>: Feste Getr\u00e4nke, Milchprodukte, Fertiggerichte, aufgeblasene Lebensmittel, Gew\u00fcrze, Lebensmittel f\u00fcr die mittlere und \u00e4ltere Generation, Backwaren, Snacks, kalte Speisen und kalte Getr\u00e4nke usw.<\/li>\n<\/ul>\n<h3 class=\"header-vfC6AV auto-hide-last-sibling-br\">Kaufanleitung<\/h3>\n<ul class=\"auto-hide-last-sibling-br\">\n<li><strong>Verpackungsmethode<\/strong>: 25 kg\/Kartonfass oder Alufolienbeutel<\/li>\n<li><strong>Lagerbedingungen<\/strong>: Sollte versiegelt, vor Licht gesch\u00fctzt und an einem trockenen, k\u00fchlen und gut bel\u00fcfteten Ort gelagert werden<\/li>\n<li><strong>G\u00fcltigkeitszeitraum<\/strong>: Zwei Jahre<\/li>\n<li><strong>Probenbereitstellung<\/strong>: In der Regel werden von Produkten 5 \u2013 20 g Proben zur Verf\u00fcgung gestellt. F\u00fcr einige Produkte fallen Probengeb\u00fchren an.<\/li>\n<li><strong>Produktverpackung<\/strong>: Verpackt in Pappf\u00e4ssern oder Aluminiumfolienbeuteln (kann nach Kundenwunsch individuell angepasst werden)<\/li>\n<li><strong>Lieferzeit<\/strong>: Nicht kundenspezifische Produkte werden innerhalb von 48 Stunden versendet. Bei kundenspezifischen Produkten wird die Lieferzeit an den tats\u00e4chlichen Bedarf angepasst.<\/li>\n<li><strong>Transportmethode<\/strong>: Inlandsexpress oder Logistik. Das Angebot beinhaltet die Transportkosten.<\/li>\n<\/ul>","protected":false},"featured_media":9515,"comment_status":"closed","ping_status":"closed","template":"","meta":[],"product_brand":[],"product_cat":[18,19],"product_tag":[],"class_list":{"0":"post-9514","1":"product","2":"type-product","3":"status-publish","4":"has-post-thumbnail","6":"product_cat-fruit-and-vegetable-powder","7":"product_cat-vegetable-powders","9":"first","10":"instock","11":"shipping-taxable","12":"product-type-simple"},"_links":{"self":[{"href":"https:\/\/www.hvbio.com\/de\/wp-json\/wp\/v2\/product\/9514","targetHints":{"allow":["GET"]}}],"collection":[{"href":"https:\/\/www.hvbio.com\/de\/wp-json\/wp\/v2\/product"}],"about":[{"href":"https:\/\/www.hvbio.com\/de\/wp-json\/wp\/v2\/types\/product"}],"replies":[{"embeddable":true,"href":"https:\/\/www.hvbio.com\/de\/wp-json\/wp\/v2\/comments?post=9514"}],"wp:featuredmedia":[{"embeddable":true,"href":"https:\/\/www.hvbio.com\/de\/wp-json\/wp\/v2\/media\/9515"}],"wp:attachment":[{"href":"https:\/\/www.hvbio.com\/de\/wp-json\/wp\/v2\/media?parent=9514"}],"wp:term":[{"taxonomy":"product_brand","embeddable":true,"href":"https:\/\/www.hvbio.com\/de\/wp-json\/wp\/v2\/product_brand?post=9514"},{"taxonomy":"product_cat","embeddable":true,"href":"https:\/\/www.hvbio.com\/de\/wp-json\/wp\/v2\/product_cat?post=9514"},{"taxonomy":"product_tag","embeddable":true,"href":"https:\/\/www.hvbio.com\/de\/wp-json\/wp\/v2\/product_tag?post=9514"}],"curies":[{"name":"wp","href":"https:\/\/api.w.org\/{rel}","templated":true}]}}