{"id":9530,"date":"2025-08-19T11:54:41","date_gmt":"2025-08-19T03:54:41","guid":{"rendered":"https:\/\/www.hvbio.com\/?post_type=product&#038;p=9530"},"modified":"2025-08-19T11:55:30","modified_gmt":"2025-08-19T03:55:30","slug":"freeze-dried-grapefruit-powder","status":"publish","type":"product","link":"https:\/\/www.hvbio.com\/de\/produkt\/freeze-dried-grapefruit-powder\/","title":{"rendered":"Gefriergetrocknetes Grapefruitpulver"},"content":{"rendered":"<table>\n<tbody>\n<tr>\n<td><strong>Produktname<\/strong><\/td>\n<td>Gefriergetrocknetes Grapefruitpulver<\/td>\n<\/tr>\n<tr>\n<td><strong>Produkteinf\u00fchrung<\/strong><\/td>\n<td>Das von unserem Unternehmen hergestellte gefriergetrocknete Grapefruitpulver wird aus Grapefruit als Rohstoff unter Verwendung modernster Gefriertrocknungstechnologie hergestellt. Es beh\u00e4lt den urspr\u00fcnglichen Geschmack der Grapefruit und enth\u00e4lt eine Vielzahl von N\u00e4hrstoffen. Es liegt in Pulverform vor und bietet guten Geschmack, gute Wasserl\u00f6slichkeit und einfache Lagerung.<\/td>\n<\/tr>\n<tr>\n<td><strong>Gebrauchtteil<\/strong><\/td>\n<td>Grapefruit<\/td>\n<\/tr>\n<tr>\n<td><strong>Eigenschaften<\/strong><\/td>\n<td>Hellgelbes Pulver<\/td>\n<\/tr>\n<tr>\n<td><strong>Testmethode<\/strong><\/td>\n<td>DC (D\u00fcnnschichtchromatographie)<\/td>\n<\/tr>\n<tr>\n<td><strong>Produktmaschenweite<\/strong><\/td>\n<td>98% passiert ein 80-Maschen-Sieb<\/td>\n<\/tr>\n<tr>\n<td><strong>Verpackungsmethode<\/strong><\/td>\n<td>25 kg pro Pappfass oder Alufolienbeutel<\/td>\n<\/tr>\n<tr>\n<td><strong>Lagerbedingungen<\/strong><\/td>\n<td>Sollte versiegelt und vor Licht gesch\u00fctzt an einem trockenen, k\u00fchlen und gut bel\u00fcfteten Ort gelagert werden<\/td>\n<\/tr>\n<tr>\n<td><strong>Haltbarkeit<\/strong><\/td>\n<td>24 Monate<\/td>\n<\/tr>\n<tr>\n<td><strong>Express &amp; Logistik<\/strong><\/td>\n<td>Lieferung per Express oder Logistik. Inl\u00e4ndische Expresslieferungen erfolgen in der Regel innerhalb von 3 Tagen, Logistiklieferungen innerhalb von 5 Tagen. Die Kosten f\u00fcr den Inlandstransport sind in der Regel im Angebot enthalten.<\/td>\n<\/tr>\n<tr>\n<td><strong>Probenbereitstellung<\/strong><\/td>\n<td>Im Allgemeinen werden f\u00fcr Produkte 5\u201320 g Proben bereitgestellt. F\u00fcr einige Produkte wird eine Probengeb\u00fchr erhoben.<\/td>\n<\/tr>\n<tr>\n<td><strong>Produktverpackung<\/strong><\/td>\n<td>Verpackt in Pappf\u00e4ssern oder Aluminiumfolienbeuteln (individuelle Verpackung auf Kundenwunsch m\u00f6glich)<\/td>\n<\/tr>\n<\/tbody>\n<\/table>","protected":false},"excerpt":{"rendered":"<table>\n<tbody>\n<tr>\n<td><strong>Produktname<\/strong><\/td>\n<td>Gefriergetrocknetes Grapefruitpulver<\/td>\n<\/tr>\n<tr>\n<td><strong>Produkteinf\u00fchrung<\/strong><\/td>\n<td>Das von unserem Unternehmen hergestellte gefriergetrocknete Grapefruitpulver wird aus Grapefruit als Rohstoff unter Verwendung modernster Gefriertrocknungstechnologie hergestellt. Es beh\u00e4lt den urspr\u00fcnglichen Geschmack der Grapefruit und enth\u00e4lt eine Vielzahl von N\u00e4hrstoffen. Es liegt in Pulverform vor und bietet guten Geschmack, gute Wasserl\u00f6slichkeit und einfache Lagerung.<\/td>\n<\/tr>\n<tr>\n<td><strong>Gebrauchtteil<\/strong><\/td>\n<td>Grapefruit<\/td>\n<\/tr>\n<tr>\n<td><strong>Eigenschaften<\/strong><\/td>\n<td>Hellgelbes Pulver<\/td>\n<\/tr>\n<tr>\n<td><strong>Testmethode<\/strong><\/td>\n<td>DC (D\u00fcnnschichtchromatographie)<\/td>\n<\/tr>\n<tr>\n<td><strong>Produktmaschenweite<\/strong><\/td>\n<td>98% passiert ein 80-Maschen-Sieb<\/td>\n<\/tr>\n<tr>\n<td><strong>Verpackungsmethode<\/strong><\/td>\n<td>25 kg pro Pappfass oder Alufolienbeutel<\/td>\n<\/tr>\n<tr>\n<td><strong>Lagerbedingungen<\/strong><\/td>\n<td>Sollte versiegelt und vor Licht gesch\u00fctzt an einem trockenen, k\u00fchlen und gut bel\u00fcfteten Ort gelagert werden<\/td>\n<\/tr>\n<tr>\n<td><strong>Haltbarkeit<\/strong><\/td>\n<td>24 Monate<\/td>\n<\/tr>\n<tr>\n<td><strong>Express &amp; Logistik<\/strong><\/td>\n<td>Lieferung per Express oder Logistik. Inl\u00e4ndische Expresslieferungen erfolgen in der Regel innerhalb von 3 Tagen, Logistiklieferungen innerhalb von 5 Tagen. Die Kosten f\u00fcr den Inlandstransport sind in der Regel im Angebot enthalten.<\/td>\n<\/tr>\n<tr>\n<td><strong>Probenbereitstellung<\/strong><\/td>\n<td>Im Allgemeinen werden f\u00fcr Produkte 5\u201320 g Proben bereitgestellt. F\u00fcr einige Produkte wird eine Probengeb\u00fchr erhoben.<\/td>\n<\/tr>\n<tr>\n<td><strong>Produktverpackung<\/strong><\/td>\n<td>Verpackt in Pappf\u00e4ssern oder Aluminiumfolienbeuteln (individuelle Verpackung auf Kundenwunsch m\u00f6glich)<\/td>\n<\/tr>\n<\/tbody>\n<\/table>","protected":false},"featured_media":9534,"comment_status":"closed","ping_status":"closed","template":"","meta":[],"product_brand":[],"product_cat":[18,21],"product_tag":[],"class_list":{"0":"post-9530","1":"product","2":"type-product","3":"status-publish","4":"has-post-thumbnail","6":"product_cat-fruit-and-vegetable-powder","7":"product_cat-lyophilized-powder","9":"first","10":"instock","11":"shipping-taxable","12":"product-type-simple"},"_links":{"self":[{"href":"https:\/\/www.hvbio.com\/de\/wp-json\/wp\/v2\/product\/9530","targetHints":{"allow":["GET"]}}],"collection":[{"href":"https:\/\/www.hvbio.com\/de\/wp-json\/wp\/v2\/product"}],"about":[{"href":"https:\/\/www.hvbio.com\/de\/wp-json\/wp\/v2\/types\/product"}],"replies":[{"embeddable":true,"href":"https:\/\/www.hvbio.com\/de\/wp-json\/wp\/v2\/comments?post=9530"}],"wp:featuredmedia":[{"embeddable":true,"href":"https:\/\/www.hvbio.com\/de\/wp-json\/wp\/v2\/media\/9534"}],"wp:attachment":[{"href":"https:\/\/www.hvbio.com\/de\/wp-json\/wp\/v2\/media?parent=9530"}],"wp:term":[{"taxonomy":"product_brand","embeddable":true,"href":"https:\/\/www.hvbio.com\/de\/wp-json\/wp\/v2\/product_brand?post=9530"},{"taxonomy":"product_cat","embeddable":true,"href":"https:\/\/www.hvbio.com\/de\/wp-json\/wp\/v2\/product_cat?post=9530"},{"taxonomy":"product_tag","embeddable":true,"href":"https:\/\/www.hvbio.com\/de\/wp-json\/wp\/v2\/product_tag?post=9530"}],"curies":[{"name":"wp","href":"https:\/\/api.w.org\/{rel}","templated":true}]}}