{"id":9537,"date":"2025-08-19T12:02:14","date_gmt":"2025-08-19T04:02:14","guid":{"rendered":"https:\/\/www.hvbio.com\/?post_type=product&#038;p=9537"},"modified":"2025-08-19T12:02:14","modified_gmt":"2025-08-19T04:02:14","slug":"fulvic-acid-50","status":"publish","type":"product","link":"https:\/\/www.hvbio.com\/de\/produkt\/fulvic-acid-50\/","title":{"rendered":"Fulvos\u00e4ure 50%"},"content":{"rendered":"<table>\n<tbody>\n<tr>\n<td><strong>Produktname<\/strong><\/td>\n<td>Fulvos\u00e4ure 50%<\/td>\n<\/tr>\n<tr>\n<td><strong>Alias<\/strong><\/td>\n<td>Fulvos\u00e4ure (aus Shilajit gewonnen); Shilajit-Extrakt (Fulvos\u00e4uregehalt: 50%)<\/td>\n<\/tr>\n<tr>\n<td><strong>Extraktionsl\u00f6sungsmittel<\/strong><\/td>\n<td>Zur Extraktion werden \u00fcblicherweise polare L\u00f6sungsmittel wie Wasser und verd\u00fcnnter Alkohol (z. B. Ethanoll\u00f6sung) verwendet.<\/td>\n<\/tr>\n<tr>\n<td><strong>Gebrauchtteil<\/strong><\/td>\n<td>Shilajit (ein nat\u00fcrlicher Mineral-Pflanzen-Komplex, der haupts\u00e4chlich aus Gesteinsausscheidungen in Regionen wie dem Himalaya gewonnen wird)<\/td>\n<\/tr>\n<tr>\n<td><strong>Physikalische Eigenschaften<\/strong><\/td>\n<td>Meist br\u00e4unlich-schwarzes bis dunkelbraunes Pulver oder Fl\u00fcssigkeit; weist eine gewisse Hygroskopizit\u00e4t auf; leicht l\u00f6slich in Wasser oder verd\u00fcnntem Alkohol<\/td>\n<\/tr>\n<tr>\n<td><strong>Testmethode<\/strong><\/td>\n<td>UV-Erkennung<\/td>\n<\/tr>\n<tr>\n<td><strong>Lagerbedingungen<\/strong><\/td>\n<td>Verschlie\u00dfen und k\u00fchl, trocken und lichtgesch\u00fctzt lagern<\/td>\n<\/tr>\n<\/tbody>\n<\/table>","protected":false},"excerpt":{"rendered":"<table>\n<tbody>\n<tr>\n<td><strong>Produktname<\/strong><\/td>\n<td>Fulvos\u00e4ure 50%<\/td>\n<\/tr>\n<tr>\n<td><strong>Alias<\/strong><\/td>\n<td>Fulvos\u00e4ure (aus Shilajit gewonnen); Shilajit-Extrakt (Fulvos\u00e4uregehalt: 50%)<\/td>\n<\/tr>\n<tr>\n<td><strong>Extraktionsl\u00f6sungsmittel<\/strong><\/td>\n<td>Zur Extraktion werden \u00fcblicherweise polare L\u00f6sungsmittel wie Wasser und verd\u00fcnnter Alkohol (z. B. Ethanoll\u00f6sung) verwendet.<\/td>\n<\/tr>\n<tr>\n<td><strong>Gebrauchtteil<\/strong><\/td>\n<td>Shilajit (ein nat\u00fcrlicher Mineral-Pflanzen-Komplex, der haupts\u00e4chlich aus Gesteinsausscheidungen in Regionen wie dem Himalaya gewonnen wird)<\/td>\n<\/tr>\n<tr>\n<td><strong>Physikalische Eigenschaften<\/strong><\/td>\n<td>Meist br\u00e4unlich-schwarzes bis dunkelbraunes Pulver oder Fl\u00fcssigkeit; weist eine gewisse Hygroskopizit\u00e4t auf; leicht l\u00f6slich in Wasser oder verd\u00fcnntem Alkohol<\/td>\n<\/tr>\n<tr>\n<td><strong>Testmethode<\/strong><\/td>\n<td>UV-Erkennung<\/td>\n<\/tr>\n<tr>\n<td><strong>Lagerbedingungen<\/strong><\/td>\n<td>Verschlie\u00dfen und k\u00fchl, trocken und lichtgesch\u00fctzt lagern<\/td>\n<\/tr>\n<\/tbody>\n<\/table>","protected":false},"featured_media":9541,"comment_status":"closed","ping_status":"closed","template":"","meta":[],"product_brand":[],"product_cat":[23],"product_tag":[],"class_list":{"0":"post-9537","1":"product","2":"type-product","3":"status-publish","4":"has-post-thumbnail","6":"product_cat-standard-extract","8":"first","9":"instock","10":"shipping-taxable","11":"product-type-simple"},"_links":{"self":[{"href":"https:\/\/www.hvbio.com\/de\/wp-json\/wp\/v2\/product\/9537","targetHints":{"allow":["GET"]}}],"collection":[{"href":"https:\/\/www.hvbio.com\/de\/wp-json\/wp\/v2\/product"}],"about":[{"href":"https:\/\/www.hvbio.com\/de\/wp-json\/wp\/v2\/types\/product"}],"replies":[{"embeddable":true,"href":"https:\/\/www.hvbio.com\/de\/wp-json\/wp\/v2\/comments?post=9537"}],"wp:featuredmedia":[{"embeddable":true,"href":"https:\/\/www.hvbio.com\/de\/wp-json\/wp\/v2\/media\/9541"}],"wp:attachment":[{"href":"https:\/\/www.hvbio.com\/de\/wp-json\/wp\/v2\/media?parent=9537"}],"wp:term":[{"taxonomy":"product_brand","embeddable":true,"href":"https:\/\/www.hvbio.com\/de\/wp-json\/wp\/v2\/product_brand?post=9537"},{"taxonomy":"product_cat","embeddable":true,"href":"https:\/\/www.hvbio.com\/de\/wp-json\/wp\/v2\/product_cat?post=9537"},{"taxonomy":"product_tag","embeddable":true,"href":"https:\/\/www.hvbio.com\/de\/wp-json\/wp\/v2\/product_tag?post=9537"}],"curies":[{"name":"wp","href":"https:\/\/api.w.org\/{rel}","templated":true}]}}