{"id":9550,"date":"2025-08-19T14:13:15","date_gmt":"2025-08-19T06:13:15","guid":{"rendered":"https:\/\/www.hvbio.com\/?post_type=product&#038;p=9550"},"modified":"2025-08-19T14:13:15","modified_gmt":"2025-08-19T06:13:15","slug":"grape-seed-proanthocyanidins-95","status":"publish","type":"product","link":"https:\/\/www.hvbio.com\/de\/produkt\/grape-seed-proanthocyanidins-95\/","title":{"rendered":"Traubenkern-Proanthocyanidine 95%"},"content":{"rendered":"<table>\n<tbody>\n<tr>\n<td><strong>Produktname<\/strong><\/td>\n<td>Traubenkern-Proanthocyanidine 95%<\/td>\n<\/tr>\n<tr>\n<td><strong>Produktcharakter<\/strong><\/td>\n<td>R\u00f6tlich-braunes Pulver<\/td>\n<\/tr>\n<tr>\n<td><strong>Testmethode<\/strong><\/td>\n<td>UV<\/td>\n<\/tr>\n<tr>\n<td><strong>Wirkstoff<\/strong><\/td>\n<td>Proanthocyanidine<\/td>\n<\/tr>\n<tr>\n<td><strong>Produktmaschenweite<\/strong><\/td>\n<td>80-100 Maschen<\/td>\n<\/tr>\n<tr>\n<td><strong>Anwendungen<\/strong><\/td>\n<td>Feste Getr\u00e4nke, Gesundheitsweine, Tablettenbonbons, Kosmetika<\/td>\n<\/tr>\n<tr>\n<td><strong>Spezifikation<\/strong><\/td>\n<td>95%. F\u00fcr weitere Spezifikationen wenden Sie sich bitte an den Kundendienst.<\/td>\n<\/tr>\n<tr>\n<td><strong>Verpackungsmethode<\/strong><\/td>\n<td>25 kg\/Kartonfass oder Alufolienbeutel<\/td>\n<\/tr>\n<tr>\n<td><strong>Lagerbedingungen<\/strong><\/td>\n<td>Sollte versiegelt und vor Licht gesch\u00fctzt sein; an einem trockenen, k\u00fchlen und gut bel\u00fcfteten Ort gelagert werden<\/td>\n<\/tr>\n<tr>\n<td><strong>Haltbarkeit<\/strong><\/td>\n<td>24 Monate<\/td>\n<\/tr>\n<tr>\n<td><strong>Express\/Logistik<\/strong><\/td>\n<td>Express oder Logistik. Inlandsexpress kommt in der Regel innerhalb von 3 Tagen an, Logistik innerhalb von 5 Tagen. Angebote beinhalten in der Regel die Inlandstransportkosten.<\/td>\n<\/tr>\n<\/tbody>\n<\/table>","protected":false},"excerpt":{"rendered":"<table>\n<tbody>\n<tr>\n<td><strong>Produktname<\/strong><\/td>\n<td>Traubenkern-Proanthocyanidine 95%<\/td>\n<\/tr>\n<tr>\n<td><strong>Produktcharakter<\/strong><\/td>\n<td>R\u00f6tlich-braunes Pulver<\/td>\n<\/tr>\n<tr>\n<td><strong>Testmethode<\/strong><\/td>\n<td>UV<\/td>\n<\/tr>\n<tr>\n<td><strong>Wirkstoff<\/strong><\/td>\n<td>Proanthocyanidine<\/td>\n<\/tr>\n<tr>\n<td><strong>Produktmaschenweite<\/strong><\/td>\n<td>80-100 Maschen<\/td>\n<\/tr>\n<tr>\n<td><strong>Anwendungen<\/strong><\/td>\n<td>Feste Getr\u00e4nke, Gesundheitsweine, Tablettenbonbons, Kosmetika<\/td>\n<\/tr>\n<tr>\n<td><strong>Spezifikation<\/strong><\/td>\n<td>95%. F\u00fcr weitere Spezifikationen wenden Sie sich bitte an den Kundendienst.<\/td>\n<\/tr>\n<tr>\n<td><strong>Verpackungsmethode<\/strong><\/td>\n<td>25 kg\/Kartonfass oder Alufolienbeutel<\/td>\n<\/tr>\n<tr>\n<td><strong>Lagerbedingungen<\/strong><\/td>\n<td>Sollte versiegelt und vor Licht gesch\u00fctzt sein; an einem trockenen, k\u00fchlen und gut bel\u00fcfteten Ort gelagert werden<\/td>\n<\/tr>\n<tr>\n<td><strong>Haltbarkeit<\/strong><\/td>\n<td>24 Monate<\/td>\n<\/tr>\n<tr>\n<td><strong>Express\/Logistik<\/strong><\/td>\n<td>Express oder Logistik. Inlandsexpress kommt in der Regel innerhalb von 3 Tagen an, Logistik innerhalb von 5 Tagen. Angebote beinhalten in der Regel die Inlandstransportkosten.<\/td>\n<\/tr>\n<\/tbody>\n<\/table>","protected":false},"featured_media":9554,"comment_status":"closed","ping_status":"closed","template":"","meta":[],"product_brand":[],"product_cat":[23,17],"product_tag":[],"class_list":{"0":"post-9550","1":"product","2":"type-product","3":"status-publish","4":"has-post-thumbnail","6":"product_cat-standard-extract","7":"product_cat-plant-extract","9":"first","10":"instock","11":"shipping-taxable","12":"product-type-simple"},"_links":{"self":[{"href":"https:\/\/www.hvbio.com\/de\/wp-json\/wp\/v2\/product\/9550","targetHints":{"allow":["GET"]}}],"collection":[{"href":"https:\/\/www.hvbio.com\/de\/wp-json\/wp\/v2\/product"}],"about":[{"href":"https:\/\/www.hvbio.com\/de\/wp-json\/wp\/v2\/types\/product"}],"replies":[{"embeddable":true,"href":"https:\/\/www.hvbio.com\/de\/wp-json\/wp\/v2\/comments?post=9550"}],"wp:featuredmedia":[{"embeddable":true,"href":"https:\/\/www.hvbio.com\/de\/wp-json\/wp\/v2\/media\/9554"}],"wp:attachment":[{"href":"https:\/\/www.hvbio.com\/de\/wp-json\/wp\/v2\/media?parent=9550"}],"wp:term":[{"taxonomy":"product_brand","embeddable":true,"href":"https:\/\/www.hvbio.com\/de\/wp-json\/wp\/v2\/product_brand?post=9550"},{"taxonomy":"product_cat","embeddable":true,"href":"https:\/\/www.hvbio.com\/de\/wp-json\/wp\/v2\/product_cat?post=9550"},{"taxonomy":"product_tag","embeddable":true,"href":"https:\/\/www.hvbio.com\/de\/wp-json\/wp\/v2\/product_tag?post=9550"}],"curies":[{"name":"wp","href":"https:\/\/api.w.org\/{rel}","templated":true}]}}