{"id":9556,"date":"2025-08-19T14:17:47","date_gmt":"2025-08-19T06:17:47","guid":{"rendered":"https:\/\/www.hvbio.com\/?post_type=product&#038;p=9556"},"modified":"2025-08-19T14:17:48","modified_gmt":"2025-08-19T06:17:48","slug":"kiwi-powder","status":"publish","type":"product","link":"https:\/\/www.hvbio.com\/de\/produkt\/kiwi-powder\/","title":{"rendered":"Kiwipulver"},"content":{"rendered":"<table>\n<tbody>\n<tr>\n<td><strong>Produktname<\/strong><\/td>\n<td>Kiwipulver<\/td>\n<\/tr>\n<tr>\n<td><strong>Alternative Namen<\/strong><\/td>\n<td>K\u00f6nig der Fr\u00fcchte, K\u00f6nig der Fr\u00fcchte, K\u00f6nig des Vitamin C, Yangtao, Maoli, Kiwi<\/td>\n<\/tr>\n<tr>\n<td><strong>Einf\u00fchrung<\/strong><\/td>\n<td>Kiwifrucht (wissenschaftlicher Name:\u00a0<em>Actinidia chinensis<\/em>\u00a0Planch), auch bekannt als Huli Tao (Fuchspfirsich), Tengli (Weinbirne), Yangtao, Muzi, Maomuguo, Kiwi, Matengguo usw. Ihre Frucht ist im Allgemeinen oval, hat ein gr\u00fcnlich-braunes Aussehen und eine dichte Flaumschicht auf der Schale (die ungenie\u00dfbar ist). Im Inneren befindet sich hellgr\u00fcnes Fruchtfleisch und eine Reihe schwarzer Kerne. Sie wird \u201eKiwifrucht\u201c genannt, weil Kiwis sie gerne essen oder weil ihre flaumige Schale einer Kiwi \u00e4hnelt. Sie ist eine Frucht mit frischer Qualit\u00e4t, reichem N\u00e4hrwert und k\u00f6stlichem Geschmack.<\/td>\n<\/tr>\n<tr>\n<td><strong>Rohstoffherkunft<\/strong><\/td>\n<td>Der urspr\u00fcngliche Ursprungsort der Kiwi ist die Stadt Wuduhe im Bezirk Yiling der Stadt Yichang in der Provinz Hubei. Sie wird auch in anderen Provinzen Chinas angebaut.<\/td>\n<\/tr>\n<tr>\n<td><strong>Produktcharakter<\/strong><\/td>\n<td>Braunes Pulver, getestet mittels DC (D\u00fcnnschichtchromatographie).<\/td>\n<\/tr>\n<tr>\n<td><strong>Produktspezifikation<\/strong><\/td>\n<td>Bei diesem Produkt handelt es sich um Kiwifruchtextrakt im Verh\u00e4ltnis 1:1 (f\u00fcr weitere Spezifikationen wenden Sie sich bei Bedarf bitte an den Kundendienst).<\/td>\n<\/tr>\n<tr>\n<td><strong>Produktmaschenweite<\/strong><\/td>\n<td>98% passiert ein 80-Maschen-Sieb.<\/td>\n<\/tr>\n<tr>\n<td><strong>Verpackungsmethode<\/strong><\/td>\n<td>25 kg\/Pappfass oder Alufolienbeutel.<\/td>\n<\/tr>\n<tr>\n<td><strong>Lagerbedingungen<\/strong><\/td>\n<td>Sollte versiegelt und vor Licht gesch\u00fctzt an einem trockenen, k\u00fchlen und gut bel\u00fcfteten Ort gelagert werden.<\/td>\n<\/tr>\n<tr>\n<td><strong>Haltbarkeit<\/strong><\/td>\n<td>24 Monate.<\/td>\n<\/tr>\n<tr>\n<td><strong>Express &amp; Logistik<\/strong><\/td>\n<td>Expressversand oder Logistik. Inl\u00e4ndische Expresslieferungen erfolgen in der Regel innerhalb von 3 Tagen, Logistiklieferungen in der Regel innerhalb von 5 Tagen. Angebote beinhalten in der Regel die Inlandstransportkosten.<\/td>\n<\/tr>\n<tr>\n<td><strong>Probenbereitstellung<\/strong><\/td>\n<td>In der Regel werden 5-20g Proben des Produkts zur Verf\u00fcgung gestellt, f\u00fcr einige Produkte wird eine Probengeb\u00fchr erhoben.<\/td>\n<\/tr>\n<tr>\n<td><strong>Produktverpackung<\/strong><\/td>\n<td>Verpackt in Pappf\u00e4ssern oder Aluminiumfolienbeuteln (individuelle Verpackung auf Kundenwunsch erh\u00e4ltlich).<\/td>\n<\/tr>\n<\/tbody>\n<\/table>","protected":false},"excerpt":{"rendered":"<table>\n<tbody>\n<tr>\n<td><strong>Produktname<\/strong><\/td>\n<td>Kiwipulver<\/td>\n<\/tr>\n<tr>\n<td><strong>Alternative Namen<\/strong><\/td>\n<td>K\u00f6nig der Fr\u00fcchte, K\u00f6nig der Fr\u00fcchte, K\u00f6nig des Vitamin C, Yangtao, Maoli, Kiwi<\/td>\n<\/tr>\n<tr>\n<td><strong>Einf\u00fchrung<\/strong><\/td>\n<td>Kiwifrucht (wissenschaftlicher Name:\u00a0<em>Actinidia chinensis<\/em>\u00a0Planch), auch bekannt als Huli Tao (Fuchspfirsich), Tengli (Weinbirne), Yangtao, Muzi, Maomuguo, Kiwi, Matengguo usw. Ihre Frucht ist im Allgemeinen oval, hat ein gr\u00fcnlich-braunes Aussehen und eine dichte Flaumschicht auf der Schale (die ungenie\u00dfbar ist). Im Inneren befindet sich hellgr\u00fcnes Fruchtfleisch und eine Reihe schwarzer Kerne. Sie wird \u201eKiwifrucht\u201c genannt, weil Kiwis sie gerne essen oder weil ihre flaumige Schale einer Kiwi \u00e4hnelt. Sie ist eine Frucht mit frischer Qualit\u00e4t, reichem N\u00e4hrwert und k\u00f6stlichem Geschmack.<\/td>\n<\/tr>\n<tr>\n<td><strong>Rohstoffherkunft<\/strong><\/td>\n<td>Der urspr\u00fcngliche Ursprungsort der Kiwi ist die Stadt Wuduhe im Bezirk Yiling der Stadt Yichang in der Provinz Hubei. Sie wird auch in anderen Provinzen Chinas angebaut.<\/td>\n<\/tr>\n<tr>\n<td><strong>Produktcharakter<\/strong><\/td>\n<td>Braunes Pulver, getestet mittels DC (D\u00fcnnschichtchromatographie).<\/td>\n<\/tr>\n<tr>\n<td><strong>Produktspezifikation<\/strong><\/td>\n<td>Bei diesem Produkt handelt es sich um Kiwifruchtextrakt im Verh\u00e4ltnis 1:1 (f\u00fcr weitere Spezifikationen wenden Sie sich bei Bedarf bitte an den Kundendienst).<\/td>\n<\/tr>\n<tr>\n<td><strong>Produktmaschenweite<\/strong><\/td>\n<td>98% passiert ein 80-Maschen-Sieb.<\/td>\n<\/tr>\n<tr>\n<td><strong>Verpackungsmethode<\/strong><\/td>\n<td>25 kg\/Pappfass oder Alufolienbeutel.<\/td>\n<\/tr>\n<tr>\n<td><strong>Lagerbedingungen<\/strong><\/td>\n<td>Sollte versiegelt und vor Licht gesch\u00fctzt an einem trockenen, k\u00fchlen und gut bel\u00fcfteten Ort gelagert werden.<\/td>\n<\/tr>\n<tr>\n<td><strong>Haltbarkeit<\/strong><\/td>\n<td>24 Monate.<\/td>\n<\/tr>\n<tr>\n<td><strong>Express &amp; Logistik<\/strong><\/td>\n<td>Expressversand oder Logistik. Inl\u00e4ndische Expresslieferungen erfolgen in der Regel innerhalb von 3 Tagen, Logistiklieferungen in der Regel innerhalb von 5 Tagen. Angebote beinhalten in der Regel die Inlandstransportkosten.<\/td>\n<\/tr>\n<tr>\n<td><strong>Probenbereitstellung<\/strong><\/td>\n<td>In der Regel werden 5-20g Proben des Produkts zur Verf\u00fcgung gestellt, f\u00fcr einige Produkte wird eine Probengeb\u00fchr erhoben.<\/td>\n<\/tr>\n<tr>\n<td><strong>Produktverpackung<\/strong><\/td>\n<td>Verpackt in Pappf\u00e4ssern oder Aluminiumfolienbeuteln (individuelle Verpackung auf Kundenwunsch erh\u00e4ltlich).<\/td>\n<\/tr>\n<\/tbody>\n<\/table>","protected":false},"featured_media":9560,"comment_status":"closed","ping_status":"closed","template":"","meta":[],"product_brand":[],"product_cat":[20],"product_tag":[],"class_list":{"0":"post-9556","1":"product","2":"type-product","3":"status-publish","4":"has-post-thumbnail","6":"product_cat-fruit-powder","8":"first","9":"instock","10":"shipping-taxable","11":"product-type-simple"},"_links":{"self":[{"href":"https:\/\/www.hvbio.com\/de\/wp-json\/wp\/v2\/product\/9556","targetHints":{"allow":["GET"]}}],"collection":[{"href":"https:\/\/www.hvbio.com\/de\/wp-json\/wp\/v2\/product"}],"about":[{"href":"https:\/\/www.hvbio.com\/de\/wp-json\/wp\/v2\/types\/product"}],"replies":[{"embeddable":true,"href":"https:\/\/www.hvbio.com\/de\/wp-json\/wp\/v2\/comments?post=9556"}],"wp:featuredmedia":[{"embeddable":true,"href":"https:\/\/www.hvbio.com\/de\/wp-json\/wp\/v2\/media\/9560"}],"wp:attachment":[{"href":"https:\/\/www.hvbio.com\/de\/wp-json\/wp\/v2\/media?parent=9556"}],"wp:term":[{"taxonomy":"product_brand","embeddable":true,"href":"https:\/\/www.hvbio.com\/de\/wp-json\/wp\/v2\/product_brand?post=9556"},{"taxonomy":"product_cat","embeddable":true,"href":"https:\/\/www.hvbio.com\/de\/wp-json\/wp\/v2\/product_cat?post=9556"},{"taxonomy":"product_tag","embeddable":true,"href":"https:\/\/www.hvbio.com\/de\/wp-json\/wp\/v2\/product_tag?post=9556"}],"curies":[{"name":"wp","href":"https:\/\/api.w.org\/{rel}","templated":true}]}}