{"id":9567,"date":"2025-08-19T14:20:39","date_gmt":"2025-08-19T06:20:39","guid":{"rendered":"https:\/\/www.hvbio.com\/?post_type=product&#038;p=9567"},"modified":"2025-08-19T14:27:33","modified_gmt":"2025-08-19T06:27:33","slug":"strawberry-powder-2","status":"publish","type":"product","link":"https:\/\/www.hvbio.com\/de\/produkt\/strawberry-powder-2\/","title":{"rendered":"Erdbeerpulver"},"content":{"rendered":"<table>\n<tbody>\n<tr>\n<td><strong>Produktname<\/strong><\/td>\n<td>Erdbeerpulver<\/td>\n<\/tr>\n<tr>\n<td><strong>Product Description<\/strong><\/td>\n<td>The strawberry powder produced by our company is made from strawberries and processed using the relatively advanced spray drying technology. It maximally retains the original flavor of strawberries and contains various vitamins. It is in powder form with good fluidity, fine taste, easy dissolution and easy preservation.<\/td>\n<\/tr>\n<tr>\n<td><strong>Gebrauchtteil<\/strong><\/td>\n<td>Obst<\/td>\n<\/tr>\n<tr>\n<td><strong>Eigenschaften<\/strong><\/td>\n<td>Pink powder, tested by TLC (Thin Layer Chromatography)<\/td>\n<\/tr>\n<tr>\n<td><strong>Produktmaschenweite<\/strong><\/td>\n<td>98% geht durch ein 80-Maschen-Sieb<\/td>\n<\/tr>\n<tr>\n<td><strong>Verpackungsmethode<\/strong><\/td>\n<td>25 kg pro Papierfass oder Alufolienbeutel<\/td>\n<\/tr>\n<tr>\n<td><strong>Lagerbedingungen<\/strong><\/td>\n<td>Sollte versiegelt und vor Licht gesch\u00fctzt an einem trockenen, k\u00fchlen und gut bel\u00fcfteten Ort gelagert werden<\/td>\n<\/tr>\n<tr>\n<td><strong>Haltbarkeit<\/strong><\/td>\n<td>24 Monate<\/td>\n<\/tr>\n<tr>\n<td><strong>Express &amp; Logistik<\/strong><\/td>\n<td>Lieferung per Express oder Logistik. Inl\u00e4ndische Expresslieferungen kommen in der Regel innerhalb von 3 Tagen an, Logistiklieferungen in der Regel innerhalb von 5 Tagen. Angebote beinhalten in der Regel die Inlandstransportkosten.<\/td>\n<\/tr>\n<tr>\n<td><strong>Probenbereitstellung<\/strong><\/td>\n<td>Generally, 5-20g small samples are provided for products; sample fees are charged for some products.<\/td>\n<\/tr>\n<tr>\n<td><strong>Produktverpackung<\/strong><\/td>\n<td>Packaged in paper drums or aluminum foil bags (customizable packaging available as per customer requirements)<\/td>\n<\/tr>\n<\/tbody>\n<\/table>","protected":false},"excerpt":{"rendered":"<table>\n<tbody>\n<tr>\n<td><strong>Produktname<\/strong><\/td>\n<td>Erdbeerpulver<\/td>\n<\/tr>\n<tr>\n<td><strong>Product Description<\/strong><\/td>\n<td>The strawberry powder produced by our company is made from strawberries and processed using the relatively advanced spray drying technology. It maximally retains the original flavor of strawberries and contains various vitamins. It is in powder form with good fluidity, fine taste, easy dissolution and easy preservation.<\/td>\n<\/tr>\n<tr>\n<td><strong>Gebrauchtteil<\/strong><\/td>\n<td>Obst<\/td>\n<\/tr>\n<tr>\n<td><strong>Eigenschaften<\/strong><\/td>\n<td>Pink powder, tested by TLC (Thin Layer Chromatography)<\/td>\n<\/tr>\n<tr>\n<td><strong>Produktmaschenweite<\/strong><\/td>\n<td>98% geht durch ein 80-Maschen-Sieb<\/td>\n<\/tr>\n<tr>\n<td><strong>Verpackungsmethode<\/strong><\/td>\n<td>25 kg pro Papierfass oder Alufolienbeutel<\/td>\n<\/tr>\n<tr>\n<td><strong>Lagerbedingungen<\/strong><\/td>\n<td>Sollte versiegelt und vor Licht gesch\u00fctzt an einem trockenen, k\u00fchlen und gut bel\u00fcfteten Ort gelagert werden<\/td>\n<\/tr>\n<tr>\n<td><strong>Haltbarkeit<\/strong><\/td>\n<td>24 Monate<\/td>\n<\/tr>\n<tr>\n<td><strong>Express &amp; Logistik<\/strong><\/td>\n<td>Lieferung per Express oder Logistik. Inl\u00e4ndische Expresslieferungen kommen in der Regel innerhalb von 3 Tagen an, Logistiklieferungen in der Regel innerhalb von 5 Tagen. Angebote beinhalten in der Regel die Inlandstransportkosten.<\/td>\n<\/tr>\n<tr>\n<td><strong>Probenbereitstellung<\/strong><\/td>\n<td>Generally, 5-20g small samples are provided for products; sample fees are charged for some products.<\/td>\n<\/tr>\n<tr>\n<td><strong>Produktverpackung<\/strong><\/td>\n<td>Packaged in paper drums or aluminum foil bags (customizable packaging available as per customer requirements)<\/td>\n<\/tr>\n<\/tbody>\n<\/table>","protected":false},"featured_media":9571,"comment_status":"closed","ping_status":"closed","template":"","meta":[],"product_brand":[],"product_cat":[20],"product_tag":[],"class_list":{"0":"post-9567","1":"product","2":"type-product","3":"status-publish","4":"has-post-thumbnail","6":"product_cat-fruit-powder","8":"first","9":"instock","10":"shipping-taxable","11":"product-type-simple"},"_links":{"self":[{"href":"https:\/\/www.hvbio.com\/de\/wp-json\/wp\/v2\/product\/9567","targetHints":{"allow":["GET"]}}],"collection":[{"href":"https:\/\/www.hvbio.com\/de\/wp-json\/wp\/v2\/product"}],"about":[{"href":"https:\/\/www.hvbio.com\/de\/wp-json\/wp\/v2\/types\/product"}],"replies":[{"embeddable":true,"href":"https:\/\/www.hvbio.com\/de\/wp-json\/wp\/v2\/comments?post=9567"}],"wp:featuredmedia":[{"embeddable":true,"href":"https:\/\/www.hvbio.com\/de\/wp-json\/wp\/v2\/media\/9571"}],"wp:attachment":[{"href":"https:\/\/www.hvbio.com\/de\/wp-json\/wp\/v2\/media?parent=9567"}],"wp:term":[{"taxonomy":"product_brand","embeddable":true,"href":"https:\/\/www.hvbio.com\/de\/wp-json\/wp\/v2\/product_brand?post=9567"},{"taxonomy":"product_cat","embeddable":true,"href":"https:\/\/www.hvbio.com\/de\/wp-json\/wp\/v2\/product_cat?post=9567"},{"taxonomy":"product_tag","embeddable":true,"href":"https:\/\/www.hvbio.com\/de\/wp-json\/wp\/v2\/product_tag?post=9567"}],"curies":[{"name":"wp","href":"https:\/\/api.w.org\/{rel}","templated":true}]}}