{"id":9587,"date":"2025-08-19T15:03:42","date_gmt":"2025-08-19T07:03:42","guid":{"rendered":"https:\/\/www.hvbio.com\/?post_type=product&#038;p=9587"},"modified":"2025-08-20T11:03:28","modified_gmt":"2025-08-20T03:03:28","slug":"chocolate-powder","status":"publish","type":"product","link":"https:\/\/www.hvbio.com\/de\/produkt\/chocolate-powder\/","title":{"rendered":"Schokoladenpulver"},"content":{"rendered":"<table>\n<tbody>\n<tr>\n<td><strong>Produktname<\/strong><\/td>\n<td>Schokoladenpulver<\/td>\n<\/tr>\n<tr>\n<td><strong>Andere Namen<\/strong><\/td>\n<td>Kakaopulver, Schokoladenpulver (Hinweis: \u201e\u5de7\u514b\u529b\u201c ist die chinesische Transliteration von \u201eSchokolade\u201c, daher bleibt der entsprechende englische Name \u201eSchokoladenpulver\u201c)<\/td>\n<\/tr>\n<tr>\n<td><strong>Extraktionsl\u00f6sungsmittel und Altteile<\/strong><\/td>\n<td>Der Hauptbestandteil von Schokoladenpulver ist Kakaopulver. Verwendet werden Kakaobohnen aus den Fr\u00fcchten des Kakaobaums.<br class=\"container-utlnW2 wrapper-d0Cc1k undefined\" \/><br class=\"container-utlnW2 wrapper-d0Cc1k undefined\" \/><strong>Herstellungsprozess von Kakaopulver<\/strong>:<br class=\"container-utlnW2 wrapper-d0Cc1k undefined\" \/>1. Reinigen, sieben, r\u00f6sten und sch\u00e4len Sie die Kakaobohnen, um Kakaomasse zu erhalten.<br class=\"container-utlnW2 wrapper-d0Cc1k undefined\" \/>2. Pressen Sie die Kakaomasse, um die Kakaobutter zu trennen.<br class=\"container-utlnW2 wrapper-d0Cc1k undefined\" \/>3. Den restlichen Kakaokuchen zu Kakaopulver zerkleinern.<\/td>\n<\/tr>\n<tr>\n<td><strong>Testmethode<\/strong><\/td>\n<td>DC (D\u00fcnnschichtchromatographie)<\/td>\n<\/tr>\n<tr>\n<td><strong>Lagerung<\/strong><\/td>\n<td>In einem verschlossenen Beh\u00e4lter an einem k\u00fchlen, trockenen und lichtgesch\u00fctzten Ort aufbewahren und von W\u00e4rmequellen und feuchten Umgebungen fernhalten.<\/td>\n<\/tr>\n<tr>\n<td><strong>Haltbarkeit<\/strong><\/td>\n<td>2 Jahre<\/td>\n<\/tr>\n<\/tbody>\n<\/table>","protected":false},"excerpt":{"rendered":"<table>\n<tbody>\n<tr>\n<td><strong>Produktname<\/strong><\/td>\n<td>Schokoladenpulver<\/td>\n<\/tr>\n<tr>\n<td><strong>Andere Namen<\/strong><\/td>\n<td>Kakaopulver, Schokoladenpulver (Hinweis: \u201e\u5de7\u514b\u529b\u201c ist die chinesische Transliteration von \u201eSchokolade\u201c, daher bleibt der entsprechende englische Name \u201eSchokoladenpulver\u201c)<\/td>\n<\/tr>\n<tr>\n<td><strong>Extraktionsl\u00f6sungsmittel und Altteile<\/strong><\/td>\n<td>Der Hauptbestandteil von Schokoladenpulver ist Kakaopulver. Verwendet werden Kakaobohnen aus den Fr\u00fcchten des Kakaobaums.<br class=\"container-utlnW2 wrapper-d0Cc1k undefined\" \/><br class=\"container-utlnW2 wrapper-d0Cc1k undefined\" \/><strong>Herstellungsprozess von Kakaopulver<\/strong>:<br class=\"container-utlnW2 wrapper-d0Cc1k undefined\" \/>1. Reinigen, sieben, r\u00f6sten und sch\u00e4len Sie die Kakaobohnen, um Kakaomasse zu erhalten.<br class=\"container-utlnW2 wrapper-d0Cc1k undefined\" \/>2. Pressen Sie die Kakaomasse, um die Kakaobutter zu trennen.<br class=\"container-utlnW2 wrapper-d0Cc1k undefined\" \/>3. Den restlichen Kakaokuchen zu Kakaopulver zerkleinern.<\/td>\n<\/tr>\n<tr>\n<td><strong>Testmethode<\/strong><\/td>\n<td>DC (D\u00fcnnschichtchromatographie)<\/td>\n<\/tr>\n<tr>\n<td><strong>Lagerung<\/strong><\/td>\n<td>In einem verschlossenen Beh\u00e4lter an einem k\u00fchlen, trockenen und lichtgesch\u00fctzten Ort aufbewahren und von W\u00e4rmequellen und feuchten Umgebungen fernhalten.<\/td>\n<\/tr>\n<tr>\n<td><strong>Haltbarkeit<\/strong><\/td>\n<td>2 Jahre<\/td>\n<\/tr>\n<\/tbody>\n<\/table>","protected":false},"featured_media":9588,"comment_status":"closed","ping_status":"closed","template":"","meta":[],"product_brand":[],"product_cat":[20],"product_tag":[],"class_list":{"0":"post-9587","1":"product","2":"type-product","3":"status-publish","4":"has-post-thumbnail","6":"product_cat-fruit-powder","8":"first","9":"instock","10":"shipping-taxable","11":"product-type-simple"},"_links":{"self":[{"href":"https:\/\/www.hvbio.com\/de\/wp-json\/wp\/v2\/product\/9587","targetHints":{"allow":["GET"]}}],"collection":[{"href":"https:\/\/www.hvbio.com\/de\/wp-json\/wp\/v2\/product"}],"about":[{"href":"https:\/\/www.hvbio.com\/de\/wp-json\/wp\/v2\/types\/product"}],"replies":[{"embeddable":true,"href":"https:\/\/www.hvbio.com\/de\/wp-json\/wp\/v2\/comments?post=9587"}],"wp:featuredmedia":[{"embeddable":true,"href":"https:\/\/www.hvbio.com\/de\/wp-json\/wp\/v2\/media\/9588"}],"wp:attachment":[{"href":"https:\/\/www.hvbio.com\/de\/wp-json\/wp\/v2\/media?parent=9587"}],"wp:term":[{"taxonomy":"product_brand","embeddable":true,"href":"https:\/\/www.hvbio.com\/de\/wp-json\/wp\/v2\/product_brand?post=9587"},{"taxonomy":"product_cat","embeddable":true,"href":"https:\/\/www.hvbio.com\/de\/wp-json\/wp\/v2\/product_cat?post=9587"},{"taxonomy":"product_tag","embeddable":true,"href":"https:\/\/www.hvbio.com\/de\/wp-json\/wp\/v2\/product_tag?post=9587"}],"curies":[{"name":"wp","href":"https:\/\/api.w.org\/{rel}","templated":true}]}}