{"id":9615,"date":"2025-08-20T11:19:40","date_gmt":"2025-08-20T03:19:40","guid":{"rendered":"https:\/\/www.hvbio.com\/?post_type=product&#038;p=9615"},"modified":"2025-08-20T11:45:13","modified_gmt":"2025-08-20T03:45:13","slug":"watermelon-powder","status":"publish","type":"product","link":"https:\/\/www.hvbio.com\/de\/produkt\/watermelon-powder\/","title":{"rendered":"Wassermelonenschalenextrakt"},"content":{"rendered":"<table>\n<tbody>\n<tr>\n<td><strong>Produktname<\/strong><\/td>\n<td>Watermelon Rind Extract<\/td>\n<\/tr>\n<tr>\n<td><strong>Alternativer Name<\/strong><\/td>\n<td>Xigua Cuiyi (Watermelon Green Rind)<\/td>\n<\/tr>\n<tr>\n<td><strong>Extraktionsquelle<\/strong><\/td>\n<td>Outer pericarp of\u00a0<em>Citrullus lanatus<\/em>\u00a0(Thunb.) Matsum. &amp; Nakai, a plant of the Cucurbitaceae family<\/td>\n<\/tr>\n<tr>\n<td><strong>Rohstoffherkunft<\/strong><\/td>\n<td>Cultivated in most regions of China<\/td>\n<\/tr>\n<tr>\n<td><strong>Einf\u00fchrung<\/strong><\/td>\n<td><strong>Collection &amp; Processing<\/strong>: Collect watermelon rinds from July to August, peel off the soft inner part and dry them in the sun; some processes involve removing the outer green skin and only using the middle part.<br class=\"container-utlnW2 wrapper-d0Cc1k undefined\" \/><strong>Active Components<\/strong>: The juice contains citrulline, betaine, malic acid, fructose, glucose, sucrose, lycopene, vitamin C, etc.<\/td>\n<\/tr>\n<tr>\n<td><strong>Eigenschaften<\/strong><\/td>\n<td>Braungelbes Pulver, getestet mittels DC (D\u00fcnnschichtchromatographie)<\/td>\n<\/tr>\n<tr>\n<td><strong>Produktspezifikation<\/strong><\/td>\n<td>Watermelon Rind Extract 1:1 (Contact customer service for other specifications if needed)<\/td>\n<\/tr>\n<tr>\n<td><strong>Produktmaschenweite<\/strong><\/td>\n<td>98% geht durch ein 80-Maschen-Sieb<\/td>\n<\/tr>\n<tr>\n<td><strong>Verpackungsmethode<\/strong><\/td>\n<td>25 kg\/Kartonfass oder Alufolienbeutel<\/td>\n<\/tr>\n<tr>\n<td><strong>Lagerbedingungen<\/strong><\/td>\n<td>Sollte versiegelt und vor Licht gesch\u00fctzt an einem trockenen, k\u00fchlen und gut bel\u00fcfteten Ort gelagert werden<\/td>\n<\/tr>\n<tr>\n<td><strong>Haltbarkeit<\/strong><\/td>\n<td>24 Monate<\/td>\n<\/tr>\n<tr>\n<td><strong>Express &amp; Logistik<\/strong><\/td>\n<td>Delivery options: Express or logistics.<br class=\"container-utlnW2 wrapper-d0Cc1k undefined\" \/>Domestic express: Generally arrives within 3 days; logistics: Generally arrives within 5 days.<br class=\"container-utlnW2 wrapper-d0Cc1k undefined\" \/>Quotations usually include domestic transportation costs.<\/td>\n<\/tr>\n<tr>\n<td><strong>Probenbereitstellung<\/strong><\/td>\n<td>Generally provides 5-20g small samples for most products.<br class=\"container-utlnW2 wrapper-d0Cc1k undefined\" \/>Sample fees may be charged for some products.<\/td>\n<\/tr>\n<tr>\n<td><strong>Produktverpackung<\/strong><\/td>\n<td>Verpackt in Pappf\u00e4ssern oder Aluminiumfolienbeuteln (individuelle Verpackung auf Kundenwunsch m\u00f6glich)<\/td>\n<\/tr>\n<\/tbody>\n<\/table>\n<p>&nbsp;<\/p>","protected":false},"excerpt":{"rendered":"<table>\n<tbody>\n<tr>\n<td><strong>Produktname<\/strong><\/td>\n<td>Watermelon Rind Extract<\/td>\n<\/tr>\n<tr>\n<td><strong>Alternativer Name<\/strong><\/td>\n<td>Xigua Cuiyi (Watermelon Green Rind)<\/td>\n<\/tr>\n<tr>\n<td><strong>Extraktionsquelle<\/strong><\/td>\n<td>Outer pericarp of\u00a0<em>Citrullus lanatus<\/em>\u00a0(Thunb.) Matsum. &amp; Nakai, a plant of the Cucurbitaceae family<\/td>\n<\/tr>\n<tr>\n<td><strong>Rohstoffherkunft<\/strong><\/td>\n<td>Cultivated in most regions of China<\/td>\n<\/tr>\n<tr>\n<td><strong>Einf\u00fchrung<\/strong><\/td>\n<td><strong>Collection &amp; Processing<\/strong>: Collect watermelon rinds from July to August, peel off the soft inner part and dry them in the sun; some processes involve removing the outer green skin and only using the middle part.<br class=\"container-utlnW2 wrapper-d0Cc1k undefined\" \/><strong>Active Components<\/strong>: The juice contains citrulline, betaine, malic acid, fructose, glucose, sucrose, lycopene, vitamin C, etc.<\/td>\n<\/tr>\n<tr>\n<td><strong>Eigenschaften<\/strong><\/td>\n<td>Braungelbes Pulver, getestet mittels DC (D\u00fcnnschichtchromatographie)<\/td>\n<\/tr>\n<tr>\n<td><strong>Produktspezifikation<\/strong><\/td>\n<td>Watermelon Rind Extract 1:1 (Contact customer service for other specifications if needed)<\/td>\n<\/tr>\n<tr>\n<td><strong>Produktmaschenweite<\/strong><\/td>\n<td>98% geht durch ein 80-Maschen-Sieb<\/td>\n<\/tr>\n<tr>\n<td><strong>Verpackungsmethode<\/strong><\/td>\n<td>25 kg\/Kartonfass oder Alufolienbeutel<\/td>\n<\/tr>\n<tr>\n<td><strong>Lagerbedingungen<\/strong><\/td>\n<td>Sollte versiegelt und vor Licht gesch\u00fctzt an einem trockenen, k\u00fchlen und gut bel\u00fcfteten Ort gelagert werden<\/td>\n<\/tr>\n<tr>\n<td><strong>Haltbarkeit<\/strong><\/td>\n<td>24 Monate<\/td>\n<\/tr>\n<tr>\n<td><strong>Express &amp; Logistik<\/strong><\/td>\n<td>Delivery options: Express or logistics.<br class=\"container-utlnW2 wrapper-d0Cc1k undefined\" \/>Domestic express: Generally arrives within 3 days; logistics: Generally arrives within 5 days.<br class=\"container-utlnW2 wrapper-d0Cc1k undefined\" \/>Quotations usually include domestic transportation costs.<\/td>\n<\/tr>\n<tr>\n<td><strong>Probenbereitstellung<\/strong><\/td>\n<td>Generally provides 5-20g small samples for most products.<br class=\"container-utlnW2 wrapper-d0Cc1k undefined\" \/>Sample fees may be charged for some products.<\/td>\n<\/tr>\n<tr>\n<td><strong>Produktverpackung<\/strong><\/td>\n<td>Verpackt in Pappf\u00e4ssern oder Aluminiumfolienbeuteln (individuelle Verpackung auf Kundenwunsch m\u00f6glich)<\/td>\n<\/tr>\n<\/tbody>\n<\/table>","protected":false},"featured_media":9609,"comment_status":"closed","ping_status":"closed","template":"","meta":[],"product_brand":[],"product_cat":[17,24],"product_tag":[30,29],"class_list":{"0":"post-9615","1":"product","2":"type-product","3":"status-publish","4":"has-post-thumbnail","6":"product_cat-plant-extract","7":"product_cat-ratio-extract","8":"product_tag-watermelon-powder","9":"product_tag-watermelon-rind-extract","11":"first","12":"instock","13":"shipping-taxable","14":"product-type-simple"},"_links":{"self":[{"href":"https:\/\/www.hvbio.com\/de\/wp-json\/wp\/v2\/product\/9615","targetHints":{"allow":["GET"]}}],"collection":[{"href":"https:\/\/www.hvbio.com\/de\/wp-json\/wp\/v2\/product"}],"about":[{"href":"https:\/\/www.hvbio.com\/de\/wp-json\/wp\/v2\/types\/product"}],"replies":[{"embeddable":true,"href":"https:\/\/www.hvbio.com\/de\/wp-json\/wp\/v2\/comments?post=9615"}],"wp:featuredmedia":[{"embeddable":true,"href":"https:\/\/www.hvbio.com\/de\/wp-json\/wp\/v2\/media\/9609"}],"wp:attachment":[{"href":"https:\/\/www.hvbio.com\/de\/wp-json\/wp\/v2\/media?parent=9615"}],"wp:term":[{"taxonomy":"product_brand","embeddable":true,"href":"https:\/\/www.hvbio.com\/de\/wp-json\/wp\/v2\/product_brand?post=9615"},{"taxonomy":"product_cat","embeddable":true,"href":"https:\/\/www.hvbio.com\/de\/wp-json\/wp\/v2\/product_cat?post=9615"},{"taxonomy":"product_tag","embeddable":true,"href":"https:\/\/www.hvbio.com\/de\/wp-json\/wp\/v2\/product_tag?post=9615"}],"curies":[{"name":"wp","href":"https:\/\/api.w.org\/{rel}","templated":true}]}}