{"id":9625,"date":"2025-08-20T11:28:07","date_gmt":"2025-08-20T03:28:07","guid":{"rendered":"https:\/\/www.hvbio.com\/?post_type=product&#038;p=9625"},"modified":"2025-08-20T11:41:11","modified_gmt":"2025-08-20T03:41:11","slug":"broccoli-powder","status":"publish","type":"product","link":"https:\/\/www.hvbio.com\/de\/produkt\/broccoli-powder\/","title":{"rendered":"Brokkolipulver"},"content":{"rendered":"<table style=\"height: 358px;\" width=\"1360\">\n<thead>\n<tr>\n<th><strong>Artikel<\/strong><\/th>\n<th><strong>Details<\/strong><\/th>\n<\/tr>\n<\/thead>\n<tbody>\n<tr>\n<td><strong>Produktname<\/strong><\/td>\n<td>Brokkolipulver<\/td>\n<\/tr>\n<tr>\n<td><strong>Andere Namen<\/strong><\/td>\n<td>Blumenkohlpulver, Gr\u00fcner Blumenkohlpulver, Gr\u00fcnes Gem\u00fcsepollenpulver, Blaues Brokkolipulver, Gr\u00fcnes Brokkolipulver<\/td>\n<\/tr>\n<tr>\n<td><strong>Extraktionsl\u00f6sungsmittel und verwendetes Teil<\/strong><\/td>\n<td>&#8211;\u00a0<strong>Verwendetes Teil<\/strong>: Obst<br class=\"container-utlnW2 wrapper-d0Cc1k undefined\" \/>&#8211;\u00a0<strong>Extraktionsl\u00f6sungsmittel<\/strong>: Ethanol und Wasser (f\u00fcr Brokkoliextrakt)<\/td>\n<\/tr>\n<tr>\n<td><strong>Aussehen<\/strong><\/td>\n<td>gr\u00fcnes Pulver<\/td>\n<\/tr>\n<tr>\n<td><strong>Nachweismethode<\/strong><\/td>\n<td>DC (D\u00fcnnschichtchromatographie)<\/td>\n<\/tr>\n<tr>\n<td><strong>Lagerung<\/strong><\/td>\n<td>In einem verschlossenen Beh\u00e4lter an einem k\u00fchlen, trockenen und dunklen Ort aufbewahren, fern von W\u00e4rmequellen und feuchten Umgebungen.<\/td>\n<\/tr>\n<tr>\n<td><strong>Haltbarkeit<\/strong><\/td>\n<td>Zwei Jahre<\/td>\n<\/tr>\n<\/tbody>\n<\/table>","protected":false},"excerpt":{"rendered":"<h5 class=\"header-vfC6AV auto-hide-last-sibling-br\">Produktname: Brokkolipulver<\/h5>\n<div class=\"auto-hide-last-sibling-br paragraph-JOTKXA paragraph-element br-paragraph-space\">Andere Namen: Blumenkohlpulver, gr\u00fcnes Brokkolipulver, gr\u00fcner Gem\u00fcsepollen, blaues Brokkolipulver, gr\u00fcnes Blumenkohlpulver<br class=\"container-utlnW2 wrapper-d0Cc1k undefined\" \/>Extraktionsl\u00f6sungsmittel und verwendeter Bestandteil: Der Extraktionsbestandteil des Brokkolipulvers ist die Frucht; Ethanol und Wasser k\u00f6nnen als L\u00f6sungsmittel f\u00fcr Brokkoliextrakt verwendet werden.<br class=\"container-utlnW2 wrapper-d0Cc1k undefined\" \/>Aussehen: gr\u00fcnes Pulver<br class=\"container-utlnW2 wrapper-d0Cc1k undefined\" \/>Nachweismethode: DC<\/div>\n<h5 class=\"header-vfC6AV auto-hide-last-sibling-br\">Kaufanleitung<\/h5>\n<ul class=\"auto-hide-last-sibling-br\">\n<li>\u3010Verpackungsmethode\u301125 kg\/Kartonfass oder Aluminiumfolienbeutel<\/li>\n<li>\u3010Lagerbedingungen\u3011Sollte versiegelt und vor Licht gesch\u00fctzt an einem trockenen, k\u00fchlen und gut bel\u00fcfteten Ort gelagert werden<\/li>\n<li>\u3010Haltbarkeit\u3011Zwei Jahre<\/li>\n<li>\u3010Probe\u3011 Im Allgemeinen werden f\u00fcr die meisten Produkte 5\u201320 g Proben bereitgestellt. F\u00fcr einige Produkte wird eine Probegeb\u00fchr erhoben.<\/li>\n<li>\u3010Produktverpackung\u3011Verpackt in Pappf\u00e4ssern oder Aluminiumfolienbeuteln (individuelle Verpackung auf Kundenwunsch erh\u00e4ltlich)<\/li>\n<li>\u3010Lieferzeit\u3011 Nicht kundenspezifische Produkte werden innerhalb von 48 Stunden versendet; die Lieferzeit f\u00fcr kundenspezifische Produkte wird je nach tats\u00e4chlichem Bedarf angepasst.<\/li>\n<li>\u3010Verpackungsmethode\u3011 25 kg\/Pappfass oder Aluminiumfolienbeutel; die Verpackung kann den tats\u00e4chlichen Bedingungen angepasst werden.<\/li>\n<li>\u3010Transportmethode\u3011 Inl\u00e4ndische Expresslogistik; das Angebot beinhaltet die Transportkosten.<\/li>\n<li>\u3010Lagerbedingungen\u3011Versiegelt und vor Licht gesch\u00fctzt, an einem trockenen, k\u00fchlen und gut bel\u00fcfteten Ort lagern.<\/li>\n<\/ul>","protected":false},"featured_media":9629,"comment_status":"closed","ping_status":"closed","template":"","meta":[],"product_brand":[],"product_cat":[18,19],"product_tag":[],"class_list":{"0":"post-9625","1":"product","2":"type-product","3":"status-publish","4":"has-post-thumbnail","6":"product_cat-fruit-and-vegetable-powder","7":"product_cat-vegetable-powders","9":"first","10":"instock","11":"shipping-taxable","12":"product-type-simple"},"_links":{"self":[{"href":"https:\/\/www.hvbio.com\/de\/wp-json\/wp\/v2\/product\/9625","targetHints":{"allow":["GET"]}}],"collection":[{"href":"https:\/\/www.hvbio.com\/de\/wp-json\/wp\/v2\/product"}],"about":[{"href":"https:\/\/www.hvbio.com\/de\/wp-json\/wp\/v2\/types\/product"}],"replies":[{"embeddable":true,"href":"https:\/\/www.hvbio.com\/de\/wp-json\/wp\/v2\/comments?post=9625"}],"wp:featuredmedia":[{"embeddable":true,"href":"https:\/\/www.hvbio.com\/de\/wp-json\/wp\/v2\/media\/9629"}],"wp:attachment":[{"href":"https:\/\/www.hvbio.com\/de\/wp-json\/wp\/v2\/media?parent=9625"}],"wp:term":[{"taxonomy":"product_brand","embeddable":true,"href":"https:\/\/www.hvbio.com\/de\/wp-json\/wp\/v2\/product_brand?post=9625"},{"taxonomy":"product_cat","embeddable":true,"href":"https:\/\/www.hvbio.com\/de\/wp-json\/wp\/v2\/product_cat?post=9625"},{"taxonomy":"product_tag","embeddable":true,"href":"https:\/\/www.hvbio.com\/de\/wp-json\/wp\/v2\/product_tag?post=9625"}],"curies":[{"name":"wp","href":"https:\/\/api.w.org\/{rel}","templated":true}]}}