{"id":9677,"date":"2025-08-20T12:28:27","date_gmt":"2025-08-20T04:28:27","guid":{"rendered":"https:\/\/www.hvbio.com\/?post_type=product&#038;p=9677"},"modified":"2025-08-20T12:33:49","modified_gmt":"2025-08-20T04:33:49","slug":"seabuckthorn-freeze-dried-powder","status":"publish","type":"product","link":"https:\/\/www.hvbio.com\/de\/produkt\/seabuckthorn-freeze-dried-powder\/","title":{"rendered":"Gefriergetrocknetes Sanddornpulver"},"content":{"rendered":"<table>\n<thead>\n<tr>\n<th>Artikel<\/th>\n<th>Details<\/th>\n<\/tr>\n<\/thead>\n<tbody>\n<tr>\n<td>Produktname<\/td>\n<td>Gefriergetrocknetes Sanddornpulver<\/td>\n<\/tr>\n<tr>\n<td>Lateinischer Name<\/td>\n<td><em>Hippophae rhamnoides<\/em>\u00a0Linn.<\/td>\n<\/tr>\n<tr>\n<td>Produktspezifikation<\/td>\n<td>Gefriergetrocknetes Pulver<\/td>\n<\/tr>\n<tr>\n<td>Extraktionsteil<\/td>\n<td>Sanddornfr\u00fcchte<\/td>\n<\/tr>\n<tr>\n<td>Eigenschaften<\/td>\n<td>Orangefarbenes Pulver, nachgewiesen durch DC<\/td>\n<\/tr>\n<tr>\n<td>Partikelgr\u00f6\u00dfe<\/td>\n<td>98% passiert ein 80-Maschen-Sieb<\/td>\n<\/tr>\n<tr>\n<td>Verpackung<\/td>\n<td>25 kg pro Pappfass oder Alufolienbeutel<\/td>\n<\/tr>\n<tr>\n<td>Lagerbedingungen<\/td>\n<td>Sollte versiegelt und vor Licht gesch\u00fctzt an einem trockenen, k\u00fchlen und gut bel\u00fcfteten Ort gelagert werden<\/td>\n<\/tr>\n<tr>\n<td>Haltbarkeit<\/td>\n<td>24 Monate<\/td>\n<\/tr>\n<\/tbody>\n<\/table>","protected":false},"excerpt":{"rendered":"<table>\n<thead>\n<tr>\n<th>Artikel<\/th>\n<th>Details<\/th>\n<\/tr>\n<\/thead>\n<tbody>\n<tr>\n<td>Produktname<\/td>\n<td>Gefriergetrocknetes Sanddornpulver<\/td>\n<\/tr>\n<tr>\n<td>Lateinischer Name<\/td>\n<td><em>Hippophae rhamnoides<\/em>\u00a0Linn.<\/td>\n<\/tr>\n<tr>\n<td>Produktspezifikation<\/td>\n<td>Gefriergetrocknetes Pulver<\/td>\n<\/tr>\n<tr>\n<td>Extraktionsteil<\/td>\n<td>Sanddornfr\u00fcchte<\/td>\n<\/tr>\n<tr>\n<td>Eigenschaften<\/td>\n<td>Orangefarbenes Pulver, nachgewiesen durch DC<\/td>\n<\/tr>\n<tr>\n<td>Partikelgr\u00f6\u00dfe<\/td>\n<td>98% passiert ein 80-Maschen-Sieb<\/td>\n<\/tr>\n<tr>\n<td>Verpackung<\/td>\n<td>25 kg pro Pappfass oder Alufolienbeutel<\/td>\n<\/tr>\n<tr>\n<td>Lagerbedingungen<\/td>\n<td>Sollte versiegelt und vor Licht gesch\u00fctzt an einem trockenen, k\u00fchlen und gut bel\u00fcfteten Ort gelagert werden<\/td>\n<\/tr>\n<tr>\n<td>Haltbarkeit<\/td>\n<td>24 Monate<\/td>\n<\/tr>\n<\/tbody>\n<\/table>","protected":false},"featured_media":9678,"comment_status":"closed","ping_status":"closed","template":"","meta":[],"product_brand":[],"product_cat":[18,20,21],"product_tag":[34],"class_list":{"0":"post-9677","1":"product","2":"type-product","3":"status-publish","4":"has-post-thumbnail","6":"product_cat-fruit-and-vegetable-powder","7":"product_cat-fruit-powder","8":"product_cat-lyophilized-powder","9":"product_tag-seabuckthorn-freeze-dried-powder","11":"first","12":"instock","13":"shipping-taxable","14":"product-type-simple"},"_links":{"self":[{"href":"https:\/\/www.hvbio.com\/de\/wp-json\/wp\/v2\/product\/9677","targetHints":{"allow":["GET"]}}],"collection":[{"href":"https:\/\/www.hvbio.com\/de\/wp-json\/wp\/v2\/product"}],"about":[{"href":"https:\/\/www.hvbio.com\/de\/wp-json\/wp\/v2\/types\/product"}],"replies":[{"embeddable":true,"href":"https:\/\/www.hvbio.com\/de\/wp-json\/wp\/v2\/comments?post=9677"}],"wp:featuredmedia":[{"embeddable":true,"href":"https:\/\/www.hvbio.com\/de\/wp-json\/wp\/v2\/media\/9678"}],"wp:attachment":[{"href":"https:\/\/www.hvbio.com\/de\/wp-json\/wp\/v2\/media?parent=9677"}],"wp:term":[{"taxonomy":"product_brand","embeddable":true,"href":"https:\/\/www.hvbio.com\/de\/wp-json\/wp\/v2\/product_brand?post=9677"},{"taxonomy":"product_cat","embeddable":true,"href":"https:\/\/www.hvbio.com\/de\/wp-json\/wp\/v2\/product_cat?post=9677"},{"taxonomy":"product_tag","embeddable":true,"href":"https:\/\/www.hvbio.com\/de\/wp-json\/wp\/v2\/product_tag?post=9677"}],"curies":[{"name":"wp","href":"https:\/\/api.w.org\/{rel}","templated":true}]}}