{"id":9685,"date":"2025-08-20T14:28:13","date_gmt":"2025-08-20T06:28:13","guid":{"rendered":"https:\/\/www.hvbio.com\/?post_type=product&#038;p=9685"},"modified":"2025-08-20T14:30:22","modified_gmt":"2025-08-20T06:30:22","slug":"gymnemic-acid-25","status":"publish","type":"product","link":"https:\/\/www.hvbio.com\/de\/produkt\/gymnemic-acid-25\/","title":{"rendered":"Gymnemas\u00e4ure 25%"},"content":{"rendered":"<table style=\"height: 342px;\" width=\"1154\">\n<thead>\n<tr>\n<th><strong>Artikel<\/strong><\/th>\n<th><strong>Details<\/strong><\/th>\n<\/tr>\n<\/thead>\n<tbody>\n<tr>\n<td>Produktname<\/td>\n<td>Gymnemas\u00e4ure 25%<\/td>\n<\/tr>\n<tr>\n<td>Andere Namen<\/td>\n<td>Gymnemas\u00e4ure 25%<\/td>\n<\/tr>\n<tr>\n<td>Extraktionsl\u00f6sungsmittel und Altteile<\/td>\n<td>\u2013 Extraktionsl\u00f6sungsmittel: Normalerweise Ethanol, Wasser usw.<br class=\"container-utlnW2 wrapper-d0Cc1k undefined\" \/>\u2013 Verwendeter Teil: Haupts\u00e4chlich die Bl\u00e4tter von Gymnema sylvestre<\/td>\n<\/tr>\n<tr>\n<td>Aussehen<\/td>\n<td>Dunkelbraunes Pulver<\/td>\n<\/tr>\n<tr>\n<td>Nachweismethode<\/td>\n<td>HPLC (Hochleistungsfl\u00fcssigkeitschromatographie)<\/td>\n<\/tr>\n<tr>\n<td>Lagerbedingungen<\/td>\n<td>In einem verschlossenen Beh\u00e4lter an einem k\u00fchlen, trockenen und dunklen Ort aufbewahren, fern von W\u00e4rmequellen und feuchten Umgebungen.<\/td>\n<\/tr>\n<tr>\n<td>Haltbarkeit<\/td>\n<td>Zwei Jahre<\/td>\n<\/tr>\n<\/tbody>\n<\/table>","protected":false},"excerpt":{"rendered":"<div class=\"inter-jQQQ8P\">\n<div class=\"container-PrUkKo\">\n<div class=\"item-hGGxLi\">\n<div class=\"container-arOxqB chrome70-container\">\n<div class=\"inner-FyM8gE inner-item-swzCut\" data-target-id=\"message-box-target-id\" data-testid=\"union_message\">\n<div class=\"message-block-container-aFugD6\" data-testid=\"message-block-container\">\n<div class=\"flex flex-row w-full w-full max-w-full s-font-base text-s-color-text-secondary p-0 rounded-s-radius-s bg-transparent group data-[attr=select-mode]:-mt-10 data-[attr=select-mode]:py-10 data-[attr=select-mode]:px-16 data-[attr=select-mode]:sm:p-10 data-[attr=select-mode]:hover:bg-s-color-bg-base data-[attr=select-mode]:hover:rounded-s-radius-xs data-[attr=select-mode]:has-[:checked]:bg-s-color-bg-trans data-[attr=select-mode]:has-[:checked]:rounded-s-radius-xs data-[attr=select-mode]:pointer-events-none\" data-attr=\"\" data-testid=\"receive_message\">\n<div class=\"flex flex-col flex-grow max-w-full min-w-0\">\n<div class=\"flex flex-row w-full\" data-testid=\"message_content\" data-message-id=\"17052827374854658\">\n<div class=\"w-full\" data-plugin-identifier=\"Symbol(infra:receive-message-box:text)\">\n<div class=\"container-ZYIsnH flow-markdown-body theme-samantha-Nbr9UN\" dir=\"ltr\" data-testid=\"message_text_content\" data-show-indicator=\"false\">\n<h4 class=\"header-vfC6AV auto-hide-last-sibling-br\">Produktname: Gymnemas\u00e4ure 25%<\/h4>\n<h4 class=\"auto-hide-last-sibling-br paragraph-JOTKXA paragraph-element br-paragraph-space\">Andere Namen: Gymnemas\u00e4ure 25%<\/h4>\n<h4 class=\"header-vfC6AV auto-hide-last-sibling-br\">Extraktionsl\u00f6sungsmittel und Altteile<\/h4>\n<ul class=\"auto-hide-last-sibling-br\">\n<li>\n<h4><strong>Extraktionsl\u00f6sungsmittel<\/strong>: Zu den \u00fcblichen L\u00f6sungsmitteln zur Extraktion von Gymnemas\u00e4ure 25% geh\u00f6ren Ethanol, Wasser usw.<\/h4>\n<\/li>\n<li>\n<h4><strong>Gebrauchtteil<\/strong>: Haupts\u00e4chlich die Bl\u00e4tter von Gymnema sylvestre.<\/h4>\n<\/li>\n<\/ul>\n<h4 class=\"header-vfC6AV auto-hide-last-sibling-br\">Aussehen: Dunkelbraunes Pulver<\/h4>\n<h4 class=\"header-vfC6AV auto-hide-last-sibling-br\">Nachweismethode: HPLC<\/h4>\n<h4 class=\"header-vfC6AV auto-hide-last-sibling-br\">Kaufhinweise<\/h4>\n<ul class=\"auto-hide-last-sibling-br\">\n<li><strong>Verpackungsmethode<\/strong>: 25 kg\/Kartonfass oder Alufolienbeutel<\/li>\n<li><strong>Lagerbedingungen<\/strong>: Sollte versiegelt und vor Licht gesch\u00fctzt an einem trockenen, k\u00fchlen und gut bel\u00fcfteten Ort gelagert werden<\/li>\n<li><strong>Haltbarkeit<\/strong>: 2 Jahre<\/li>\n<li><strong>Probenverf\u00fcgbarkeit<\/strong>: Im Allgemeinen werden f\u00fcr die meisten Produkte 5\u201320 g Proben bereitgestellt. F\u00fcr einige Produkte k\u00f6nnen Probengeb\u00fchren anfallen.<\/li>\n<li><strong>Produktverpackung<\/strong>: Verpackt in Pappf\u00e4ssern oder Aluminiumfolienbeuteln (anpassbar an Kundenanforderungen)<\/li>\n<li><strong>Lieferzeit<\/strong>: Nicht kundenspezifische Produkte werden innerhalb von 48 Stunden versendet; die Lieferzeit f\u00fcr kundenspezifische Produkte wird je nach tats\u00e4chlichem Bedarf angepasst.<\/li>\n<li><strong>Transportmethode<\/strong>: Inl\u00e4ndische Expresslogistik; das Angebot beinhaltet die Transportkosten.<\/li>\n<\/ul>\n<\/div>\n<\/div>\n<\/div>\n<div class=\"answer-action-bar-pgm2JD answer-action-bar flex flex-col justify-end\" data-testid=\"message_action_bar\">\n<div class=\"container-rxM4SW flex flex-row items-start w-full self-center\" data-message-action-bar=\"1\"><\/div>\n<\/div>\n<\/div>\n<\/div>\n<\/div>\n<\/div>\n<\/div>\n<\/div>\n<\/div>\n<\/div>","protected":false},"featured_media":9686,"comment_status":"closed","ping_status":"closed","template":"","meta":[],"product_brand":[],"product_cat":[17,23],"product_tag":[],"class_list":{"0":"post-9685","1":"product","2":"type-product","3":"status-publish","4":"has-post-thumbnail","6":"product_cat-plant-extract","7":"product_cat-standard-extract","9":"first","10":"instock","11":"shipping-taxable","12":"product-type-simple"},"_links":{"self":[{"href":"https:\/\/www.hvbio.com\/de\/wp-json\/wp\/v2\/product\/9685","targetHints":{"allow":["GET"]}}],"collection":[{"href":"https:\/\/www.hvbio.com\/de\/wp-json\/wp\/v2\/product"}],"about":[{"href":"https:\/\/www.hvbio.com\/de\/wp-json\/wp\/v2\/types\/product"}],"replies":[{"embeddable":true,"href":"https:\/\/www.hvbio.com\/de\/wp-json\/wp\/v2\/comments?post=9685"}],"wp:featuredmedia":[{"embeddable":true,"href":"https:\/\/www.hvbio.com\/de\/wp-json\/wp\/v2\/media\/9686"}],"wp:attachment":[{"href":"https:\/\/www.hvbio.com\/de\/wp-json\/wp\/v2\/media?parent=9685"}],"wp:term":[{"taxonomy":"product_brand","embeddable":true,"href":"https:\/\/www.hvbio.com\/de\/wp-json\/wp\/v2\/product_brand?post=9685"},{"taxonomy":"product_cat","embeddable":true,"href":"https:\/\/www.hvbio.com\/de\/wp-json\/wp\/v2\/product_cat?post=9685"},{"taxonomy":"product_tag","embeddable":true,"href":"https:\/\/www.hvbio.com\/de\/wp-json\/wp\/v2\/product_tag?post=9685"}],"curies":[{"name":"wp","href":"https:\/\/api.w.org\/{rel}","templated":true}]}}