{"id":9691,"date":"2025-08-21T11:43:24","date_gmt":"2025-08-21T03:43:24","guid":{"rendered":"https:\/\/www.hvbio.com\/?post_type=product&#038;p=9691"},"modified":"2025-08-21T11:55:26","modified_gmt":"2025-08-21T03:55:26","slug":"valeric-acid-0-8","status":"publish","type":"product","link":"https:\/\/www.hvbio.com\/de\/produkt\/valeric-acid-0-8\/","title":{"rendered":"Valerians\u00e4ure 0,8%"},"content":{"rendered":"<div class=\"inter-jQQQ8P\">\n<div class=\"container-PrUkKo\">\n<div class=\"item-hGGxLi\">\n<div class=\"container-arOxqB chrome70-container\">\n<div class=\"inner-FyM8gE inner-item-swzCut\" data-target-id=\"message-box-target-id\" data-testid=\"union_message\">\n<div class=\"message-block-container-aFugD6\" data-testid=\"message-block-container\">\n<div class=\"flex flex-row w-full w-full max-w-full s-font-base text-s-color-text-secondary p-0 rounded-s-radius-s bg-transparent group data-[attr=select-mode]:-mt-10 data-[attr=select-mode]:py-10 data-[attr=select-mode]:px-16 data-[attr=select-mode]:sm:p-10 data-[attr=select-mode]:hover:bg-s-color-bg-base data-[attr=select-mode]:hover:rounded-s-radius-xs data-[attr=select-mode]:has-[:checked]:bg-s-color-bg-trans data-[attr=select-mode]:has-[:checked]:rounded-s-radius-xs data-[attr=select-mode]:pointer-events-none\" data-testid=\"receive_message\">\n<div class=\"flex flex-col flex-grow max-w-full min-w-0\">\n<div class=\"flex flex-row w-full\" data-testid=\"message_content\" data-message-id=\"17188356160536578\">\n<div class=\"w-full\" data-plugin-identifier=\"Symbol(infra:receive-message-box:text)\">\n<div class=\"container-ZYIsnH flow-markdown-body theme-samantha-Nbr9UN\" dir=\"ltr\" data-testid=\"message_text_content\" data-show-indicator=\"false\">\n<div class=\"auto-hide-last-sibling-br mdbox-table-root table-container-GhL7Lo\" data-scroll-inline-overflow=\"false\" data-scroll-inline-at-start=\"true\" data-scroll-inline-start-overflow=\"false\" data-scroll-inline-at-end=\"true\" data-scroll-inline-end-overflow=\"false\">\n<div class=\"table-scroll-container-hgHkfW mdbox-table-scroll-container\">\n<table>\n<thead>\n<tr>\n<th>Artikel<\/th>\n<th>Details<\/th>\n<\/tr>\n<\/thead>\n<tbody>\n<tr>\n<td>Produktname<\/td>\n<td>Valerians\u00e4ure 0,8%<\/td>\n<\/tr>\n<tr>\n<td>Englischer Name<\/td>\n<td>Valerians\u00e4ure 0,8%<\/td>\n<\/tr>\n<tr>\n<td>Chinesische Aliase<\/td>\n<td>(W\u00f9 Su\u0101n), (B\u01d0ngj\u012b Y\u01d0 Su\u0101n)<\/td>\n<\/tr>\n<tr>\n<td>CAS-Nr.<\/td>\n<td>109-52-4<\/td>\n<\/tr>\n<tr>\n<td>Summenformel<\/td>\n<td>C\u2085H\u2081\u2080O\u2082<\/td>\n<\/tr>\n<tr>\n<td>Rohstoffquelle<\/td>\n<td>Getrocknete Wurzeln und Rhizome von Valeriana officinalis L. (Baldrian, eine Pflanze aus der Familie der Caprifoliaceae)<\/td>\n<\/tr>\n<tr>\n<td>Extraktionsteil<\/td>\n<td>Wurzeln<\/td>\n<\/tr>\n<tr>\n<td>Produktspezifikation<\/td>\n<td>Der angegebene Preis gilt f\u00fcr Valerians\u00e4ure mit einem Gehalt von 0,81 TP3T. F\u00fcr andere Spezifikationen wenden Sie sich bitte an den Kundendienst.<\/td>\n<\/tr>\n<tr>\n<td>Nachweismethode<\/td>\n<td>GC (Gaschromatographie)<\/td>\n<\/tr>\n<tr>\n<td>Produktcharakter<\/td>\n<td>Br\u00e4unliches Pulver<\/td>\n<\/tr>\n<tr>\n<td>Verpackungsspezifikation<\/td>\n<td>25 kg pro Karton (innen: Plastikt\u00fcte; au\u00dfen: Papptrommel)<\/td>\n<\/tr>\n<tr>\n<td>Lagerbedingungen<\/td>\n<td>K\u00fchl und trocken lagern, vor Licht und hohen Temperaturen gesch\u00fctzt.<\/td>\n<\/tr>\n<\/tbody>\n<\/table>\n<\/div>\n<\/div>\n<\/div>\n<\/div>\n<\/div>\n<div class=\"answer-action-bar-pgm2JD answer-action-bar flex flex-col justify-end\" data-testid=\"message_action_bar\">\n<div class=\"container-rxM4SW flex flex-row items-start w-full self-center\" data-message-action-bar=\"1\">\n<div class=\"left-Y7jNAM\">\n<div class=\"bp5-overflow-list container-i9_9R9 align-start-BRJcKo inner-K6EVuU\"><\/div>\n<\/div>\n<\/div>\n<\/div>\n<\/div>\n<\/div>\n<\/div>\n<\/div>\n<\/div>\n<\/div>\n<\/div>\n<\/div>","protected":false},"excerpt":{"rendered":"<div>Valerians\u00e4ure 0,8%<\/div>\n<div class=\"auto-hide-last-sibling-br paragraph-JOTKXA paragraph-element br-paragraph-space\">Dieses Produkt verf\u00fcgt \u00fcber eine\u00a0<strong>0,8%-Konzentration von Valerians\u00e4ure<\/strong>, eine nat\u00fcrlich gewonnene Fetts\u00e4ure, die f\u00fcr ihre wohltuenden und entspannenden Eigenschaften bekannt ist. Die Formulierung ist f\u00fcr eine gezielte Anwendung konzipiert und sorgt f\u00fcr eine schonende Wirkstoffabgabe. Daher eignet sie sich f\u00fcr Anwendungen, bei denen eine milde, unterst\u00fctzende Wirkung erw\u00fcnscht ist (z. B. in bestimmten topischen oder Wellness-Formulierungen). Die ausgewogene Konzentration gew\u00e4hrleistet die Wirksamkeit und stellt gleichzeitig die Vertr\u00e4glichkeit f\u00fcr die vorgesehenen Anwendungsf\u00e4lle in den Vordergrund.<\/div>","protected":false},"featured_media":9692,"comment_status":"closed","ping_status":"closed","template":"","meta":[],"product_brand":[],"product_cat":[17,23],"product_tag":[35],"class_list":{"0":"post-9691","1":"product","2":"type-product","3":"status-publish","4":"has-post-thumbnail","6":"product_cat-plant-extract","7":"product_cat-standard-extract","8":"product_tag-valeric-acid-0-8","10":"first","11":"instock","12":"shipping-taxable","13":"product-type-simple"},"_links":{"self":[{"href":"https:\/\/www.hvbio.com\/de\/wp-json\/wp\/v2\/product\/9691","targetHints":{"allow":["GET"]}}],"collection":[{"href":"https:\/\/www.hvbio.com\/de\/wp-json\/wp\/v2\/product"}],"about":[{"href":"https:\/\/www.hvbio.com\/de\/wp-json\/wp\/v2\/types\/product"}],"replies":[{"embeddable":true,"href":"https:\/\/www.hvbio.com\/de\/wp-json\/wp\/v2\/comments?post=9691"}],"wp:featuredmedia":[{"embeddable":true,"href":"https:\/\/www.hvbio.com\/de\/wp-json\/wp\/v2\/media\/9692"}],"wp:attachment":[{"href":"https:\/\/www.hvbio.com\/de\/wp-json\/wp\/v2\/media?parent=9691"}],"wp:term":[{"taxonomy":"product_brand","embeddable":true,"href":"https:\/\/www.hvbio.com\/de\/wp-json\/wp\/v2\/product_brand?post=9691"},{"taxonomy":"product_cat","embeddable":true,"href":"https:\/\/www.hvbio.com\/de\/wp-json\/wp\/v2\/product_cat?post=9691"},{"taxonomy":"product_tag","embeddable":true,"href":"https:\/\/www.hvbio.com\/de\/wp-json\/wp\/v2\/product_tag?post=9691"}],"curies":[{"name":"wp","href":"https:\/\/api.w.org\/{rel}","templated":true}]}}