{"id":9701,"date":"2025-08-21T11:50:47","date_gmt":"2025-08-21T03:50:47","guid":{"rendered":"https:\/\/www.hvbio.com\/?post_type=product&#038;p=9701"},"modified":"2025-08-21T11:50:47","modified_gmt":"2025-08-21T03:50:47","slug":"astragaloside-iv-1","status":"publish","type":"product","link":"https:\/\/www.hvbio.com\/de\/produkt\/astragaloside-iv-1\/","title":{"rendered":"Astragalosid IV 1%"},"content":{"rendered":"<table style=\"height: 320px;\" width=\"1569\">\n<thead>\n<tr>\n<th>Artikel<\/th>\n<th>Details<\/th>\n<\/tr>\n<\/thead>\n<tbody>\n<tr>\n<td>Produktname<\/td>\n<td>Astragalosid IV 1%<\/td>\n<\/tr>\n<tr>\n<td>Andere Namen<\/td>\n<td>Astragalosid IV; Astragalosid IV; Astragalosid IV; Astragalosid IV<\/td>\n<\/tr>\n<tr>\n<td>Verwendetes Extraktionsl\u00f6sungsmittel und Pflanzenteil<\/td>\n<td>Extraktionsl\u00f6sungsmittel: Wasserextraktionsl\u00f6sungsmittel, Wasser-Alkohol-Mischl\u00f6sungsmittel. Die Quelle ist die getrocknete Wurzel von\u00a0<em>Astragalus membranaceus<\/em>\u00a0(Fisch.) Bge. oder\u00a0<em>Astragalus membranaceus<\/em>\u00a0(Fisch.) Bge. var.\u00a0<em>mongholicus<\/em>\u00a0(Bge.) Hsiao (Familie der Fabaceae)<\/td>\n<\/tr>\n<tr>\n<td>Aussehen<\/td>\n<td>Dunkelbraunes Pulver<\/td>\n<\/tr>\n<tr>\n<td>Testmethode<\/td>\n<td>HPLC (Hochleistungsfl\u00fcssigkeitschromatographie)<\/td>\n<\/tr>\n<tr>\n<td>Lagerung<\/td>\n<td>In einem verschlossenen Beh\u00e4lter an einem k\u00fchlen, trockenen und dunklen Ort aufbewahren, fern von W\u00e4rmequellen und Feuchtigkeit<\/td>\n<\/tr>\n<tr>\n<td>Haltbarkeit<\/td>\n<td>Zwei Jahre<\/td>\n<\/tr>\n<\/tbody>\n<\/table>","protected":false},"excerpt":{"rendered":"<h4 class=\"header-vfC6AV auto-hide-last-sibling-br\">Produktname: Astragalosid IV 1%<\/h4>\n<h4 class=\"auto-hide-last-sibling-br paragraph-JOTKXA paragraph-element br-paragraph-space\">Andere Namen: Astragalosid IV<\/h4>\n<h4 class=\"header-vfC6AV auto-hide-last-sibling-br\">Extraktionsl\u00f6sungsmittel und Altteil:<\/h4>\n<ul class=\"auto-hide-last-sibling-br\">\n<li>\n<h4>Kernquelle: Getrocknete Wurzeln von\u00a0<em>Astragalus membranaceus<\/em>\u00a0(eine H\u00fclsenfrucht).<\/h4>\n<\/li>\n<li>\n<h4>Extraktionsl\u00f6sungsmittel: W\u00e4ssriges Extraktionsl\u00f6sungsmittel, Wasser-Ethanol-Mischl\u00f6sungsmittel.<\/h4>\n<\/li>\n<\/ul>\n<h4 class=\"header-vfC6AV auto-hide-last-sibling-br\">Aussehen:<\/h4>\n<h4 class=\"auto-hide-last-sibling-br paragraph-JOTKXA paragraph-element br-paragraph-space\">Dunkelbraunes Pulver<\/h4>\n<h4 class=\"header-vfC6AV auto-hide-last-sibling-br\">Nachweismethode:<\/h4>\n<h4 class=\"auto-hide-last-sibling-br paragraph-JOTKXA paragraph-element br-paragraph-space\">HPLC (Hochleistungsfl\u00fcssigkeitschromatographie)<\/h4>\n<h4 class=\"header-vfC6AV auto-hide-last-sibling-br\">Einkaufsbedingungen<\/h4>\n<ul class=\"auto-hide-last-sibling-br\">\n<li>\n<h4><strong>Verpackungsmethode<\/strong>: 25 kg\/Pappfass oder Alufolienbeutel.<\/h4>\n<\/li>\n<li>\n<h4><strong>Lagerbedingungen<\/strong>: Sollte versiegelt und vor Licht gesch\u00fctzt an einem trockenen, k\u00fchlen und gut bel\u00fcfteten Ort gelagert werden.<\/h4>\n<\/li>\n<li>\n<h4><strong>Haltbarkeit<\/strong>: 2 Jahre.<\/h4>\n<\/li>\n<li>\n<h4><strong>Probenbereitstellung<\/strong>: Im Allgemeinen werden f\u00fcr die meisten Produkte 5\u201320 g Proben bereitgestellt. F\u00fcr einige Produkte k\u00f6nnen Probengeb\u00fchren anfallen.<\/h4>\n<\/li>\n<li>\n<h4><strong>Produktverpackung<\/strong>: Kartontrommel oder Aluminiumfolienbeutel (anpassbar nach Kundenwunsch).<\/h4>\n<\/li>\n<li>\n<h4><strong>Lieferzeit<\/strong>: Nicht kundenspezifische Produkte werden innerhalb von 48 Stunden versendet; die Lieferzeit f\u00fcr kundenspezifische Produkte wird je nach tats\u00e4chlichem Bedarf angepasst.<\/h4>\n<\/li>\n<li>\n<h4><strong>Transportmethode<\/strong>: Inl\u00e4ndische Expresslogistik; der angegebene Preis beinhaltet die Transportkosten.<\/h4>\n<\/li>\n<\/ul>","protected":false},"featured_media":9702,"comment_status":"closed","ping_status":"closed","template":"","meta":[],"product_brand":[],"product_cat":[17,23],"product_tag":[],"class_list":{"0":"post-9701","1":"product","2":"type-product","3":"status-publish","4":"has-post-thumbnail","6":"product_cat-plant-extract","7":"product_cat-standard-extract","9":"first","10":"instock","11":"shipping-taxable","12":"product-type-simple"},"_links":{"self":[{"href":"https:\/\/www.hvbio.com\/de\/wp-json\/wp\/v2\/product\/9701","targetHints":{"allow":["GET"]}}],"collection":[{"href":"https:\/\/www.hvbio.com\/de\/wp-json\/wp\/v2\/product"}],"about":[{"href":"https:\/\/www.hvbio.com\/de\/wp-json\/wp\/v2\/types\/product"}],"replies":[{"embeddable":true,"href":"https:\/\/www.hvbio.com\/de\/wp-json\/wp\/v2\/comments?post=9701"}],"wp:featuredmedia":[{"embeddable":true,"href":"https:\/\/www.hvbio.com\/de\/wp-json\/wp\/v2\/media\/9702"}],"wp:attachment":[{"href":"https:\/\/www.hvbio.com\/de\/wp-json\/wp\/v2\/media?parent=9701"}],"wp:term":[{"taxonomy":"product_brand","embeddable":true,"href":"https:\/\/www.hvbio.com\/de\/wp-json\/wp\/v2\/product_brand?post=9701"},{"taxonomy":"product_cat","embeddable":true,"href":"https:\/\/www.hvbio.com\/de\/wp-json\/wp\/v2\/product_cat?post=9701"},{"taxonomy":"product_tag","embeddable":true,"href":"https:\/\/www.hvbio.com\/de\/wp-json\/wp\/v2\/product_tag?post=9701"}],"curies":[{"name":"wp","href":"https:\/\/api.w.org\/{rel}","templated":true}]}}