{"id":9706,"date":"2025-08-21T12:01:32","date_gmt":"2025-08-21T04:01:32","guid":{"rendered":"https:\/\/www.hvbio.com\/?post_type=product&#038;p=9706"},"modified":"2025-08-21T14:26:03","modified_gmt":"2025-08-21T06:26:03","slug":"tongkat-ali-extract-1","status":"publish","type":"product","link":"https:\/\/www.hvbio.com\/de\/produkt\/tongkat-ali-extract-1\/","title":{"rendered":"Tongkat Ali-Extrakt 1%"},"content":{"rendered":"<div class=\"inter-jQQQ8P\">\n<div class=\"container-PrUkKo\">\n<div class=\"item-hGGxLi\">\n<div class=\"container-arOxqB chrome70-container\">\n<div class=\"inner-FyM8gE inner-item-swzCut\" data-target-id=\"message-box-target-id\" data-testid=\"union_message\">\n<div class=\"message-block-container-aFugD6\" data-testid=\"message-block-container\">\n<div class=\"flex flex-row w-full w-full max-w-full s-font-base text-s-color-text-secondary p-0 rounded-s-radius-s bg-transparent group data-[attr=select-mode]:-mt-10 data-[attr=select-mode]:py-10 data-[attr=select-mode]:px-16 data-[attr=select-mode]:sm:p-10 data-[attr=select-mode]:hover:bg-s-color-bg-base data-[attr=select-mode]:hover:rounded-s-radius-xs data-[attr=select-mode]:has-[:checked]:bg-s-color-bg-trans data-[attr=select-mode]:has-[:checked]:rounded-s-radius-xs data-[attr=select-mode]:pointer-events-none\" data-testid=\"receive_message\">\n<div class=\"flex flex-col flex-grow max-w-full min-w-0\">\n<div class=\"flex flex-row w-full\" data-testid=\"message_content\" data-message-id=\"17192137117883394\">\n<div class=\"w-full\" data-plugin-identifier=\"Symbol(infra:receive-message-box:text)\">\n<div class=\"container-ZYIsnH flow-markdown-body theme-samantha-Nbr9UN\" dir=\"ltr\" data-testid=\"message_text_content\" data-show-indicator=\"false\">\n<div class=\"auto-hide-last-sibling-br mdbox-table-root table-container-GhL7Lo\" data-scroll-inline-overflow=\"false\" data-scroll-inline-at-start=\"true\" data-scroll-inline-start-overflow=\"false\" data-scroll-inline-at-end=\"true\" data-scroll-inline-end-overflow=\"false\">\n<div class=\"table-scroll-container-hgHkfW mdbox-table-scroll-container\">\n<table>\n<thead>\n<tr>\n<th>Artikel<\/th>\n<th>Details<\/th>\n<\/tr>\n<\/thead>\n<tbody>\n<tr>\n<td>Produktname<\/td>\n<td>Tongkat Ali-Extrakt 1%<\/td>\n<\/tr>\n<tr>\n<td>Englischer Name<\/td>\n<td>Eurycoma Longifolia-Extrakt<\/td>\n<\/tr>\n<tr>\n<td>Pflanzenquelle<\/td>\n<td>Wurzeln von Eurycoma longifolia Jack (eine Pflanze aus der Familie der Simaroubaceae)<\/td>\n<\/tr>\n<tr>\n<td>Aliase<\/td>\n<td>\u00a0(N\u00e1ny\u00e1ng R\u00e9nsh\u0113n), (D\u014dngg\u00e9 Y\u00e0l\u01d0)<\/td>\n<\/tr>\n<tr>\n<td>Wirkstoffe<\/td>\n<td>Eurycomanon und andere verwandte Verbindungen<\/td>\n<\/tr>\n<tr>\n<td>Produktinhalt<\/td>\n<td>1% Eurycomanon<\/td>\n<\/tr>\n<tr>\n<td>Produktcharakter<\/td>\n<td>Br\u00e4unlich-gelbes feines Pulver<\/td>\n<\/tr>\n<tr>\n<td>Nachweismethode<\/td>\n<td>HPLC (Hochleistungsfl\u00fcssigkeitschromatographie)<\/td>\n<\/tr>\n<tr>\n<td>Speichermethode<\/td>\n<td>Verschlie\u00dfen und an einem k\u00fchlen, trockenen Ort aufbewahren; vor Feuchtigkeit und Motten sch\u00fctzen<\/td>\n<\/tr>\n<tr>\n<td>Produktverpackung<\/td>\n<td>25 kg\/Kartonfass; 1 kg\/Aluminiumfolienbeutel; oder nach Kundenwunsch<\/td>\n<\/tr>\n<\/tbody>\n<\/table>\n<\/div>\n<\/div>\n<\/div>\n<\/div>\n<\/div>\n<div class=\"answer-action-bar-pgm2JD answer-action-bar flex flex-col justify-end\" data-testid=\"message_action_bar\">\n<div class=\"container-rxM4SW flex flex-row items-start w-full self-center\" data-message-action-bar=\"1\">\n<div class=\"left-Y7jNAM\"><\/div>\n<\/div>\n<\/div>\n<div class=\"suggest-message-list-wrapper-Hn7Sfr\" data-testid=\"suggest_message_list\">\n<div class=\"suggest-list-item suggest-message-LJeEWd\" data-testid=\"suggest_message_item\"><\/div>\n<\/div>\n<\/div>\n<\/div>\n<\/div>\n<\/div>\n<\/div>\n<\/div>\n<\/div>\n<\/div>\n<div class=\"top-lAPxtl\">\n<div class=\"container-arOxqB chrome70-container\"><\/div>\n<\/div>","protected":false},"excerpt":{"rendered":"<div class=\"ace-line\" dir=\"auto\" data-node=\"true\"><span data-leaf=\"true\"><span class=\"lb\">Tongkat Ali-Extrakt 1%<\/span><\/span><span data-string=\"true\" data-enter=\"true\" data-leaf=\"true\">\u200b ,<\/span><span data-leaf=\"true\"><span class=\"lb\">Braungelbes Pulver<\/span><\/span><span data-string=\"true\" data-enter=\"true\" data-leaf=\"true\">\u200b<\/span><\/div>\n<div class=\"ace-line\" dir=\"auto\" data-node=\"true\"><span data-leaf=\"true\"><span class=\"lb\">Das getrocknete Rhizom von Eurycoma Longifolia Jack (eine Pflanze aus der Familie der Simaroubaceae) aus Malaysia<\/span><\/span><span data-string=\"true\" data-enter=\"true\" data-leaf=\"true\">\u200b<\/span><\/div>\n<div class=\"ace-line\" dir=\"auto\" data-node=\"true\"><span data-leaf=\"true\"><span class=\"lb\">Pr\u00fcfnorm: HPLC (Hochleistungsfl\u00fcssigkeitschromatographie)<\/span><\/span><span data-string=\"true\" data-enter=\"true\" data-leaf=\"true\">\u200b<\/span><span data-string=\"true\" data-enter=\"true\" data-leaf=\"true\">\u200b<\/span><\/div>\n<div class=\"ace-line\" dir=\"auto\" data-node=\"true\"><span data-leaf=\"true\"><span class=\"lb\">Dieses Produkt wird aus hochwertigen Tongkat-Ali-Wurzeln gewonnen und nutzt modernste Technologie, um die Stabilit\u00e4t der Wirkstoffe zu gew\u00e4hrleisten. Es wird streng per HPLC gepr\u00fcft, um zuverl\u00e4ssige Qualit\u00e4t zu gew\u00e4hrleisten. Es kann in verschiedenen Gesundheitsprodukten verwendet werden und bietet Ihnen so nat\u00fcrliche Gesundheitsunterst\u00fctzung.<\/span><\/span><\/div>","protected":false},"featured_media":9707,"comment_status":"closed","ping_status":"closed","template":"","meta":[],"product_brand":[],"product_cat":[17,23],"product_tag":[36],"class_list":{"0":"post-9706","1":"product","2":"type-product","3":"status-publish","4":"has-post-thumbnail","6":"product_cat-plant-extract","7":"product_cat-standard-extract","8":"product_tag-tongkat-ali-extract-1","10":"first","11":"instock","12":"shipping-taxable","13":"product-type-simple"},"_links":{"self":[{"href":"https:\/\/www.hvbio.com\/de\/wp-json\/wp\/v2\/product\/9706","targetHints":{"allow":["GET"]}}],"collection":[{"href":"https:\/\/www.hvbio.com\/de\/wp-json\/wp\/v2\/product"}],"about":[{"href":"https:\/\/www.hvbio.com\/de\/wp-json\/wp\/v2\/types\/product"}],"replies":[{"embeddable":true,"href":"https:\/\/www.hvbio.com\/de\/wp-json\/wp\/v2\/comments?post=9706"}],"wp:featuredmedia":[{"embeddable":true,"href":"https:\/\/www.hvbio.com\/de\/wp-json\/wp\/v2\/media\/9707"}],"wp:attachment":[{"href":"https:\/\/www.hvbio.com\/de\/wp-json\/wp\/v2\/media?parent=9706"}],"wp:term":[{"taxonomy":"product_brand","embeddable":true,"href":"https:\/\/www.hvbio.com\/de\/wp-json\/wp\/v2\/product_brand?post=9706"},{"taxonomy":"product_cat","embeddable":true,"href":"https:\/\/www.hvbio.com\/de\/wp-json\/wp\/v2\/product_cat?post=9706"},{"taxonomy":"product_tag","embeddable":true,"href":"https:\/\/www.hvbio.com\/de\/wp-json\/wp\/v2\/product_tag?post=9706"}],"curies":[{"name":"wp","href":"https:\/\/api.w.org\/{rel}","templated":true}]}}