{"id":9715,"date":"2025-08-21T14:10:31","date_gmt":"2025-08-21T06:10:31","guid":{"rendered":"https:\/\/www.hvbio.com\/?post_type=product&#038;p=9715"},"modified":"2025-08-21T14:10:31","modified_gmt":"2025-08-21T06:10:31","slug":"polygonum-cuspidatum-emodin-95","status":"publish","type":"product","link":"https:\/\/www.hvbio.com\/de\/produkt\/polygonum-cuspidatum-emodin-95\/","title":{"rendered":"Polygonum Cuspidatum Emodin 95%"},"content":{"rendered":"<table>\n<tbody>\n<tr>\n<td><strong>Produktname<\/strong><\/td>\n<td>Polygonum Cuspidatum Emodin 95%<\/td>\n<\/tr>\n<tr>\n<td><strong>Produktaliase<\/strong><\/td>\n<td>Auszug aus\u00a0<em>Polygonum cuspidatum<\/em>\u00a0(H\u00e4ufige Aliase: Dayeshezongguan-Extrakt, Shandahuang-Extrakt, Banzhang-Extrakt, Suantanggan-Extrakt)<\/td>\n<\/tr>\n<tr>\n<td><strong>Englischer Name<\/strong><\/td>\n<td>Riesenkn\u00f6terich-Rhizom<\/td>\n<\/tr>\n<tr>\n<td><strong>Rohstoffquelle<\/strong><\/td>\n<td>Rhizome und Wurzeln von\u00a0<em>Polygonum cuspidatum<\/em>\u00a0Sieb. et Zucc., eine Pflanze aus der Familie der Polygonaceae<\/td>\n<\/tr>\n<tr>\n<td><strong>Wirkstoffe<\/strong><\/td>\n<td>Resveratrol, Emodin<\/td>\n<\/tr>\n<tr>\n<td><strong>Spezifikation<\/strong><\/td>\n<td>Standardspezifikation: Riesenkn\u00f6terich-Rhizomextrakt mit 95% Emodin<br class=\"container-utlnW2 wrapper-d0Cc1k undefined\" \/>Andere Spezifikationen (50%, 98% Emodin; 10:1 Verh\u00e4ltnis) verf\u00fcgbar, bitte kontaktieren Sie den Kundendienst<\/td>\n<\/tr>\n<tr>\n<td><strong>Testmethode<\/strong><\/td>\n<td>HPLC<\/td>\n<\/tr>\n<tr>\n<td><strong>Farbe<\/strong><\/td>\n<td>Braungelbes Pulver<\/td>\n<\/tr>\n<tr>\n<td><strong>Maschenweite<\/strong><\/td>\n<td>80-100 Maschen<\/td>\n<\/tr>\n<tr>\n<td><strong>Verpackungsmethode<\/strong><\/td>\n<td>F\u00fcr Bestellungen \u2264 5 kg: Doppelschichtige Kunststoffverpackung mit \u00e4u\u00dferer Aluminiumfolienverpackung<br class=\"container-utlnW2 wrapper-d0Cc1k undefined\" \/>F\u00fcr Bestellungen \u2265 25 kg: Papiertrommelverpackung<br class=\"container-utlnW2 wrapper-d0Cc1k undefined\" \/>Standardverpackung: 25 kg\/Fass<\/td>\n<\/tr>\n<tr>\n<td><strong>Lagerbedingungen<\/strong><\/td>\n<td>Verschlie\u00dfen und vor Licht sch\u00fctzen<br class=\"container-utlnW2 wrapper-d0Cc1k undefined\" \/>An einem trockenen, k\u00fchlen und gut bel\u00fcfteten Ort lagern<br class=\"container-utlnW2 wrapper-d0Cc1k undefined\" \/>Haltbarkeit: 2 Jahre<\/td>\n<\/tr>\n<\/tbody>\n<\/table>","protected":false},"excerpt":{"rendered":"<p>Polygonum Cuspidatum Emodin 95%<\/p>\n<p><span data-leaf=\"true\"><span class=\"lb\">Polygonum Cuspidatum-Extrakt mit <\/span><\/span><span data-leaf=\"true\"><span class=\"lb\">95% Emodin<\/span><\/span><span data-leaf=\"true\"><span class=\"lb\"> (aktive Komponente), getestet und verifiziert durch <\/span><\/span><span data-leaf=\"true\"><span class=\"lb\">HPLC (Hochleistungsfl\u00fcssigkeitschromatographie)<\/span><\/span><span data-leaf=\"true\"><span class=\"lb\"> f\u00fcr garantierte Reinheit und Qualit\u00e4t. Unter versiegelten, lichtgesch\u00fctzten Lagerbedingungen hat es eine <\/span><\/span><span data-leaf=\"true\"><span class=\"lb\">24 Monate Haltbarkeit<\/span><\/span><span data-leaf=\"true\"><span class=\"lb\">. Ideal f\u00fcr die Pharma- und Nahrungserg\u00e4nzungsmittelindustrie, da es hochwirksame Rohstoffe f\u00fcr die Formelentwicklung liefert.<\/span><\/span><\/p>","protected":false},"featured_media":9716,"comment_status":"closed","ping_status":"closed","template":"","meta":[],"product_brand":[],"product_cat":[23,17],"product_tag":[],"class_list":{"0":"post-9715","1":"product","2":"type-product","3":"status-publish","4":"has-post-thumbnail","6":"product_cat-standard-extract","7":"product_cat-plant-extract","9":"first","10":"instock","11":"shipping-taxable","12":"product-type-simple"},"_links":{"self":[{"href":"https:\/\/www.hvbio.com\/de\/wp-json\/wp\/v2\/product\/9715","targetHints":{"allow":["GET"]}}],"collection":[{"href":"https:\/\/www.hvbio.com\/de\/wp-json\/wp\/v2\/product"}],"about":[{"href":"https:\/\/www.hvbio.com\/de\/wp-json\/wp\/v2\/types\/product"}],"replies":[{"embeddable":true,"href":"https:\/\/www.hvbio.com\/de\/wp-json\/wp\/v2\/comments?post=9715"}],"wp:featuredmedia":[{"embeddable":true,"href":"https:\/\/www.hvbio.com\/de\/wp-json\/wp\/v2\/media\/9716"}],"wp:attachment":[{"href":"https:\/\/www.hvbio.com\/de\/wp-json\/wp\/v2\/media?parent=9715"}],"wp:term":[{"taxonomy":"product_brand","embeddable":true,"href":"https:\/\/www.hvbio.com\/de\/wp-json\/wp\/v2\/product_brand?post=9715"},{"taxonomy":"product_cat","embeddable":true,"href":"https:\/\/www.hvbio.com\/de\/wp-json\/wp\/v2\/product_cat?post=9715"},{"taxonomy":"product_tag","embeddable":true,"href":"https:\/\/www.hvbio.com\/de\/wp-json\/wp\/v2\/product_tag?post=9715"}],"curies":[{"name":"wp","href":"https:\/\/api.w.org\/{rel}","templated":true}]}}