{"id":9720,"date":"2025-08-21T14:07:51","date_gmt":"2025-08-21T06:07:51","guid":{"rendered":"https:\/\/www.hvbio.com\/?post_type=product&#038;p=9720"},"modified":"2025-08-21T14:09:21","modified_gmt":"2025-08-21T06:09:21","slug":"boswellic-acid-90","status":"publish","type":"product","link":"https:\/\/www.hvbio.com\/de\/produkt\/boswellic-acid-90\/","title":{"rendered":"Boswellias\u00e4ure 90%"},"content":{"rendered":"<table style=\"height: 332px;\" width=\"1561\">\n<thead>\n<tr>\n<th><strong>Artikel<\/strong><\/th>\n<th><strong>Details<\/strong><\/th>\n<\/tr>\n<\/thead>\n<tbody>\n<tr>\n<td><strong>Produktname<\/strong><\/td>\n<td>\n<h5 class=\"header-vfC6AV auto-hide-last-sibling-br\">Boswellias\u00e4ure 90%<\/h5>\n<\/td>\n<\/tr>\n<tr>\n<td><strong>Andere Namen<\/strong><\/td>\n<td>Xunluxiang, Maweixiang, Rutouxiang, Taxiang, Xixiang, Tianzexiang, Molexiang (traditionelle chinesische Namen); auf internationalen M\u00e4rkten auch h\u00e4ufig als Weihrauchharzs\u00e4ure bezeichnet<\/td>\n<\/tr>\n<tr>\n<td><strong>Extraktionsl\u00f6sungsmittel und -teil<\/strong><\/td>\n<td>&#8211;\u00a0<strong>Extraktionsl\u00f6sungsmittel<\/strong>: Haupts\u00e4chlich organische L\u00f6sungsmittel wie Ethanol, Methanol.<br class=\"container-utlnW2 wrapper-d0Cc1k undefined\" \/>&#8211;\u00a0<strong>Extrahierter Teil<\/strong>: Harz, das aus der Rinde von\u00a0<em>Boswellia carterii<\/em>\u00a0Birdw. und andere Pflanzen der gleichen Gattung (Familie Burseraceae), normalerweise aus dem Stamm gewonnen.<\/td>\n<\/tr>\n<tr>\n<td><strong>Aussehen<\/strong><\/td>\n<td>wei\u00dfes Pulver<\/td>\n<\/tr>\n<tr>\n<td><strong>Nachweismethode<\/strong><\/td>\n<td>Titrationsmethode<\/td>\n<\/tr>\n<tr>\n<td><strong>Lagerung<\/strong><\/td>\n<td>In einem verschlossenen Beh\u00e4lter an einem k\u00fchlen, trockenen und dunklen Ort aufbewahren und von W\u00e4rmequellen und feuchten Umgebungen fernhalten.<\/td>\n<\/tr>\n<tr>\n<td><strong>Haltbarkeit<\/strong><\/td>\n<td>2 Jahre<\/td>\n<\/tr>\n<\/tbody>\n<\/table>","protected":false},"excerpt":{"rendered":"<div class=\"inter-jQQQ8P\">\n<div class=\"container-PrUkKo\">\n<div class=\"item-hGGxLi\">\n<div class=\"container-arOxqB chrome70-container\">\n<div class=\"inner-FyM8gE inner-item-swzCut\" data-target-id=\"message-box-target-id\" data-testid=\"union_message\">\n<div class=\"message-block-container-aFugD6\" data-testid=\"message-block-container\">\n<div class=\"flex flex-row w-full w-full max-w-full s-font-base text-s-color-text-secondary p-0 rounded-s-radius-s bg-transparent group data-[attr=select-mode]:-mt-10 data-[attr=select-mode]:py-10 data-[attr=select-mode]:px-16 data-[attr=select-mode]:sm:p-10 data-[attr=select-mode]:hover:bg-s-color-bg-base data-[attr=select-mode]:hover:rounded-s-radius-xs data-[attr=select-mode]:has-[:checked]:bg-s-color-bg-trans data-[attr=select-mode]:has-[:checked]:rounded-s-radius-xs data-[attr=select-mode]:pointer-events-none\" data-testid=\"receive_message\">\n<div class=\"flex flex-col flex-grow max-w-full min-w-0\">\n<div class=\"flex flex-row w-full\" data-testid=\"message_content\" data-message-id=\"17198572561678082\">\n<div class=\"w-full\" data-plugin-identifier=\"Symbol(infra:receive-message-box:text)\">\n<div class=\"container-ZYIsnH flow-markdown-body theme-samantha-Nbr9UN\" dir=\"ltr\" data-testid=\"message_text_content\" data-show-indicator=\"false\">\n<h4 class=\"header-vfC6AV auto-hide-last-sibling-br\">Produktinformation: Boswellias\u00e4ure 90%<\/h4>\n<ul class=\"auto-hide-last-sibling-br\">\n<li>\n<h4><strong>Andere Namen<\/strong>: Weihrauch, Mawei Xiang (Chinesisch), Rutou Xiang (Chinesisch), Ta Xiang (Chinesisch), Xi Xiang (Chinesisch), Tianze Xiang (Chinesisch), Mole Xiang (Chinesisch)<\/h4>\n<\/li>\n<li>\n<h4><strong>Extraktionsl\u00f6sungsmittel und -teil<\/strong>: Die wichtigsten Extraktionsl\u00f6sungsmittel sind organische L\u00f6sungsmittel wie Ethanol und Methanol. Der Extraktionsanteil ist das aus der Rinde von\u00a0<em>Boswellia carteri<\/em>\u00a0Birdw. und andere Pflanzen der gleichen Gattung in der Familie der Burseraceae, normalerweise aus dem Stamm gewonnen.<\/h4>\n<\/li>\n<li>\n<h4><strong>Aussehen<\/strong>:wei\u00dfes Pulver<\/h4>\n<\/li>\n<li>\n<h4><strong>Testmethode<\/strong>: Titrationsmethode<\/h4>\n<\/li>\n<\/ul>\n<h4 class=\"header-vfC6AV auto-hide-last-sibling-br\">Kaufhinweise<\/h4>\n<ul class=\"auto-hide-last-sibling-br\">\n<li>\n<h4><strong>Verpackungsmethode<\/strong>: 25 kg\/Kartonfass oder Alufolienbeutel<\/h4>\n<\/li>\n<li>\n<h4><strong>Lagerbedingungen<\/strong>: Sollte versiegelt und vor Licht gesch\u00fctzt an einem trockenen, k\u00fchlen und gut bel\u00fcfteten Ort gelagert werden<\/h4>\n<\/li>\n<li>\n<h4><strong>Haltbarkeit<\/strong>: 2 Jahre<\/h4>\n<\/li>\n<li>\n<h4><strong>Probe<\/strong>: Im Allgemeinen werden f\u00fcr die meisten Produkte 5-20 g Proben bereitgestellt. F\u00fcr einige Produkte wird eine Probengeb\u00fchr erhoben.<\/h4>\n<\/li>\n<li>\n<h4><strong>Produktverpackung<\/strong>: Kartontrommel oder Alufolienbeutel (individuell nach Kundenwunsch anpassbar)<\/h4>\n<\/li>\n<li>\n<h4><strong>Lieferzeit<\/strong>: Nicht kundenspezifische Produkte werden innerhalb von 48 Stunden versendet; die Lieferzeit f\u00fcr kundenspezifische Produkte wird je nach tats\u00e4chlichem Bedarf angepasst.<\/h4>\n<\/li>\n<li>\n<h4><strong>Transportmethode<\/strong>: Nationale Expresslogistik; das Angebot beinhaltet die Transportkosten<\/h4>\n<\/li>\n<\/ul>\n<\/div>\n<\/div>\n<\/div>\n<div class=\"answer-action-bar-pgm2JD answer-action-bar flex flex-col justify-end\" data-testid=\"message_action_bar\">\n<div class=\"container-rxM4SW flex flex-row items-start w-full self-center\" data-message-action-bar=\"1\"><\/div>\n<\/div>\n<\/div>\n<\/div>\n<\/div>\n<\/div>\n<\/div>\n<\/div>\n<\/div>\n<\/div>","protected":false},"featured_media":9721,"comment_status":"closed","ping_status":"closed","template":"","meta":[],"product_brand":[],"product_cat":[17,23],"product_tag":[],"class_list":{"0":"post-9720","1":"product","2":"type-product","3":"status-publish","4":"has-post-thumbnail","6":"product_cat-plant-extract","7":"product_cat-standard-extract","9":"first","10":"instock","11":"shipping-taxable","12":"product-type-simple"},"_links":{"self":[{"href":"https:\/\/www.hvbio.com\/de\/wp-json\/wp\/v2\/product\/9720","targetHints":{"allow":["GET"]}}],"collection":[{"href":"https:\/\/www.hvbio.com\/de\/wp-json\/wp\/v2\/product"}],"about":[{"href":"https:\/\/www.hvbio.com\/de\/wp-json\/wp\/v2\/types\/product"}],"replies":[{"embeddable":true,"href":"https:\/\/www.hvbio.com\/de\/wp-json\/wp\/v2\/comments?post=9720"}],"wp:featuredmedia":[{"embeddable":true,"href":"https:\/\/www.hvbio.com\/de\/wp-json\/wp\/v2\/media\/9721"}],"wp:attachment":[{"href":"https:\/\/www.hvbio.com\/de\/wp-json\/wp\/v2\/media?parent=9720"}],"wp:term":[{"taxonomy":"product_brand","embeddable":true,"href":"https:\/\/www.hvbio.com\/de\/wp-json\/wp\/v2\/product_brand?post=9720"},{"taxonomy":"product_cat","embeddable":true,"href":"https:\/\/www.hvbio.com\/de\/wp-json\/wp\/v2\/product_cat?post=9720"},{"taxonomy":"product_tag","embeddable":true,"href":"https:\/\/www.hvbio.com\/de\/wp-json\/wp\/v2\/product_tag?post=9720"}],"curies":[{"name":"wp","href":"https:\/\/api.w.org\/{rel}","templated":true}]}}