{"id":9731,"date":"2025-08-21T14:19:46","date_gmt":"2025-08-21T06:19:46","guid":{"rendered":"https:\/\/www.hvbio.com\/?post_type=product&#038;p=9731"},"modified":"2025-08-21T14:19:47","modified_gmt":"2025-08-21T06:19:47","slug":"rutin-95","status":"publish","type":"product","link":"https:\/\/www.hvbio.com\/de\/produkt\/rutin-95\/","title":{"rendered":"Rutin 95%"},"content":{"rendered":"<table>\n<tbody>\n<tr>\n<td><strong>Produktname<\/strong><\/td>\n<td>Rutin 95%<\/td>\n<\/tr>\n<tr>\n<td><strong>Pflanzenquelle<\/strong><\/td>\n<td>Getrocknete Bl\u00fctenknospen von\u00a0<em>Sophora japonica L.<\/em>\u00a0(eine H\u00fclsenfruchtpflanze); kommt auch h\u00e4ufig in Rautenbl\u00e4ttern, Tabakbl\u00e4ttern, Jujuben, Aprikosen, Orangenschalen, Tomaten, Buchweizenbl\u00fcten und anderen Pflanzen vor.<\/td>\n<\/tr>\n<tr>\n<td><strong>Alternative Namen<\/strong><\/td>\n<td>Rutosid, Rutamarin, Vitamin P, Rutin Rutosid, Lutidin, Luotong<\/td>\n<\/tr>\n<tr>\n<td><strong>Wirkstoff<\/strong><\/td>\n<td>Rutin, das Rutinoseglykosid von Quercetin (eine Flavonolverbindung) und eine Art Flavonoid.<\/td>\n<\/tr>\n<tr>\n<td><strong>Produktinhalt<\/strong><\/td>\n<td>95%<\/td>\n<\/tr>\n<tr>\n<td><strong>Produktcharakter<\/strong><\/td>\n<td>Hellgr\u00fcnes Pulver<\/td>\n<\/tr>\n<tr>\n<td><strong>Testmethode<\/strong><\/td>\n<td>UV (Ultraviolett-Spektrophotometrie)<\/td>\n<\/tr>\n<tr>\n<td><strong>Speichermethode<\/strong><\/td>\n<td>Verschlie\u00dfen und an einem k\u00fchlen, trockenen Ort aufbewahren; vor Feuchtigkeit und Motten sch\u00fctzen.<\/td>\n<\/tr>\n<tr>\n<td><strong>Produktverpackung<\/strong><\/td>\n<td>25 kg\/Pappfass; 1 kg\/Aluminiumfolienbeutel; oder individuell nach Kundenwunsch.<\/td>\n<\/tr>\n<\/tbody>\n<\/table>","protected":false},"excerpt":{"rendered":"<div class=\"ace-line\" dir=\"auto\" data-node=\"true\"><span data-leaf=\"true\"><span class=\"lb\">Rutin 95% wird aus Leguminosen gewonnen. Es erscheint als hellgr\u00fcnes, nadelf\u00f6rmiges Kristallpulver und wirkt antioxidativ. Das Produkt wurde UV-gepr\u00fcft und weist eine Reinheit von 95% auf. Die Haltbarkeit betr\u00e4gt 24 Monate und gew\u00e4hrleistet so eine stabile und zuverl\u00e4ssige Qualit\u00e4t.<\/span><\/span><span data-string=\"true\" data-enter=\"true\" data-leaf=\"true\">\u200b<\/span><\/div>","protected":false},"featured_media":9735,"comment_status":"closed","ping_status":"closed","template":"","meta":[],"product_brand":[],"product_cat":[17,23],"product_tag":[],"class_list":{"0":"post-9731","1":"product","2":"type-product","3":"status-publish","4":"has-post-thumbnail","6":"product_cat-plant-extract","7":"product_cat-standard-extract","9":"first","10":"instock","11":"shipping-taxable","12":"product-type-simple"},"_links":{"self":[{"href":"https:\/\/www.hvbio.com\/de\/wp-json\/wp\/v2\/product\/9731","targetHints":{"allow":["GET"]}}],"collection":[{"href":"https:\/\/www.hvbio.com\/de\/wp-json\/wp\/v2\/product"}],"about":[{"href":"https:\/\/www.hvbio.com\/de\/wp-json\/wp\/v2\/types\/product"}],"replies":[{"embeddable":true,"href":"https:\/\/www.hvbio.com\/de\/wp-json\/wp\/v2\/comments?post=9731"}],"wp:featuredmedia":[{"embeddable":true,"href":"https:\/\/www.hvbio.com\/de\/wp-json\/wp\/v2\/media\/9735"}],"wp:attachment":[{"href":"https:\/\/www.hvbio.com\/de\/wp-json\/wp\/v2\/media?parent=9731"}],"wp:term":[{"taxonomy":"product_brand","embeddable":true,"href":"https:\/\/www.hvbio.com\/de\/wp-json\/wp\/v2\/product_brand?post=9731"},{"taxonomy":"product_cat","embeddable":true,"href":"https:\/\/www.hvbio.com\/de\/wp-json\/wp\/v2\/product_cat?post=9731"},{"taxonomy":"product_tag","embeddable":true,"href":"https:\/\/www.hvbio.com\/de\/wp-json\/wp\/v2\/product_tag?post=9731"}],"curies":[{"name":"wp","href":"https:\/\/api.w.org\/{rel}","templated":true}]}}