{"id":9736,"date":"2025-08-21T14:19:42","date_gmt":"2025-08-21T06:19:42","guid":{"rendered":"https:\/\/www.hvbio.com\/?post_type=product&#038;p=9736"},"modified":"2025-08-21T14:19:42","modified_gmt":"2025-08-21T06:19:42","slug":"caffeic-acid-99","status":"publish","type":"product","link":"https:\/\/www.hvbio.com\/de\/produkt\/caffeic-acid-99\/","title":{"rendered":"Kaffees\u00e4ure 99%"},"content":{"rendered":"<table>\n<thead>\n<tr>\n<th><strong>Artikel<\/strong><\/th>\n<th><strong>Details<\/strong><\/th>\n<\/tr>\n<\/thead>\n<tbody>\n<tr>\n<td><strong>Produktname<\/strong><\/td>\n<td>Kaffees\u00e4ure 99%<\/td>\n<\/tr>\n<tr>\n<td><strong>Andere Namen<\/strong><\/td>\n<td>3,4-Dihydroxyzimts\u00e4ure; 3,4-Dihydroxyphenylacryls\u00e4ure<\/td>\n<\/tr>\n<tr>\n<td><strong>Extraktionsl\u00f6sungsmittel und -teil<\/strong><\/td>\n<td>&#8211;\u00a0<strong>Extraktionsl\u00f6sungsmittel<\/strong>: Zu den \u00fcblichen Extraktionsl\u00f6sungsmitteln geh\u00f6ren organische L\u00f6sungsmittel wie Methanol und Ethanol.<br class=\"container-utlnW2 wrapper-d0Cc1k undefined\" \/>&#8211;\u00a0<strong>Extraktionsteile<\/strong>: Kaffees\u00e4ure kann aus verschiedenen Teilen verschiedener Pflanzen extrahiert werden, darunter\u00a0<em>Artemisia capillaris<\/em>\u00a0(oberirdische Teile), Artischocke (<em>Cynara scolymus<\/em>), Gei\u00dfblattknospen (<em>Japanische Lonicera<\/em>), Passionsfrucht, Traubensilberkerzen-Rhizome (<em>Cimicifuga<\/em>\u00a0spp.), Baldrianwurzeln (<em>Valeriana officinalis<\/em>), Zitronenschalen und das ganze Kraut der Goldrute (<em>Solidago decurrens<\/em>., Familie der Korbbl\u00fctler).<\/td>\n<\/tr>\n<tr>\n<td><strong>Aussehen<\/strong><\/td>\n<td>Hellgelbes Pulver<\/td>\n<\/tr>\n<tr>\n<td><strong>Testmethode<\/strong><\/td>\n<td>HPLC (Hochleistungsfl\u00fcssigkeitschromatographie)<\/td>\n<\/tr>\n<tr>\n<td><strong>Lagerung<\/strong><\/td>\n<td>In einem verschlossenen Beh\u00e4lter an einem k\u00fchlen, trockenen und lichtgesch\u00fctzten Ort aufbewahren und von W\u00e4rmequellen und feuchten Umgebungen fernhalten.<\/td>\n<\/tr>\n<tr>\n<td><strong>Haltbarkeit<\/strong><\/td>\n<td>Zwei Jahre<\/td>\n<\/tr>\n<\/tbody>\n<\/table>","protected":false},"excerpt":{"rendered":"<h5 class=\"header-vfC6AV auto-hide-last-sibling-br\">Produktname: Kaffees\u00e4ure 99%<\/h5>\n<h5 class=\"auto-hide-last-sibling-br paragraph-JOTKXA paragraph-element br-paragraph-space\">Andere Namen: 3,4-Dihydroxyzimts\u00e4ure, 3,4-Dihydroxyzimts\u00e4ure<\/h5>\n<h5 class=\"header-vfC6AV auto-hide-last-sibling-br\">Extraktionsl\u00f6sungsmittel und gebrauchte Pflanzenteile<\/h5>\n<h5 class=\"auto-hide-last-sibling-br paragraph-JOTKXA paragraph-element br-paragraph-space\">Zu den \u00fcblichen Extraktionsl\u00f6sungsmitteln geh\u00f6ren organische L\u00f6sungsmittel wie Methanol und Ethanol. Kaffees\u00e4ure kann aus verschiedenen Teilen verschiedener Pflanzen extrahiert werden, darunter\u00a0<em>Artemisia capillaris<\/em>\u00a0(Yinchen), Artischocke,\u00a0<em>Japanische Lonicera<\/em>\u00a0(Gei\u00dfblatt), Passionsfrucht, Rhizome von\u00a0<em>Cimicifuga foetida<\/em>\u00a0(Shengma), Baldrianwurzeln, Zitronenschalen und das ganze Kraut von\u00a0<em>Solidago decurrens<\/em>\u00a0(eine Pflanze aus der Familie der Korbbl\u00fctler).<\/h5>\n<h5 class=\"header-vfC6AV auto-hide-last-sibling-br\">Aussehen: Hellgelbes Pulver<\/h5>\n<h5 class=\"header-vfC6AV auto-hide-last-sibling-br\">Nachweismethode: HPLC<\/h5>\n<h5 class=\"header-vfC6AV auto-hide-last-sibling-br\">Kaufanleitung<\/h5>\n<ul class=\"auto-hide-last-sibling-br\">\n<li>\n<h5><strong>Verpackungsmethode<\/strong>: 25 kg pro Papierfass oder Alufolienbeutel<\/h5>\n<\/li>\n<li>\n<h5><strong>Lagerbedingungen<\/strong>: Sollte versiegelt und vor Licht gesch\u00fctzt sein; an einem trockenen, k\u00fchlen und gut bel\u00fcfteten Ort gelagert werden<\/h5>\n<\/li>\n<li>\n<h5><strong>Haltbarkeit<\/strong>: 2 Jahre<\/h5>\n<\/li>\n<li>\n<h5><strong>Probenbereitstellung<\/strong>: Im Allgemeinen werden f\u00fcr die meisten Produkte 5\u201320 g Proben bereitgestellt. F\u00fcr einige Produkte k\u00f6nnen Probengeb\u00fchren anfallen.<\/h5>\n<\/li>\n<li>\n<h5><strong>Produktverpackung<\/strong>: Verpackt in Papierf\u00e4ssern oder Aluminiumfolienbeuteln (anpassbar nach Kundenwunsch)<\/h5>\n<\/li>\n<li>\n<h5><strong>Lieferzeit<\/strong>: Nicht kundenspezifische Produkte werden innerhalb von 48 Stunden versendet; die Lieferzeit f\u00fcr kundenspezifische Produkte wird je nach tats\u00e4chlichem Bedarf angepasst.<\/h5>\n<\/li>\n<li>\n<h5><strong>Transportmethode<\/strong>: Inl\u00e4ndische Expresslogistik; der angegebene Preis beinhaltet die Transportkosten.<\/h5>\n<\/li>\n<\/ul>","protected":false},"featured_media":9742,"comment_status":"closed","ping_status":"closed","template":"","meta":[],"product_brand":[],"product_cat":[17,23],"product_tag":[],"class_list":{"0":"post-9736","1":"product","2":"type-product","3":"status-publish","4":"has-post-thumbnail","6":"product_cat-plant-extract","7":"product_cat-standard-extract","9":"first","10":"instock","11":"shipping-taxable","12":"product-type-simple"},"_links":{"self":[{"href":"https:\/\/www.hvbio.com\/de\/wp-json\/wp\/v2\/product\/9736","targetHints":{"allow":["GET"]}}],"collection":[{"href":"https:\/\/www.hvbio.com\/de\/wp-json\/wp\/v2\/product"}],"about":[{"href":"https:\/\/www.hvbio.com\/de\/wp-json\/wp\/v2\/types\/product"}],"replies":[{"embeddable":true,"href":"https:\/\/www.hvbio.com\/de\/wp-json\/wp\/v2\/comments?post=9736"}],"wp:featuredmedia":[{"embeddable":true,"href":"https:\/\/www.hvbio.com\/de\/wp-json\/wp\/v2\/media\/9742"}],"wp:attachment":[{"href":"https:\/\/www.hvbio.com\/de\/wp-json\/wp\/v2\/media?parent=9736"}],"wp:term":[{"taxonomy":"product_brand","embeddable":true,"href":"https:\/\/www.hvbio.com\/de\/wp-json\/wp\/v2\/product_brand?post=9736"},{"taxonomy":"product_cat","embeddable":true,"href":"https:\/\/www.hvbio.com\/de\/wp-json\/wp\/v2\/product_cat?post=9736"},{"taxonomy":"product_tag","embeddable":true,"href":"https:\/\/www.hvbio.com\/de\/wp-json\/wp\/v2\/product_tag?post=9736"}],"curies":[{"name":"wp","href":"https:\/\/api.w.org\/{rel}","templated":true}]}}