{"id":9752,"date":"2025-08-21T14:42:10","date_gmt":"2025-08-21T06:42:10","guid":{"rendered":"https:\/\/www.hvbio.com\/?post_type=product&#038;p=9752"},"modified":"2025-08-21T14:42:10","modified_gmt":"2025-08-21T06:42:10","slug":"saw-palmetto-extract-25","status":"publish","type":"product","link":"https:\/\/www.hvbio.com\/de\/produkt\/saw-palmetto-extract-25\/","title":{"rendered":"S\u00e4gepalmenextrakt 25%"},"content":{"rendered":"<table>\n<tbody>\n<tr>\n<td><strong>Produktname<\/strong><\/td>\n<td>S\u00e4gepalmenextrakt 25%<\/td>\n<\/tr>\n<tr>\n<td><strong>Produktspezifikation<\/strong><\/td>\n<td>25%<\/td>\n<\/tr>\n<tr>\n<td><strong>Extraktionsteil<\/strong><\/td>\n<td>Bl\u00e4tter<\/td>\n<\/tr>\n<tr>\n<td><strong>Aussehen<\/strong><\/td>\n<td>Wei\u00dfes Pulver<\/td>\n<\/tr>\n<tr>\n<td><strong>Testmethode<\/strong><\/td>\n<td>GC (Gaschromatographie)<\/td>\n<\/tr>\n<tr>\n<td><strong>Verpackungsmethode<\/strong><\/td>\n<td>25 kg Papptrommel \/ Aluminiumfolienbeutel<\/td>\n<\/tr>\n<tr>\n<td><strong>Lagerbedingungen<\/strong><\/td>\n<td>Sollte versiegelt und vor Licht gesch\u00fctzt sein; an einem trockenen, k\u00fchlen und gut bel\u00fcfteten Ort gelagert werden<\/td>\n<\/tr>\n<tr>\n<td><strong>Haltbarkeit<\/strong><\/td>\n<td>24 Monate<\/td>\n<\/tr>\n<tr>\n<td><strong>Express\/Logistik<\/strong><\/td>\n<td>Expressversand oder Logistik. Inlandsexpresslieferungen kommen in der Regel innerhalb von 3 Tagen an; Logistiklieferungen kommen in der Regel innerhalb von 5 Tagen an. Angebote beinhalten in der Regel die Inlandstransportkosten.<\/td>\n<\/tr>\n<tr>\n<td><strong>Probenbereitstellung<\/strong><\/td>\n<td>Im Allgemeinen werden f\u00fcr die meisten Produkte 5\u201320 g Proben bereitgestellt. F\u00fcr einige Produkte wird eine Probengeb\u00fchr erhoben.<\/td>\n<\/tr>\n<\/tbody>\n<\/table>","protected":false},"excerpt":{"rendered":"<div class=\"ace-line\" dir=\"auto\" data-node=\"true\"><span data-leaf=\"true\"><span class=\"lb\">Das Produkt S\u00e4gepalmenextrakt 25% zeichnet sich durch einen klar definierten Wirkstoffgehalt aus und liegt als cremefarbenes Pulver vor. Es ist 24 Monate haltbar und wird mittels Gaschromatographie (GC) gepr\u00fcft, was eine stabile und zuverl\u00e4ssige Produktqualit\u00e4t gew\u00e4hrleistet.<\/span><\/span><span data-string=\"true\" data-enter=\"true\" data-leaf=\"true\">\u200b<\/span><\/div>","protected":false},"featured_media":9761,"comment_status":"closed","ping_status":"closed","template":"","meta":[],"product_brand":[],"product_cat":[23,17],"product_tag":[],"class_list":{"0":"post-9752","1":"product","2":"type-product","3":"status-publish","4":"has-post-thumbnail","6":"product_cat-standard-extract","7":"product_cat-plant-extract","9":"first","10":"instock","11":"shipping-taxable","12":"product-type-simple"},"_links":{"self":[{"href":"https:\/\/www.hvbio.com\/de\/wp-json\/wp\/v2\/product\/9752","targetHints":{"allow":["GET"]}}],"collection":[{"href":"https:\/\/www.hvbio.com\/de\/wp-json\/wp\/v2\/product"}],"about":[{"href":"https:\/\/www.hvbio.com\/de\/wp-json\/wp\/v2\/types\/product"}],"replies":[{"embeddable":true,"href":"https:\/\/www.hvbio.com\/de\/wp-json\/wp\/v2\/comments?post=9752"}],"wp:featuredmedia":[{"embeddable":true,"href":"https:\/\/www.hvbio.com\/de\/wp-json\/wp\/v2\/media\/9761"}],"wp:attachment":[{"href":"https:\/\/www.hvbio.com\/de\/wp-json\/wp\/v2\/media?parent=9752"}],"wp:term":[{"taxonomy":"product_brand","embeddable":true,"href":"https:\/\/www.hvbio.com\/de\/wp-json\/wp\/v2\/product_brand?post=9752"},{"taxonomy":"product_cat","embeddable":true,"href":"https:\/\/www.hvbio.com\/de\/wp-json\/wp\/v2\/product_cat?post=9752"},{"taxonomy":"product_tag","embeddable":true,"href":"https:\/\/www.hvbio.com\/de\/wp-json\/wp\/v2\/product_tag?post=9752"}],"curies":[{"name":"wp","href":"https:\/\/api.w.org\/{rel}","templated":true}]}}