{"id":9755,"date":"2025-08-21T14:40:19","date_gmt":"2025-08-21T06:40:19","guid":{"rendered":"https:\/\/www.hvbio.com\/?post_type=product&#038;p=9755"},"modified":"2025-08-21T14:49:11","modified_gmt":"2025-08-21T06:49:11","slug":"sunflower-disk-alkaloids-30","status":"publish","type":"product","link":"https:\/\/www.hvbio.com\/de\/produkt\/sunflower-disk-alkaloids-30\/","title":{"rendered":"Sonnenblumenscheibenalkaloide 30%"},"content":{"rendered":"<div class=\"inter-jQQQ8P\">\n<div class=\"container-PrUkKo\">\n<div class=\"item-hGGxLi\">\n<div class=\"container-arOxqB chrome70-container\">\n<div class=\"inner-FyM8gE inner-item-swzCut\" data-target-id=\"message-box-target-id\" data-testid=\"union_message\">\n<div class=\"message-block-container-aFugD6\" data-testid=\"message-block-container\">\n<div class=\"flex flex-row w-full w-full max-w-full s-font-base text-s-color-text-secondary p-0 rounded-s-radius-s bg-transparent group data-[attr=select-mode]:-mt-10 data-[attr=select-mode]:py-10 data-[attr=select-mode]:px-16 data-[attr=select-mode]:sm:p-10 data-[attr=select-mode]:hover:bg-s-color-bg-base data-[attr=select-mode]:hover:rounded-s-radius-xs data-[attr=select-mode]:has-[:checked]:bg-s-color-bg-trans data-[attr=select-mode]:has-[:checked]:rounded-s-radius-xs data-[attr=select-mode]:pointer-events-none\" data-testid=\"receive_message\">\n<div class=\"flex flex-col flex-grow max-w-full min-w-0\">\n<div class=\"flex flex-row w-full\" data-testid=\"message_content\" data-message-id=\"17203300335246850\">\n<div class=\"w-full\" data-plugin-identifier=\"Symbol(infra:receive-message-box:text)\">\n<div class=\"container-ZYIsnH flow-markdown-body theme-samantha-Nbr9UN\" dir=\"ltr\" data-testid=\"message_text_content\" data-show-indicator=\"false\">\n<div class=\"auto-hide-last-sibling-br mdbox-table-root table-container-GhL7Lo\" data-scroll-inline-overflow=\"false\" data-scroll-inline-at-start=\"true\" data-scroll-inline-start-overflow=\"false\" data-scroll-inline-at-end=\"true\" data-scroll-inline-end-overflow=\"false\">\n<div class=\"table-scroll-container-hgHkfW mdbox-table-scroll-container\">\n<table>\n<tbody>\n<tr>\n<td><strong>Produktname<\/strong><\/td>\n<td>Sonnenblumenscheibenalkaloide 30%<\/td>\n<\/tr>\n<tr>\n<td><strong>Produktaliase<\/strong><\/td>\n<td>Sonnenblumenbeh\u00e4lter, Sonnenblumenkuchen, Kui Fang (Chinesisches Pinyin), Sonnenblumenscheibe<\/td>\n<\/tr>\n<tr>\n<td><strong>Produktquelle<\/strong><\/td>\n<td>Beh\u00e4lter von\u00a0<em>Helianthus annuus<\/em>\u00a0L. (eine Pflanze aus der Familie der Korbbl\u00fctler).<br class=\"container-utlnW2 wrapper-d0Cc1k undefined\" \/>Ernte &amp; Lagerung: Im Herbst geerntet, die Fr\u00fcchte vollst\u00e4ndig entfernt; frisch oder in der Sonne getrocknet verwendet.<\/td>\n<\/tr>\n<tr>\n<td><strong>Pflanzenmorphologie<\/strong><\/td>\n<td>Einj\u00e4hriges Kraut, 1\u20133\u00a0m hoch. St\u00e4ngel aufrecht, kr\u00e4ftig, mit gut entwickeltem Mark in der Mitte, bedeckt mit dicken, steifen Borsten.<br class=\"container-utlnW2 wrapper-d0Cc1k undefined\" \/>Bl\u00e4tter: Wechselst\u00e4ndig, lang gestielt; Bl\u00e4tter breit-eif\u00f6rmig oder herzf\u00f6rmig-eif\u00f6rmig, 10\u201330 cm+ lang, 8\u201325 cm breit, Spitze zugespitzt\/spitz, Basis herzf\u00f6rmig\/gestutzt, Rand grob ges\u00e4gt, beide Seiten rauh behaart, mit 3 Adern.<br class=\"container-utlnW2 wrapper-d0Cc1k undefined\" \/>Bl\u00fctenstand: Einzelnes endst\u00e4ndiges K\u00f6rbchen, bis zu 35 cm Durchmesser; Deckbl\u00e4tter eif\u00f6rmig\/eif\u00f6rmig-lanzettlich, Spitze schwanzf\u00f6rmig-zugespitzt, mit langen, steifen Borsten bedeckt.<br class=\"container-utlnW2 wrapper-d0Cc1k undefined\" \/>Bl\u00fcten: Weibliche Zungenbl\u00fcten goldgelb, steril; zwittrige R\u00f6hrenbl\u00fcten braun\/violett, fruchtbar; Bl\u00fctenboden flach; Deckbl\u00e4tter h\u00e4utig.<br class=\"container-utlnW2 wrapper-d0Cc1k undefined\" \/>Fr\u00fcchte: Ach\u00e4nen verkehrt eif\u00f6rmig oder eif\u00f6rmig-l\u00e4nglich, leicht abgeflacht, hellgrau\/schwarz; Pappus mit 2 schuppenartigen Grannen, laubabwerfend.<br class=\"container-utlnW2 wrapper-d0Cc1k undefined\" \/>Bl\u00fctezeit: Juni-Juli.<\/td>\n<\/tr>\n<tr>\n<td><strong>Produktdarstellung<\/strong><\/td>\n<td>Braunes Pulver<\/td>\n<\/tr>\n<tr>\n<td><strong>Produktspezifikation<\/strong><\/td>\n<td>30%. Weitere Spezifikationen (20%, 10%) sind auf Anfrage beim Kundendienst erh\u00e4ltlich. Sonderanfertigungen werden unterst\u00fctzt.<\/td>\n<\/tr>\n<tr>\n<td><strong>Testmethode<\/strong><\/td>\n<td>UV<\/td>\n<\/tr>\n<tr>\n<td><strong>Lagerbedingungen<\/strong><\/td>\n<td>Verschlie\u00dfen und vor Licht sch\u00fctzen, hohe Temperaturen vermeiden; an einem trockenen, k\u00fchlen und gut bel\u00fcfteten Ort lagern.<\/td>\n<\/tr>\n<tr>\n<td><strong>Verpackungsmethode<\/strong><\/td>\n<td>Sch\u00fcttgut: 25 kg\/Kartonfass; Kleinproben: 1 kg\/Aluminiumfolienbeutel. Sonderverpackungen sind nach Kundenwunsch m\u00f6glich.<\/td>\n<\/tr>\n<tr>\n<td><strong>Transportmethode<\/strong><\/td>\n<td>Expressversand oder Logistik.<br class=\"container-utlnW2 wrapper-d0Cc1k undefined\" \/>\u2013 Expressversand im Inland: Lieferung innerhalb von 3 Tagen.<br class=\"container-utlnW2 wrapper-d0Cc1k undefined\" \/>\u2013 Logistik: Lieferung innerhalb von 5 Tagen.<br class=\"container-utlnW2 wrapper-d0Cc1k undefined\" \/>In den Angeboten sind grunds\u00e4tzlich die Inlandstransportkosten enthalten.<\/td>\n<\/tr>\n<tr>\n<td><strong>Haltbarkeit<\/strong><\/td>\n<td>2 Jahre<\/td>\n<\/tr>\n<\/tbody>\n<\/table>\n<\/div>\n<\/div>\n<\/div>\n<\/div>\n<\/div>\n<div class=\"answer-action-bar-pgm2JD answer-action-bar flex flex-col justify-end\" data-testid=\"message_action_bar\">\n<div class=\"container-rxM4SW flex flex-row items-start w-full self-center\" data-message-action-bar=\"1\">\n<div class=\"left-Y7jNAM\"><\/div>\n<\/div>\n<\/div>\n<\/div>\n<\/div>\n<\/div>\n<\/div>\n<\/div>\n<\/div>\n<\/div>\n<\/div>\n<div class=\"top-lAPxtl\">\n<div class=\"container-arOxqB chrome70-container\"><\/div>\n<\/div>","protected":false},"excerpt":{"rendered":"<p>Das Produkt \u201eSunflower Disk Alkaloids 30%\u201c enth\u00e4lt die Wirkstoffe 30% und erscheint normalerweise als cremefarbenes bis hellgelbes Pulver. Es hat eine Standardhaltbarkeit von 24 Monaten und verwendet HPLC als Teststandard, um sicherzustellen, dass Inhalt und Qualit\u00e4t der Inhaltsstoffe den Anforderungen entsprechen.<\/p>","protected":false},"featured_media":9757,"comment_status":"closed","ping_status":"closed","template":"","meta":[],"product_brand":[],"product_cat":[17,23],"product_tag":[38],"class_list":{"0":"post-9755","1":"product","2":"type-product","3":"status-publish","4":"has-post-thumbnail","6":"product_cat-plant-extract","7":"product_cat-standard-extract","8":"product_tag-sunflower-disk-alkaloids-30","10":"first","11":"instock","12":"shipping-taxable","13":"product-type-simple"},"_links":{"self":[{"href":"https:\/\/www.hvbio.com\/de\/wp-json\/wp\/v2\/product\/9755","targetHints":{"allow":["GET"]}}],"collection":[{"href":"https:\/\/www.hvbio.com\/de\/wp-json\/wp\/v2\/product"}],"about":[{"href":"https:\/\/www.hvbio.com\/de\/wp-json\/wp\/v2\/types\/product"}],"replies":[{"embeddable":true,"href":"https:\/\/www.hvbio.com\/de\/wp-json\/wp\/v2\/comments?post=9755"}],"wp:featuredmedia":[{"embeddable":true,"href":"https:\/\/www.hvbio.com\/de\/wp-json\/wp\/v2\/media\/9757"}],"wp:attachment":[{"href":"https:\/\/www.hvbio.com\/de\/wp-json\/wp\/v2\/media?parent=9755"}],"wp:term":[{"taxonomy":"product_brand","embeddable":true,"href":"https:\/\/www.hvbio.com\/de\/wp-json\/wp\/v2\/product_brand?post=9755"},{"taxonomy":"product_cat","embeddable":true,"href":"https:\/\/www.hvbio.com\/de\/wp-json\/wp\/v2\/product_cat?post=9755"},{"taxonomy":"product_tag","embeddable":true,"href":"https:\/\/www.hvbio.com\/de\/wp-json\/wp\/v2\/product_tag?post=9755"}],"curies":[{"name":"wp","href":"https:\/\/api.w.org\/{rel}","templated":true}]}}