{"id":9762,"date":"2025-08-21T14:40:57","date_gmt":"2025-08-21T06:40:57","guid":{"rendered":"https:\/\/www.hvbio.com\/?post_type=product&#038;p=9762"},"modified":"2025-08-21T14:40:57","modified_gmt":"2025-08-21T06:40:57","slug":"ginsenosides-80","status":"publish","type":"product","link":"https:\/\/www.hvbio.com\/de\/produkt\/ginsenosides-80\/","title":{"rendered":"Ginsenoside 80%"},"content":{"rendered":"<table style=\"height: 340px;\" width=\"1119\">\n<thead>\n<tr>\n<th><strong>Artikel<\/strong><\/th>\n<th><strong>Details<\/strong><\/th>\n<\/tr>\n<\/thead>\n<tbody>\n<tr>\n<td>Produktname<\/td>\n<td>Ginsenoside 80%<\/td>\n<\/tr>\n<tr>\n<td>Andere Namen<\/td>\n<td>Gesamtginsenoside 80%, Ginseng-Extrakt 80%, Gesamtginsenoside 80% (alternatives chinesisches Schriftzeichen f\u00fcr \u201e\u82f7\u201c)<\/td>\n<\/tr>\n<tr>\n<td>Extraktionsl\u00f6sungsmittel und Altteile<\/td>\n<td>&#8211;\u00a0<strong>Gebrauchtteil<\/strong>: Wurzeln, St\u00e4ngel, Bl\u00e4tter und Fr\u00fcchte von Ginseng (eine Pflanze aus der Familie der Araliengew\u00e4chse)<br class=\"container-utlnW2 wrapper-d0Cc1k undefined\" \/>&#8211;\u00a0<strong>Extraktionsl\u00f6sungsmittel<\/strong>: Enth\u00e4lt normalerweise Wasser und Ethanol<\/td>\n<\/tr>\n<tr>\n<td>Aussehen<\/td>\n<td>Hellgelbes Pulver<\/td>\n<\/tr>\n<tr>\n<td>Nachweismethode<\/td>\n<td>UV (Ultraviolett-Spektrophotometrie)<\/td>\n<\/tr>\n<tr>\n<td>Lagerbedingungen<\/td>\n<td>In einem verschlossenen Beh\u00e4lter an einem k\u00fchlen, trockenen und lichtgesch\u00fctzten Ort aufbewahren. Von W\u00e4rmequellen und feuchten Umgebungen fernhalten.<\/td>\n<\/tr>\n<tr>\n<td>Haltbarkeit<\/td>\n<td>2 Jahre<\/td>\n<\/tr>\n<\/tbody>\n<\/table>","protected":false},"excerpt":{"rendered":"<h4 class=\"header-vfC6AV auto-hide-last-sibling-br\">Produktname<\/h4>\n<ul class=\"auto-hide-last-sibling-br\">\n<li>\n<h4>Ginsenosid 80%<\/h4>\n<\/li>\n<\/ul>\n<h4 class=\"header-vfC6AV auto-hide-last-sibling-br\">Andere Namen<\/h4>\n<ul class=\"auto-hide-last-sibling-br\">\n<li>\n<h4>Gesamt-Ginsenoside 80%<\/h4>\n<\/li>\n<li>\n<h4>Ginseng-Extrakt 80%<\/h4>\n<\/li>\n<li>\n<h4>Gesamt-Ginsenoside 80%<\/h4>\n<\/li>\n<\/ul>\n<h4 class=\"header-vfC6AV auto-hide-last-sibling-br\">Extraktionsl\u00f6sungsmittel und verwendete Teile<\/h4>\n<ul class=\"auto-hide-last-sibling-br\">\n<li>\n<h4>Wird aus den Wurzeln, St\u00e4ngeln, Bl\u00e4ttern und Fr\u00fcchten des Ginsengs gewonnen. Die Extraktionsl\u00f6sungsmittel umfassen \u00fcblicherweise Wasser und Ethanol.<\/h4>\n<\/li>\n<\/ul>\n<h4 class=\"header-vfC6AV auto-hide-last-sibling-br\">Aussehen<\/h4>\n<ul class=\"auto-hide-last-sibling-br\">\n<li>\n<h4>Hellgelbes Pulver<\/h4>\n<\/li>\n<\/ul>\n<h4 class=\"header-vfC6AV auto-hide-last-sibling-br\">Nachweismethode<\/h4>\n<ul class=\"auto-hide-last-sibling-br\">\n<li>\n<h4>UV<\/h4>\n<\/li>\n<\/ul>\n<h4 class=\"header-vfC6AV auto-hide-last-sibling-br\">Kaufhinweis<\/h4>\n<ul class=\"auto-hide-last-sibling-br\">\n<li>\n<h4><strong>Verpackungsmethode<\/strong>: 25 kg\/Fass oder Alufoliensack<\/h4>\n<\/li>\n<li>\n<h4><strong>Lagerbedingungen<\/strong>: Sollte versiegelt und vor Licht gesch\u00fctzt an einem trockenen, k\u00fchlen und gut bel\u00fcfteten Ort gelagert werden.<\/h4>\n<\/li>\n<li>\n<h4><strong>G\u00fcltigkeitsdauer<\/strong>: Zwei Jahre<\/h4>\n<\/li>\n<li>\n<h4><strong>Probe<\/strong>: Im Allgemeinen werden 5 \u2013 20 g Probe kostenlos zur Verf\u00fcgung gestellt, f\u00fcr einige Produkte kann jedoch eine Probegeb\u00fchr erhoben werden.<\/h4>\n<\/li>\n<li>\n<h4><strong>Produktverpackung<\/strong>: Verpackung in F\u00e4ssern oder Aluminiumfolienbeuteln (kann nach Kundenwunsch angepasst werden)<\/h4>\n<\/li>\n<li>\n<h4><strong>Lieferzeit<\/strong>: Nicht kundenspezifische Produkte werden innerhalb von 48 Stunden geliefert, und die Lieferzeit kundenspezifischer Produkte wird an den tats\u00e4chlichen Bedarf angepasst.<\/h4>\n<\/li>\n<li>\n<h4><strong>Verpackungsmethode<\/strong>: 25 kg\/Fass, Aluminiumfolienbeutel. Die Verpackung kann der tats\u00e4chlichen Situation angepasst werden.<\/h4>\n<\/li>\n<li>\n<h4><strong>Transportmethode<\/strong>: Inl\u00e4ndische Expresslogistik, das Angebot beinhaltet die Transportkosten.<\/h4>\n<\/li>\n<li>\n<h4><strong>Lagerbedingungen<\/strong>: Versiegelt und lichtgesch\u00fctzt, trocken, k\u00fchl und gut bel\u00fcftet lagern.<\/h4>\n<\/li>\n<\/ul>","protected":false},"featured_media":9764,"comment_status":"closed","ping_status":"closed","template":"","meta":[],"product_brand":[],"product_cat":[17,23],"product_tag":[],"class_list":{"0":"post-9762","1":"product","2":"type-product","3":"status-publish","4":"has-post-thumbnail","6":"product_cat-plant-extract","7":"product_cat-standard-extract","9":"first","10":"instock","11":"shipping-taxable","12":"product-type-simple"},"_links":{"self":[{"href":"https:\/\/www.hvbio.com\/de\/wp-json\/wp\/v2\/product\/9762","targetHints":{"allow":["GET"]}}],"collection":[{"href":"https:\/\/www.hvbio.com\/de\/wp-json\/wp\/v2\/product"}],"about":[{"href":"https:\/\/www.hvbio.com\/de\/wp-json\/wp\/v2\/types\/product"}],"replies":[{"embeddable":true,"href":"https:\/\/www.hvbio.com\/de\/wp-json\/wp\/v2\/comments?post=9762"}],"wp:featuredmedia":[{"embeddable":true,"href":"https:\/\/www.hvbio.com\/de\/wp-json\/wp\/v2\/media\/9764"}],"wp:attachment":[{"href":"https:\/\/www.hvbio.com\/de\/wp-json\/wp\/v2\/media?parent=9762"}],"wp:term":[{"taxonomy":"product_brand","embeddable":true,"href":"https:\/\/www.hvbio.com\/de\/wp-json\/wp\/v2\/product_brand?post=9762"},{"taxonomy":"product_cat","embeddable":true,"href":"https:\/\/www.hvbio.com\/de\/wp-json\/wp\/v2\/product_cat?post=9762"},{"taxonomy":"product_tag","embeddable":true,"href":"https:\/\/www.hvbio.com\/de\/wp-json\/wp\/v2\/product_tag?post=9762"}],"curies":[{"name":"wp","href":"https:\/\/api.w.org\/{rel}","templated":true}]}}