{"id":9779,"date":"2025-08-22T11:15:08","date_gmt":"2025-08-22T03:15:08","guid":{"rendered":"https:\/\/www.hvbio.com\/?post_type=product&#038;p=9779"},"modified":"2025-08-22T11:15:08","modified_gmt":"2025-08-22T03:15:08","slug":"peanut-red-skin-95","status":"publish","type":"product","link":"https:\/\/www.hvbio.com\/de\/produkt\/peanut-red-skin-95\/","title":{"rendered":"Erdnussrote Haut 95%"},"content":{"rendered":"<table>\n<tbody>\n<tr>\n<td><strong>Produktname<\/strong><\/td>\n<td>Erdnussrote Haut 95%<\/td>\n<\/tr>\n<tr>\n<td><strong>Pflanzenquelle<\/strong><\/td>\n<td>Samenschale von\u00a0<em>Arachis hypogaea L.<\/em>\u00a0(eine Pflanze der Gattung\u00a0<em>Erdn\u00fcsse<\/em>\u00a0aus der Familie der Fabaceae)<\/td>\n<\/tr>\n<tr>\n<td><strong>Alternative Namen<\/strong><\/td>\n<td>Erdnussmantel, Erdnusshaut<\/td>\n<\/tr>\n<tr>\n<td><strong>Wirkstoff<\/strong><\/td>\n<td>Proanthocyanidine<\/td>\n<\/tr>\n<tr>\n<td><strong>Produktinhalt<\/strong><\/td>\n<td>95%<\/td>\n<\/tr>\n<tr>\n<td><strong>Produktcharakter<\/strong><\/td>\n<td>Br\u00e4unlich-rotes feines Pulver; leichtes Aroma; adstringierender und leicht bitterer Geschmack<\/td>\n<\/tr>\n<tr>\n<td><strong>Testmethode<\/strong><\/td>\n<td>HPLC<\/td>\n<\/tr>\n<tr>\n<td><strong>Speichermethode<\/strong><\/td>\n<td>Versiegelt, k\u00fchl und trocken gelagert; vor Feuchtigkeit und Motten gesch\u00fctzt<\/td>\n<\/tr>\n<tr>\n<td><strong>Produktverpackung<\/strong><\/td>\n<td>25 kg\/Kartonfass; 1 kg\/Aluminiumfolienbeutel; oder individuell nach Kundenwunsch<\/td>\n<\/tr>\n<\/tbody>\n<\/table>","protected":false},"excerpt":{"rendered":"<p>Das Produkt Peanut Red Skin 95% enth\u00e4lt den Wirkstoff 95% und erscheint normalerweise als rotes bis dunkelrotes Pulver (Hinweis: F\u00fcr die genaue Farbe k\u00f6nnen die spezifische Farbnummer oder die Testbeschreibung erg\u00e4nzt werden). Es hat eine regul\u00e4re Haltbarkeit von 24 Monaten (abh\u00e4ngig vom Produktverpackungsetikett) und der Teststandard kann sich auf allgemeine Industriemethoden beziehen (wie etwa HPLC-Hochleistungsfl\u00fcssigkeitschromatographie, abh\u00e4ngig vom tats\u00e4chlichen Testplan), wodurch die Reinheit und Qualit\u00e4t der Inhaltsstoffe sichergestellt wird.<\/p>","protected":false},"featured_media":9780,"comment_status":"closed","ping_status":"closed","template":"","meta":[],"product_brand":[],"product_cat":[17,23],"product_tag":[],"class_list":{"0":"post-9779","1":"product","2":"type-product","3":"status-publish","4":"has-post-thumbnail","6":"product_cat-plant-extract","7":"product_cat-standard-extract","9":"first","10":"instock","11":"shipping-taxable","12":"product-type-simple"},"_links":{"self":[{"href":"https:\/\/www.hvbio.com\/de\/wp-json\/wp\/v2\/product\/9779","targetHints":{"allow":["GET"]}}],"collection":[{"href":"https:\/\/www.hvbio.com\/de\/wp-json\/wp\/v2\/product"}],"about":[{"href":"https:\/\/www.hvbio.com\/de\/wp-json\/wp\/v2\/types\/product"}],"replies":[{"embeddable":true,"href":"https:\/\/www.hvbio.com\/de\/wp-json\/wp\/v2\/comments?post=9779"}],"wp:featuredmedia":[{"embeddable":true,"href":"https:\/\/www.hvbio.com\/de\/wp-json\/wp\/v2\/media\/9780"}],"wp:attachment":[{"href":"https:\/\/www.hvbio.com\/de\/wp-json\/wp\/v2\/media?parent=9779"}],"wp:term":[{"taxonomy":"product_brand","embeddable":true,"href":"https:\/\/www.hvbio.com\/de\/wp-json\/wp\/v2\/product_brand?post=9779"},{"taxonomy":"product_cat","embeddable":true,"href":"https:\/\/www.hvbio.com\/de\/wp-json\/wp\/v2\/product_cat?post=9779"},{"taxonomy":"product_tag","embeddable":true,"href":"https:\/\/www.hvbio.com\/de\/wp-json\/wp\/v2\/product_tag?post=9779"}],"curies":[{"name":"wp","href":"https:\/\/api.w.org\/{rel}","templated":true}]}}